{"id":2921,"date":"2023-12-13T18:02:15","date_gmt":"2023-12-13T17:02:15","guid":{"rendered":"http:\/\/localhost\/energycer.codeart.studio\/project\/reference\/solar-and-wind-power\/"},"modified":"2023-12-14T14:55:22","modified_gmt":"2023-12-14T13:55:22","slug":"solarna-energija-i-energija-vjetra","status":"publish","type":"page","link":"https:\/\/energycer.com\/hr\/reference\/solarna-energija-i-energija-vjetra\/","title":{"rendered":"Solarna energija i energija vjetra"},"content":{"rendered":"\n<h2 class=\"wp-block-heading\">Na\u0161e reference u proizvodnji energije vjetra i solarne energije<\/h2>\n\n\n\n<p>Od po\u010detne procjene i analize projekta do pu\u0161tanja postrojenja u pogon &#8211; Nudimo cjelovitu uslugu koja uklju\u010duje sve faze razvoja projekta. Usluge uklju\u010duju identifikaciju podru\u010dja s najpovoljnijim uvjetima za razvoj postrojenja, isho\u0111enje dozvola, izradu potrebnih studija te kompletne usluge projektiranja.<\/p>\n\n\n\n<p>Na\u0161 \u0161iroki raspon aktivnosti u proizvodnji energije vjetra uklju\u010duje inovacije, istra\u017eivanje i razvoj, in\u017eenjersku i projektnu dokumentaciju te upravljanje projektima i klju\u010d u ruke.<\/p>\n\n\n\n<p>CER nudi energetska rje\u0161enja prikladna za svaku vrstu objekata, kako u javnom sektoru &#8211; bolnice, \u0161kole, lokalna uprava &#8211; tako i u privatnom sektoru &#8211; hoteli, teretane, trgova\u010dki centri i sli\u010dni objekti. Na\u0161e reference uklju\u010duju uspje\u0161ne projekte u ve\u0107ini od navedenih.<\/p>\n\n\n\n<p>S na\u0161im visoko kvalificiranim stru\u010dnjacima, opse\u017enim iskustvom, proizvodima svjetskih proizvo\u0111a\u010da i dokazanom evidencijom uspje\u0161nih projekata iza nas, mo\u017eemo jam\u010diti rje\u0161enje za gotovo svaku vrstu projekta bez obzira na njegovu veli\u010dinu i slo\u017eenost.<\/p>\n\n\n\n<h2 class=\"wp-block-heading\">Provedeni projekti<\/h2>\n\n\n\n<hr class=\"wp-block-separator has-alpha-channel-opacity\"\/>\n\n\n\n<div style=\"height:40px\" aria-hidden=\"true\" class=\"wp-block-spacer\"><\/div>\n\n\n\n<ul>\n<li>Posebno se isti\u010de elektroenergetski projekt u vjetroelektrani HIGUERELA koja je u kona\u010dnoj verziji imala 244 vjetroagregata i ukupno instalirano 161 MW energije.&nbsp;Dugo je to bio najve\u0107i elektroenergetski kompleks na svijetu.<\/li>\n\n\n\n<li>Sudjelovanje u izgradnji raznih vjetroelektrana u \u0160panjolskoj instalirane snage ve\u0107e od 1.200 MW<\/li>\n\n\n\n<li>Izvedeni projekti vjetroelektrana u Hrvatskoj &#8211; 145 MW;\n<ul>\n<li>Kompletna in\u017eenjerska dokumentacija<\/li>\n\n\n\n<li>Dozvole do faze &#8220;Spremno za gradnju&#8221;<\/li>\n<\/ul>\n<\/li>\n\n\n\n<li>In\u017eenjering i izrada projektne dokumentacije za prijenosnu trafostanicu x\/110<\/li>\n\n\n\n<li>Izgradnja i rekonstrukcija DV DV 110 kV<\/li>\n<\/ul>\n\n\n\n<figure class=\"wp-block-gallery has-nested-images columns-default is-cropped wp-block-gallery-1 is-layout-flex wp-block-gallery-is-layout-flex\">\n<figure class=\"wp-block-image size-wordpress-medium-gallery\"><a href=\"http:\/\/energycer.com\/cms\/wp-content\/uploads\/2023\/12\/parque-eolico-jelinak-acciona.jpg\" data-rel=\"lightbox-image-0\" data-rl_title=\"\" data-rl_caption=\"\" title=\"\"><img loading=\"lazy\" decoding=\"async\" width=\"500\" height=\"350\" data-id=\"2408\" src=\"http:\/\/energycer.com\/cms\/wp-content\/uploads\/2023\/12\/parque-eolico-jelinak-acciona-500x350.jpg\" alt=\"\" class=\"wp-image-2408\"\/><\/a><\/figure>\n\n\n\n<figure class=\"wp-block-image size-wordpress-medium-gallery\"><a href=\"http:\/\/energycer.com\/cms\/wp-content\/uploads\/2023\/12\/HIGUERUELA-la-mancha-press_09-1-1.jpg\" data-rel=\"lightbox-image-1\" data-rl_title=\"\" data-rl_caption=\"\" title=\"\"><img loading=\"lazy\" decoding=\"async\" width=\"500\" height=\"350\" data-id=\"2407\" src=\"http:\/\/energycer.com\/cms\/wp-content\/uploads\/2023\/12\/HIGUERUELA-la-mancha-press_09-1-1-500x350.jpg\" alt=\"\" class=\"wp-image-2407\"\/><\/a><\/figure>\n\n\n\n<figure class=\"wp-block-image size-wordpress-medium-gallery\"><a href=\"http:\/\/energycer.com\/cms\/wp-content\/uploads\/2023\/12\/Lancaster-California-Dva-jednaka-fotonaponska-postrojenja-od-15-MW-AC.-Projekt-izveden-po-sistemu-EPC.jpg\" data-rel=\"lightbox-image-2\" data-rl_title=\"\" data-rl_caption=\"\" title=\"\"><img loading=\"lazy\" decoding=\"async\" width=\"500\" height=\"350\" data-id=\"2314\" src=\"http:\/\/energycer.com\/cms\/wp-content\/uploads\/2023\/12\/Lancaster-California-Dva-jednaka-fotonaponska-postrojenja-od-15-MW-AC.-Projekt-izveden-po-sistemu-EPC-500x350.jpg\" alt=\"\" class=\"wp-image-2314\"\/><\/a><\/figure>\n<\/figure>\n\n\n\n<div style=\"height:40px\" aria-hidden=\"true\" class=\"wp-block-spacer\"><\/div>\n\n\n\n<h2 class=\"wp-block-heading\"><strong>Inovacija<\/strong><\/h2>\n\n\n\n<hr class=\"wp-block-separator has-alpha-channel-opacity\"\/>\n\n\n\n<div style=\"height:40px\" aria-hidden=\"true\" class=\"wp-block-spacer\"><\/div>\n\n\n\n<ul>\n<li>Inovacija implementirana na me\u0111unarodnoj razini \u2013 dizajn i pozicioniranje SN transformatora u tornju vjetroturbine.&nbsp;Revolucionarna inovacija koja je postala standard u proizvodnji vjetroturbina.<\/li>\n\n\n\n<li>Postavljanje i vo\u0111enje proizvodnje stupova za Brodosplit dd za AWP (Approved Written Procedures) vjetroturbine u Republici Hrvatskoj.<\/li>\n\n\n\n<li>Razvoj i implementacija Waste to Energy tehnologija temeljenih na jedinstvenom &#8220;know-how&#8221;.<\/li>\n\n\n\n<li>Tehnologija za gorivo dobiveno iz otpada: RDF\/SRF, mulj, agro otpad, itd.<\/li>\n\n\n\n<li>WEDISTRICT \u2013 projektiranje i razvoj napredne tehnologije za daljinsko grijanje na biomasu u sklopu EU projekta.<\/li>\n\n\n\n<li>Implementacija Glock \u00d6koenergie sustava \u2013 revolucionarna tehnologija za plinofikaciju drva.<\/li>\n<\/ul>\n\n\n\n<figure class=\"wp-block-gallery has-nested-images columns-default is-cropped wp-block-gallery-2 is-layout-flex wp-block-gallery-is-layout-flex\">\n<figure class=\"wp-block-image size-wordpress-medium-gallery\"><a href=\"http:\/\/energycer.com\/cms\/wp-content\/uploads\/2023\/12\/vjetro-stup-2-pillar-for-windturbine.jpg\" data-rel=\"lightbox-image-3\" data-rl_title=\"\" data-rl_caption=\"\" title=\"\"><img loading=\"lazy\" decoding=\"async\" width=\"500\" height=\"350\" data-id=\"2328\" src=\"http:\/\/energycer.com\/cms\/wp-content\/uploads\/2023\/12\/vjetro-stup-2-pillar-for-windturbine-500x350.jpg\" alt=\"\" class=\"wp-image-2328\"\/><\/a><\/figure>\n\n\n\n<figure class=\"wp-block-image size-wordpress-medium-gallery\"><a href=\"http:\/\/energycer.com\/cms\/wp-content\/uploads\/2023\/12\/Izrezak.png\" data-rel=\"lightbox-image-4\" data-rl_title=\"\" data-rl_caption=\"\" title=\"\"><img loading=\"lazy\" decoding=\"async\" width=\"500\" height=\"350\" data-id=\"2412\" src=\"http:\/\/energycer.com\/cms\/wp-content\/uploads\/2023\/12\/Izrezak-500x350.png\" alt=\"\" class=\"wp-image-2412\"\/><\/a><\/figure>\n\n\n\n<figure class=\"wp-block-image size-wordpress-medium-gallery\"><a href=\"http:\/\/energycer.com\/cms\/wp-content\/uploads\/2023\/12\/Glock-pyrogassifier-low-002.jpg\" data-rel=\"lightbox-image-5\" data-rl_title=\"\" data-rl_caption=\"\" title=\"\"><img loading=\"lazy\" decoding=\"async\" width=\"500\" height=\"350\" data-id=\"2413\" src=\"http:\/\/energycer.com\/cms\/wp-content\/uploads\/2023\/12\/Glock-pyrogassifier-low-002-500x350.jpg\" alt=\"\" class=\"wp-image-2413\"\/><\/a><\/figure>\n<\/figure>\n\n\n\n<div style=\"height:40px\" aria-hidden=\"true\" class=\"wp-block-spacer\"><\/div>\n\n\n\n<h2 class=\"wp-block-heading\"><strong>Istra\u017eivanje i razvoj<\/strong><\/h2>\n\n\n\n<hr class=\"wp-block-separator has-alpha-channel-opacity\"\/>\n\n\n\n<div style=\"height:40px\" aria-hidden=\"true\" class=\"wp-block-spacer\"><\/div>\n\n\n\n<ul>\n<li>Izrada projektne dokumentacije za strate\u0161ku vjetroelektranu snage 2.500 MW u Castilla La Mancha, \u0160panjolska.&nbsp;ENERGIAS EOLICAS EUROPEAS (IBERDROLA).<\/li>\n\n\n\n<li>Od 2020. pokrenut proces istra\u017eivanja i analize potencijala vjetroelektrana u Hrvatskoj na vi\u0161e od 64 lokacije \u2013 2.500 Mw.&nbsp;Proveli smo istra\u017eivanje i preliminarni razvoj lokacija.<\/li>\n\n\n\n<li>Najve\u0107a mre\u017ea mjernih postaja;&nbsp;Postavio i provodio mjerenja i istra\u017eivanja u razdoblju od 2002. do 2015. s najve\u0107om privatnom mre\u017eom mjernih postaja u Hrvatskoj.<\/li>\n\n\n\n<li>17 projekata razli\u010ditih vrsta \u2013 744 MW.&nbsp;Vo\u0111enje projekta od faze analize lokacije do isho\u0111enja &#8220;Preliminarnog energetskog odobrenja&#8221;.<\/li>\n\n\n\n<li>Upravljanje projektom Vjetroelektrane Kupres &#8211; BiH 54 MW do faze &#8220;spremno za izgradnju&#8221;.<\/li>\n\n\n\n<li>Sudjelovao u prvim solarnim fotonaponskim i termosolarnim projektima u \u0160panjolskoj i Hrvatskoj.<\/li>\n<\/ul>\n\n\n\n<figure class=\"wp-block-gallery has-nested-images columns-default is-cropped wp-block-gallery-3 is-layout-flex wp-block-gallery-is-layout-flex\">\n<figure class=\"wp-block-image size-wordpress-medium-gallery\"><a href=\"http:\/\/energycer.com\/cms\/wp-content\/uploads\/2023\/12\/RIFIUTI-OPSEDALIERI-IMMAGINE-AA-002.jpg\" data-rel=\"lightbox-image-6\" data-rl_title=\"\" data-rl_caption=\"\" title=\"\"><img loading=\"lazy\" decoding=\"async\" width=\"500\" height=\"350\" data-id=\"2414\" src=\"http:\/\/energycer.com\/cms\/wp-content\/uploads\/2023\/12\/RIFIUTI-OPSEDALIERI-IMMAGINE-AA-002-500x350.jpg\" alt=\"\" class=\"wp-image-2414\"\/><\/a><\/figure>\n\n\n\n<figure class=\"wp-block-image size-wordpress-medium-gallery\"><a href=\"http:\/\/energycer.com\/cms\/wp-content\/uploads\/2023\/12\/parque-eolico-higueruela-castilla-la-mancha-1.jpg\" data-rel=\"lightbox-image-7\" data-rl_title=\"\" data-rl_caption=\"\" title=\"\"><img loading=\"lazy\" decoding=\"async\" width=\"500\" height=\"350\" data-id=\"2415\" src=\"http:\/\/energycer.com\/cms\/wp-content\/uploads\/2023\/12\/parque-eolico-higueruela-castilla-la-mancha-1-500x350.jpg\" alt=\"\" class=\"wp-image-2415\"\/><\/a><\/figure>\n\n\n\n<figure class=\"wp-block-image size-wordpress-medium-gallery\"><a href=\"http:\/\/energycer.com\/cms\/wp-content\/uploads\/2023\/12\/Dhofar-Oman-Vjetropark-Dhofar-50-MW-Projekt-realiziran-po-sistemu-EPC.png\" data-rel=\"lightbox-image-8\" data-rl_title=\"\" data-rl_caption=\"\" title=\"\"><img loading=\"lazy\" decoding=\"async\" width=\"500\" height=\"350\" data-id=\"2416\" src=\"http:\/\/energycer.com\/cms\/wp-content\/uploads\/2023\/12\/Dhofar-Oman-Vjetropark-Dhofar-50-MW-Projekt-realiziran-po-sistemu-EPC-500x350.png\" alt=\"\" class=\"wp-image-2416\"\/><\/a><\/figure>\n<\/figure>\n\n\n\n<div style=\"height:40px\" aria-hidden=\"true\" class=\"wp-block-spacer\"><\/div>\n\n\n\n<h2 class=\"wp-block-heading\">Upravljanje projektima i klju\u010d u ruke<\/h2>\n\n\n\n<hr class=\"wp-block-separator has-alpha-channel-opacity\"\/>\n\n\n\n<div style=\"height:40px\" aria-hidden=\"true\" class=\"wp-block-spacer\"><\/div>\n\n\n\n<ul>\n<li>Upravljanje investicijskim projektima do 150 milijuna eura vrijednosti<\/li>\n\n\n\n<li>PM u energetskim projektima u fazi pripreme, izgradnje i pu\u0161tanja u pogon ili rje\u0161enja po principu klju\u010d u ruke<\/li>\n\n\n\n<li>PM u izgradnji dalekovoda trafostanice x\/110 kV<\/li>\n\n\n\n<li>PM u izgradnji i rekonstrukciji dalekovoda do 110 kV<\/li>\n\n\n\n<li>Upravljanje i odr\u017eavanje trafostanica do 110 kV naponske razine<\/li>\n\n\n\n<li>Upravljanje i razvoj sustava odr\u017eavanja vjetroelektrana\n<ul>\n<li>Razvoj i implementacija inovativnog sustava odr\u017eavanja 110 kV \u2013 24 h terenskog odr\u017eavanja<\/li>\n\n\n\n<li>99% raspolo\u017eivosti WF postrojenja \u2013 najproduktivnije rje\u0161enje u sustavu ve\u0107em od 10.000 MW<\/li>\n<\/ul>\n<\/li>\n<\/ul>\n","protected":false},"excerpt":{"rendered":"<p>Na\u0161e reference u proizvodnji energije vjetra i solarne energije Od po\u010detne procjene i analize projekta do pu\u0161tanja postrojenja u pogon &#8211; Nudimo cjelovitu uslugu koja uklju\u010duje sve faze razvoja projekta. Usluge uklju\u010duju identifikaciju podru\u010dja s najpovoljnijim uvjetima za razvoj postrojenja, isho\u0111enje dozvola, izradu potrebnih studija te kompletne usluge projektiranja. Na\u0161 \u0161iroki raspon aktivnosti u proizvodnji&hellip;<\/p>\n","protected":false},"author":1,"featured_media":2684,"parent":2720,"menu_order":0,"comment_status":"closed","ping_status":"closed","template":"","meta":{"footnotes":""},"acf":[],"yoast_head":"<!-- This site is optimized with the Yoast SEO plugin v21.7 - https:\/\/yoast.com\/wordpress\/plugins\/seo\/ -->\n<title>Solarna energija i energija vjetra - Circular Energy Resources Ltd.<\/title>\n<meta name=\"description\" content=\"Na\u0161e reference u proizvodnji energije vjetra i solarne energije Od po\u010detne procjene i analize projekta do pu\u0161tanja postrojenja u pogon - Nudimo cjelovitu\" \/>\n<meta name=\"robots\" content=\"index, follow, max-snippet:-1, max-image-preview:large, max-video-preview:-1\" \/>\n<link rel=\"canonical\" href=\"https:\/\/energycer.com\/hr\/reference\/solarna-energija-i-energija-vjetra\/\" \/>\n<meta property=\"og:locale\" content=\"hr_HR\" \/>\n<meta property=\"og:type\" content=\"article\" \/>\n<meta property=\"og:title\" content=\"Solarna energija i energija vjetra - Circular Energy Resources Ltd.\" \/>\n<meta property=\"og:description\" content=\"Na\u0161e reference u proizvodnji energije vjetra i solarne energije Od po\u010detne procjene i analize projekta do pu\u0161tanja postrojenja u pogon - Nudimo cjelovitu\" \/>\n<meta property=\"og:url\" content=\"https:\/\/energycer.com\/hr\/reference\/solarna-energija-i-energija-vjetra\/\" \/>\n<meta property=\"og:site_name\" content=\"Circular Energy Resources Ltd.\" \/>\n<meta property=\"article:modified_time\" content=\"2023-12-14T13:55:22+00:00\" \/>\n<meta property=\"og:image\" content=\"https:\/\/energycer.com\/cms\/wp-content\/uploads\/2023\/12\/HIGUERUELA-la-mancha-press_09-1-1.jpg\" \/>\n\t<meta property=\"og:image:width\" content=\"920\" \/>\n\t<meta property=\"og:image:height\" content=\"613\" \/>\n\t<meta property=\"og:image:type\" content=\"image\/jpeg\" \/>\n<meta name=\"twitter:card\" content=\"summary_large_image\" \/>\n<meta name=\"twitter:label1\" content=\"Procijenjeno vrijeme \u010ditanja\" \/>\n\t<meta name=\"twitter:data1\" content=\"4 minute\" \/>\n<script type=\"application\/ld+json\" class=\"yoast-schema-graph\">{\"@context\":\"https:\/\/schema.org\",\"@graph\":[{\"@type\":\"WebPage\",\"@id\":\"https:\/\/energycer.com\/hr\/reference\/solarna-energija-i-energija-vjetra\/\",\"url\":\"https:\/\/energycer.com\/hr\/reference\/solarna-energija-i-energija-vjetra\/\",\"name\":\"Solarna energija i energija vjetra - Circular Energy Resources Ltd.\",\"isPartOf\":{\"@id\":\"https:\/\/energycer.com\/#website\"},\"datePublished\":\"2023-12-13T17:02:15+00:00\",\"dateModified\":\"2023-12-14T13:55:22+00:00\",\"description\":\"Na\u0161e reference u proizvodnji energije vjetra i solarne energije Od po\u010detne procjene i analize projekta do pu\u0161tanja postrojenja u pogon - Nudimo cjelovitu\",\"breadcrumb\":{\"@id\":\"https:\/\/energycer.com\/hr\/reference\/solarna-energija-i-energija-vjetra\/#breadcrumb\"},\"inLanguage\":\"hr\",\"potentialAction\":[{\"@type\":\"ReadAction\",\"target\":[\"https:\/\/energycer.com\/hr\/reference\/solarna-energija-i-energija-vjetra\/\"]}]},{\"@type\":\"BreadcrumbList\",\"@id\":\"https:\/\/energycer.com\/hr\/reference\/solarna-energija-i-energija-vjetra\/#breadcrumb\",\"itemListElement\":[{\"@type\":\"ListItem\",\"position\":1,\"name\":\"\",\"item\":\"https:\/\/energycer.com\/hr\/\"},{\"@type\":\"ListItem\",\"position\":2,\"name\":\"Reference\",\"item\":\"https:\/\/energycer.com\/hr\/reference\/\"},{\"@type\":\"ListItem\",\"position\":3,\"name\":\"Solarna energija i energija vjetra\"}]},{\"@type\":\"WebSite\",\"@id\":\"https:\/\/energycer.com\/#website\",\"url\":\"https:\/\/energycer.com\/\",\"name\":\"Circular Energy Resources Ltd.\",\"description\":\"\",\"potentialAction\":[{\"@type\":\"SearchAction\",\"target\":{\"@type\":\"EntryPoint\",\"urlTemplate\":\"https:\/\/energycer.com\/?s={search_term_string}\"},\"query-input\":\"required name=search_term_string\"}],\"inLanguage\":\"hr\"}]}<\/script>\n<!-- \/ Yoast SEO plugin. -->","yoast_head_json":{"title":"Solarna energija i energija vjetra - Circular Energy Resources Ltd.","description":"Na\u0161e reference u proizvodnji energije vjetra i solarne energije Od po\u010detne procjene i analize projekta do pu\u0161tanja postrojenja u pogon - Nudimo cjelovitu","robots":{"index":"index","follow":"follow","max-snippet":"max-snippet:-1","max-image-preview":"max-image-preview:large","max-video-preview":"max-video-preview:-1"},"canonical":"https:\/\/energycer.com\/hr\/reference\/solarna-energija-i-energija-vjetra\/","og_locale":"hr_HR","og_type":"article","og_title":"Solarna energija i energija vjetra - Circular Energy Resources Ltd.","og_description":"Na\u0161e reference u proizvodnji energije vjetra i solarne energije Od po\u010detne procjene i analize projekta do pu\u0161tanja postrojenja u pogon - Nudimo cjelovitu","og_url":"https:\/\/energycer.com\/hr\/reference\/solarna-energija-i-energija-vjetra\/","og_site_name":"Circular Energy Resources Ltd.","article_modified_time":"2023-12-14T13:55:22+00:00","og_image":[{"width":920,"height":613,"url":"https:\/\/energycer.com\/cms\/wp-content\/uploads\/2023\/12\/HIGUERUELA-la-mancha-press_09-1-1.jpg","type":"image\/jpeg"}],"twitter_card":"summary_large_image","twitter_misc":{"Procijenjeno vrijeme \u010ditanja":"4 minute"},"schema":{"@context":"https:\/\/schema.org","@graph":[{"@type":"WebPage","@id":"https:\/\/energycer.com\/hr\/reference\/solarna-energija-i-energija-vjetra\/","url":"https:\/\/energycer.com\/hr\/reference\/solarna-energija-i-energija-vjetra\/","name":"Solarna energija i energija vjetra - Circular Energy Resources Ltd.","isPartOf":{"@id":"https:\/\/energycer.com\/#website"},"datePublished":"2023-12-13T17:02:15+00:00","dateModified":"2023-12-14T13:55:22+00:00","description":"Na\u0161e reference u proizvodnji energije vjetra i solarne energije Od po\u010detne procjene i analize projekta do pu\u0161tanja postrojenja u pogon - Nudimo cjelovitu","breadcrumb":{"@id":"https:\/\/energycer.com\/hr\/reference\/solarna-energija-i-energija-vjetra\/#breadcrumb"},"inLanguage":"hr","potentialAction":[{"@type":"ReadAction","target":["https:\/\/energycer.com\/hr\/reference\/solarna-energija-i-energija-vjetra\/"]}]},{"@type":"BreadcrumbList","@id":"https:\/\/energycer.com\/hr\/reference\/solarna-energija-i-energija-vjetra\/#breadcrumb","itemListElement":[{"@type":"ListItem","position":1,"name":"","item":"https:\/\/energycer.com\/hr\/"},{"@type":"ListItem","position":2,"name":"Reference","item":"https:\/\/energycer.com\/hr\/reference\/"},{"@type":"ListItem","position":3,"name":"Solarna energija i energija vjetra"}]},{"@type":"WebSite","@id":"https:\/\/energycer.com\/#website","url":"https:\/\/energycer.com\/","name":"Circular Energy Resources Ltd.","description":"","potentialAction":[{"@type":"SearchAction","target":{"@type":"EntryPoint","urlTemplate":"https:\/\/energycer.com\/?s={search_term_string}"},"query-input":"required name=search_term_string"}],"inLanguage":"hr"}]}},"_links":{"self":[{"href":"https:\/\/energycer.com\/hr\/wp-json\/wp\/v2\/pages\/2921"}],"collection":[{"href":"https:\/\/energycer.com\/hr\/wp-json\/wp\/v2\/pages"}],"about":[{"href":"https:\/\/energycer.com\/hr\/wp-json\/wp\/v2\/types\/page"}],"author":[{"embeddable":true,"href":"https:\/\/energycer.com\/hr\/wp-json\/wp\/v2\/users\/1"}],"replies":[{"embeddable":true,"href":"https:\/\/energycer.com\/hr\/wp-json\/wp\/v2\/comments?post=2921"}],"version-history":[{"count":2,"href":"https:\/\/energycer.com\/hr\/wp-json\/wp\/v2\/pages\/2921\/revisions"}],"predecessor-version":[{"id":2924,"href":"https:\/\/energycer.com\/hr\/wp-json\/wp\/v2\/pages\/2921\/revisions\/2924"}],"up":[{"embeddable":true,"href":"https:\/\/energycer.com\/hr\/wp-json\/wp\/v2\/pages\/2720"}],"wp:featuredmedia":[{"embeddable":true,"href":"https:\/\/energycer.com\/hr\/wp-json\/wp\/v2\/media\/2684"}],"wp:attachment":[{"href":"https:\/\/energycer.com\/hr\/wp-json\/wp\/v2\/media?parent=2921"}],"curies":[{"name":"wp","href":"https:\/\/api.w.org\/{rel}","templated":true}]}}