{"id":2915,"date":"2023-12-13T18:07:53","date_gmt":"2023-12-13T17:07:53","guid":{"rendered":"http:\/\/localhost\/energycer.codeart.studio\/project\/reference\/construction-and-sustainability\/"},"modified":"2023-12-14T14:52:35","modified_gmt":"2023-12-14T13:52:35","slug":"izgradnja-i-odrzivost","status":"publish","type":"page","link":"https:\/\/energycer.com\/hr\/reference\/izgradnja-i-odrzivost\/","title":{"rendered":"Izgradnja i odr\u017eivost"},"content":{"rendered":"\n<p><strong>U sektoru izgradnje i odr\u017eivosti imamo kombinirani portfelj referenci s na\u0161im partnerima koji uklju\u010duje \u0161iroku lepezu uspje\u0161nih projekata u podru\u010djima gra\u0111evinarstva i arhitekture.<\/strong><\/p>\n\n\n\n<h2 class=\"wp-block-heading\">Arhitektonski projekti<\/h2>\n\n\n\n<hr class=\"wp-block-separator has-alpha-channel-opacity\"\/>\n\n\n\n<div style=\"height:40px\" aria-hidden=\"true\" class=\"wp-block-spacer\"><\/div>\n\n\n\n<ul>\n<li>Izgradnja Zra\u010dne luke Dubrovnik &#8211; II faza<\/li>\n\n\n\n<li>Izgradnja glavnog vodnog laboratorija i upravne zgrade Hrvatskog vodoprivrednog poduze\u0107a<\/li>\n\n\n\n<li>Rekonstrukcija Grand hotela Park<\/li>\n\n\n\n<li>Konzalting i glavni in\u017eenjer nadzora stambenih zgrada i poslovnih kompleksa u Hrvatskoj<\/li>\n\n\n\n<li>Razvoj projekta Poliklinike Medikol u Zagrebu<\/li>\n<\/ul>\n\n\n\n<figure class=\"wp-block-gallery has-nested-images columns-default is-cropped wp-block-gallery-1 is-layout-flex wp-block-gallery-is-layout-flex\">\n<figure class=\"wp-block-image size-wordpress-medium-gallery\"><a href=\"http:\/\/energycer.com\/cms\/wp-content\/uploads\/2023\/12\/slika-1.jpg\" data-rel=\"lightbox-image-0\" data-rl_title=\"\" data-rl_caption=\"\" title=\"\"><img loading=\"lazy\" decoding=\"async\" width=\"500\" height=\"350\" data-id=\"2421\" src=\"http:\/\/energycer.com\/cms\/wp-content\/uploads\/2023\/12\/slika-1-500x350.jpg\" alt=\"\" class=\"wp-image-2421\"\/><\/a><\/figure>\n\n\n\n<figure class=\"wp-block-image size-wordpress-medium-gallery\"><a href=\"http:\/\/energycer.com\/cms\/wp-content\/uploads\/2023\/12\/slika-2.jpg\" data-rel=\"lightbox-image-1\" data-rl_title=\"\" data-rl_caption=\"\" title=\"\"><img loading=\"lazy\" decoding=\"async\" width=\"500\" height=\"350\" data-id=\"2424\" src=\"http:\/\/energycer.com\/cms\/wp-content\/uploads\/2023\/12\/slika-2-500x350.jpg\" alt=\"\" class=\"wp-image-2424\"\/><\/a><\/figure>\n\n\n\n<figure class=\"wp-block-image size-wordpress-medium-gallery\"><a href=\"http:\/\/energycer.com\/cms\/wp-content\/uploads\/2023\/12\/slika-3.jpg\" data-rel=\"lightbox-image-2\" data-rl_title=\"\" data-rl_caption=\"\" title=\"\"><img loading=\"lazy\" decoding=\"async\" width=\"500\" height=\"350\" data-id=\"2425\" src=\"http:\/\/energycer.com\/cms\/wp-content\/uploads\/2023\/12\/slika-3-500x350.jpg\" alt=\"\" class=\"wp-image-2425\"\/><\/a><\/figure>\n<\/figure>\n\n\n\n<div style=\"height:40px\" aria-hidden=\"true\" class=\"wp-block-spacer\"><\/div>\n\n\n\n<h2 class=\"wp-block-heading\"><strong>Niskogradnja<\/strong><\/h2>\n\n\n\n<hr class=\"wp-block-separator has-alpha-channel-opacity\"\/>\n\n\n\n<div style=\"height:40px\" aria-hidden=\"true\" class=\"wp-block-spacer\"><\/div>\n\n\n\n<ul>\n<li>Upravljanje projektima za ure\u0111aje za pro\u010di\u0161\u0107avanje vode u Slavonskom Brodu, Koprivnici i Hrvatskom zagorju<\/li>\n\n\n\n<li>Vo\u0111enje projekta Magistralni vodovod Hrmotine Karlobag<\/li>\n\n\n\n<li>Rekonstrukcija crpne stanice u sklopu sustava za\u0161tite od poplava<\/li>\n<\/ul>\n","protected":false},"excerpt":{"rendered":"<p>U sektoru izgradnje i odr\u017eivosti imamo kombinirani portfelj referenci s na\u0161im partnerima koji uklju\u010duje \u0161iroku lepezu uspje\u0161nih projekata u podru\u010djima gra\u0111evinarstva i arhitekture. Arhitektonski projekti Niskogradnja<\/p>\n","protected":false},"author":1,"featured_media":2691,"parent":2720,"menu_order":0,"comment_status":"closed","ping_status":"closed","template":"","meta":{"footnotes":""},"acf":[],"yoast_head":"<!-- This site is optimized with the Yoast SEO plugin v21.7 - https:\/\/yoast.com\/wordpress\/plugins\/seo\/ -->\n<title>Izgradnja i odr\u017eivost - Circular Energy Resources Ltd.<\/title>\n<meta name=\"description\" content=\"U sektoru izgradnje i odr\u017eivosti imamo kombinirani portfelj referenci s na\u0161im partnerima koji uklju\u010duje \u0161iroku lepezu uspje\u0161nih projekata u podru\u010djima\" \/>\n<meta name=\"robots\" content=\"index, follow, max-snippet:-1, max-image-preview:large, max-video-preview:-1\" \/>\n<link rel=\"canonical\" href=\"https:\/\/energycer.com\/references\/construction-and-sustainability\/\" \/>\n<meta property=\"og:locale\" content=\"hr_HR\" \/>\n<meta property=\"og:type\" content=\"article\" \/>\n<meta property=\"og:title\" content=\"Izgradnja i odr\u017eivost - Circular Energy Resources Ltd.\" \/>\n<meta property=\"og:description\" content=\"U sektoru izgradnje i odr\u017eivosti imamo kombinirani portfelj referenci s na\u0161im partnerima koji uklju\u010duje \u0161iroku lepezu uspje\u0161nih projekata u podru\u010djima\" \/>\n<meta property=\"og:url\" content=\"https:\/\/energycer.com\/references\/construction-and-sustainability\/\" \/>\n<meta property=\"og:site_name\" content=\"Circular Energy Resources Ltd.\" \/>\n<meta property=\"article:modified_time\" content=\"2023-12-14T13:52:35+00:00\" \/>\n<meta property=\"og:image\" content=\"https:\/\/energycer.com\/cms\/wp-content\/uploads\/2023\/12\/slika-1.jpg\" \/>\n\t<meta property=\"og:image:width\" content=\"1600\" \/>\n\t<meta property=\"og:image:height\" content=\"900\" \/>\n\t<meta property=\"og:image:type\" content=\"image\/jpeg\" \/>\n<meta name=\"twitter:card\" content=\"summary_large_image\" \/>\n<meta name=\"twitter:label1\" content=\"Procijenjeno vrijeme \u010ditanja\" \/>\n\t<meta name=\"twitter:data1\" content=\"2 minute\" \/>\n<script type=\"application\/ld+json\" class=\"yoast-schema-graph\">{\"@context\":\"https:\/\/schema.org\",\"@graph\":[{\"@type\":\"WebPage\",\"@id\":\"https:\/\/energycer.com\/references\/construction-and-sustainability\/\",\"url\":\"https:\/\/energycer.com\/references\/construction-and-sustainability\/\",\"name\":\"Izgradnja i odr\u017eivost - Circular Energy Resources Ltd.\",\"isPartOf\":{\"@id\":\"https:\/\/energycer.com\/#website\"},\"datePublished\":\"2023-12-13T17:07:53+00:00\",\"dateModified\":\"2023-12-14T13:52:35+00:00\",\"description\":\"U sektoru izgradnje i odr\u017eivosti imamo kombinirani portfelj referenci s na\u0161im partnerima koji uklju\u010duje \u0161iroku lepezu uspje\u0161nih projekata u podru\u010djima\",\"breadcrumb\":{\"@id\":\"https:\/\/energycer.com\/references\/construction-and-sustainability\/#breadcrumb\"},\"inLanguage\":\"hr\",\"potentialAction\":[{\"@type\":\"ReadAction\",\"target\":[\"https:\/\/energycer.com\/references\/construction-and-sustainability\/\"]}]},{\"@type\":\"BreadcrumbList\",\"@id\":\"https:\/\/energycer.com\/references\/construction-and-sustainability\/#breadcrumb\",\"itemListElement\":[{\"@type\":\"ListItem\",\"position\":1,\"name\":\"\",\"item\":\"https:\/\/energycer.com\/hr\/\"},{\"@type\":\"ListItem\",\"position\":2,\"name\":\"Reference\",\"item\":\"https:\/\/energycer.com\/hr\/reference\/\"},{\"@type\":\"ListItem\",\"position\":3,\"name\":\"Izgradnja i odr\u017eivost\"}]},{\"@type\":\"WebSite\",\"@id\":\"https:\/\/energycer.com\/#website\",\"url\":\"https:\/\/energycer.com\/\",\"name\":\"Circular Energy Resources Ltd.\",\"description\":\"\",\"potentialAction\":[{\"@type\":\"SearchAction\",\"target\":{\"@type\":\"EntryPoint\",\"urlTemplate\":\"https:\/\/energycer.com\/?s={search_term_string}\"},\"query-input\":\"required name=search_term_string\"}],\"inLanguage\":\"hr\"}]}<\/script>\n<!-- \/ Yoast SEO plugin. -->","yoast_head_json":{"title":"Izgradnja i odr\u017eivost - Circular Energy Resources Ltd.","description":"U sektoru izgradnje i odr\u017eivosti imamo kombinirani portfelj referenci s na\u0161im partnerima koji uklju\u010duje \u0161iroku lepezu uspje\u0161nih projekata u podru\u010djima","robots":{"index":"index","follow":"follow","max-snippet":"max-snippet:-1","max-image-preview":"max-image-preview:large","max-video-preview":"max-video-preview:-1"},"canonical":"https:\/\/energycer.com\/references\/construction-and-sustainability\/","og_locale":"hr_HR","og_type":"article","og_title":"Izgradnja i odr\u017eivost - Circular Energy Resources Ltd.","og_description":"U sektoru izgradnje i odr\u017eivosti imamo kombinirani portfelj referenci s na\u0161im partnerima koji uklju\u010duje \u0161iroku lepezu uspje\u0161nih projekata u podru\u010djima","og_url":"https:\/\/energycer.com\/references\/construction-and-sustainability\/","og_site_name":"Circular Energy Resources Ltd.","article_modified_time":"2023-12-14T13:52:35+00:00","og_image":[{"width":1600,"height":900,"url":"https:\/\/energycer.com\/cms\/wp-content\/uploads\/2023\/12\/slika-1.jpg","type":"image\/jpeg"}],"twitter_card":"summary_large_image","twitter_misc":{"Procijenjeno vrijeme \u010ditanja":"2 minute"},"schema":{"@context":"https:\/\/schema.org","@graph":[{"@type":"WebPage","@id":"https:\/\/energycer.com\/references\/construction-and-sustainability\/","url":"https:\/\/energycer.com\/references\/construction-and-sustainability\/","name":"Izgradnja i odr\u017eivost - Circular Energy Resources Ltd.","isPartOf":{"@id":"https:\/\/energycer.com\/#website"},"datePublished":"2023-12-13T17:07:53+00:00","dateModified":"2023-12-14T13:52:35+00:00","description":"U sektoru izgradnje i odr\u017eivosti imamo kombinirani portfelj referenci s na\u0161im partnerima koji uklju\u010duje \u0161iroku lepezu uspje\u0161nih projekata u podru\u010djima","breadcrumb":{"@id":"https:\/\/energycer.com\/references\/construction-and-sustainability\/#breadcrumb"},"inLanguage":"hr","potentialAction":[{"@type":"ReadAction","target":["https:\/\/energycer.com\/references\/construction-and-sustainability\/"]}]},{"@type":"BreadcrumbList","@id":"https:\/\/energycer.com\/references\/construction-and-sustainability\/#breadcrumb","itemListElement":[{"@type":"ListItem","position":1,"name":"","item":"https:\/\/energycer.com\/hr\/"},{"@type":"ListItem","position":2,"name":"Reference","item":"https:\/\/energycer.com\/hr\/reference\/"},{"@type":"ListItem","position":3,"name":"Izgradnja i odr\u017eivost"}]},{"@type":"WebSite","@id":"https:\/\/energycer.com\/#website","url":"https:\/\/energycer.com\/","name":"Circular Energy Resources Ltd.","description":"","potentialAction":[{"@type":"SearchAction","target":{"@type":"EntryPoint","urlTemplate":"https:\/\/energycer.com\/?s={search_term_string}"},"query-input":"required name=search_term_string"}],"inLanguage":"hr"}]}},"_links":{"self":[{"href":"https:\/\/energycer.com\/hr\/wp-json\/wp\/v2\/pages\/2915"}],"collection":[{"href":"https:\/\/energycer.com\/hr\/wp-json\/wp\/v2\/pages"}],"about":[{"href":"https:\/\/energycer.com\/hr\/wp-json\/wp\/v2\/types\/page"}],"author":[{"embeddable":true,"href":"https:\/\/energycer.com\/hr\/wp-json\/wp\/v2\/users\/1"}],"replies":[{"embeddable":true,"href":"https:\/\/energycer.com\/hr\/wp-json\/wp\/v2\/comments?post=2915"}],"version-history":[{"count":4,"href":"https:\/\/energycer.com\/hr\/wp-json\/wp\/v2\/pages\/2915\/revisions"}],"predecessor-version":[{"id":2920,"href":"https:\/\/energycer.com\/hr\/wp-json\/wp\/v2\/pages\/2915\/revisions\/2920"}],"up":[{"embeddable":true,"href":"https:\/\/energycer.com\/hr\/wp-json\/wp\/v2\/pages\/2720"}],"wp:featuredmedia":[{"embeddable":true,"href":"https:\/\/energycer.com\/hr\/wp-json\/wp\/v2\/media\/2691"}],"wp:attachment":[{"href":"https:\/\/energycer.com\/hr\/wp-json\/wp\/v2\/media?parent=2915"}],"curies":[{"name":"wp","href":"https:\/\/api.w.org\/{rel}","templated":true}]}}