{"id":2729,"date":"2023-12-13T17:53:34","date_gmt":"2023-12-13T16:53:34","guid":{"rendered":"http:\/\/localhost\/energycer.codeart.studio\/project\/references\/biomass-and-waste-to-energy\/sport-leisure\/"},"modified":"2023-12-14T14:37:53","modified_gmt":"2023-12-14T13:37:53","slug":"sport-i-slobodno-vrijeme","status":"publish","type":"page","link":"https:\/\/energycer.com\/hr\/reference\/biomasa-i-proizvodnja-energije-iz-otpada\/sport-i-slobodno-vrijeme\/","title":{"rendered":"SPORT I SLOBODNO VRIJEME"},"content":{"rendered":"\n<h2 class=\"wp-block-heading\">Biomasa u Piscina Colonia Sant Jordi<\/h2>\n\n\n\n<p>Odr\u017eivi objekt u centru za obuku Piscina Colonia Sant Jordi. Referentni objekt u svijetu plivanja, budu\u0107i da je vrhunski trening centar za sve najve\u0107e pliva\u010de i pliva\u010dke timove na svijetu. Prvi kotao postavljen je 2009. godine s namjerom produljenja trening sezone. S obzirom na njegovu veliku prihva\u0107enost i potra\u017enju za prostorom za treniranje, u sije\u010dnju 2015. godine instaliran je drugi kotao za kontinuiranu uslugu tijekom cijele godine. Prva instalacija kao gorivo koristi pelete, dok druga koristi sje\u010dku. Oni osiguravaju klimatizaciju vanjskih olimpijskih bazena, kao i svla\u010dionica i proizvodnju tople vode. Projekt je izvela tvrtka Termosun.<\/p>\n\n\n<section class=\"wp-block-acf-sliderlijevotekstdesno\" >\r\n<div class=\"row\" id=\"sliderFotografijarow_701035\">\r\n<div class=\"col-lg-6 col-md-6 col-12 outer slider\">\r\n    <div class=\"innerWrap\">\r\n    <div id=\"sliderFotografija_701035\" class=\"swiper sliderFotografija\">\r\n  <div class=\"swiper-wrapper\">\r\n<div class=\"singleSlide swiper-slide\">\r\n<div class=\"sliderContent\">\r\n<figure data-swiper-parallax=\"-900\">\r\n    <img decoding=\"async\" src=\"https:\/\/energycer.com\/cms\/wp-content\/uploads\/2023\/12\/Sant_Jordi.jpg\">\r\n<\/figure>\r\n<\/div><!--\/.sliderContent-->\r\n<\/div><!--\/.singleSlide--> \r\n  <\/div><!--\/.swiper-wrapper-->\r\n<\/div>\r\n    <\/div><!--\/.innerWrap-->\r\n<\/div><!--\/.outer-->\r\n<div class=\"col-lg-6 col-md-6 col-12 outer tekst\">\r\n    <div class=\"innerWrap\">\r\n        <div class=\"naslov\">\r\n            <h2><\/h2>\r\n        <\/div><!--\/.naslov-->\r\n        <div class=\"opis\">\r\n            <p>Model kotla: Dva Biomatic 400 kW kotla<br \/>\nSnaga: 800 kW<br \/>\nGorivo: Peleti i sje\u010dka<br \/>\nSektor: Sportski sektor<br \/>\nGodina postavljanja: 2009<br \/>\nOp\u0107ina \/ Provincija: Ses Salines \/ Palma de Mallorca<\/p>\n        <\/div><!--\/.opis-->\r\n            <\/div><!--\/.innerWrap-->\r\n<\/div><!--\/.outer-->\r\n<\/div><!--\/.row-->\r\n<\/section>\r\n<script>\r\njQuery(document).ready(function($) {\r\n\r\n        function startSlider_701035() {\r\n            var swiper_701035 = new Swiper(\"#sliderFotografija_701035\", {\r\n            speed: 600,\r\n            parallax: false,\r\n            autoplay: {\r\n            delay: 3000,\r\n            disableOnInteraction: false,\r\n            },\r\n            effect: 'fade',\r\n            loop: true,\r\n            \/\/ pagination: {\r\n            \/\/   el: \".swiper-pagination\",\r\n            \/\/   clickable: true,\r\n            \/\/ },\r\n            navigation: {\r\n            nextEl: \".swiper-button-next\",\r\n            prevEl: \".swiper-button-prev\",\r\n            },\r\n            \/\/ scrollbar: {\r\n            \/\/   el: '.swiper-scrollbar',\r\n            \/\/   draggable: true,\r\n            \/\/ },\r\n        });\r\n    }\r\n\r\n    setTimeout(startSlider_701035, 600);\r\n});  \r\n<\/script>\n\n\n<hr class=\"wp-block-separator has-alpha-channel-opacity\"\/>\n\n\n\n<div style=\"height:40px\" aria-hidden=\"true\" class=\"wp-block-spacer\"><\/div>\n\n\n\n<h2 class=\"wp-block-heading\">Ugradnja kotla na biomasu u hokeja\u0161kom klubu Atletic Terrassa<\/h2>\n\n\n\n<p>Terrassa Hockey Club, vi\u0161esportski klub u Terrassi koji ula\u017ee u obnovljivu energiju. &#8220;To je jedno od klupskih ulaganja na koje sam najvi\u0161e ponosan, stvarno je bilo vrlo korisno.&#8221; Jordi Castell\u00f3, menad\u017eer hokeja\u0161kog kluba Atl\u00e9tic Terrassa. Hokeja\u0161ki klub Athletic Terrassa, s vi\u0161e od 60 godina povijesti, vi\u0161esportski je klub, smje\u0161ten na Carretera de Castellar de Terrassa (Barcelona). Objekt ima 100% pokrivenu energetsku potrebu od 700 MWh\/god. Ekonomske u\u0161tede od pribli\u017eno 40% do 50% godi\u0161nje.<\/p>\n\n\n\n<p>Radove izvodi tvrtka Energrup.<\/p>\n\n\n<section class=\"wp-block-acf-sliderlijevotekstdesno\" >\r\n<div class=\"row\" id=\"sliderFotografijarow_521878\">\r\n<div class=\"col-lg-6 col-md-6 col-12 outer slider\">\r\n    <div class=\"innerWrap\">\r\n    <div id=\"sliderFotografija_521878\" class=\"swiper sliderFotografija\">\r\n  <div class=\"swiper-wrapper\">\r\n<div class=\"singleSlide swiper-slide\">\r\n<div class=\"sliderContent\">\r\n<figure data-swiper-parallax=\"-900\">\r\n    <img decoding=\"async\" src=\"https:\/\/energycer.com\/cms\/wp-content\/uploads\/2023\/12\/Terrassa.jpg\">\r\n<\/figure>\r\n<\/div><!--\/.sliderContent-->\r\n<\/div><!--\/.singleSlide--> \r\n  <\/div><!--\/.swiper-wrapper-->\r\n<\/div>\r\n    <\/div><!--\/.innerWrap-->\r\n<\/div><!--\/.outer-->\r\n<div class=\"col-lg-6 col-md-6 col-12 outer tekst\">\r\n    <div class=\"innerWrap\">\r\n        <div class=\"naslov\">\r\n            <h2><\/h2>\r\n        <\/div><!--\/.naslov-->\r\n        <div class=\"opis\">\r\n            <p>Model kotla: A 500 kW Biomatski kotao<br \/>\nSnaga: 500 kW<br \/>\nGorivo: Iverje, sje\u010dka<br \/>\nSektor: Sportski sektor<br \/>\nGodina instalacije: 2012.<br \/>\nOp\u0107ina \/ Provincija: Castellar del Valles \/ Barcelona<\/p>\n        <\/div><!--\/.opis-->\r\n            <\/div><!--\/.innerWrap-->\r\n<\/div><!--\/.outer-->\r\n<\/div><!--\/.row-->\r\n<\/section>\r\n<script>\r\njQuery(document).ready(function($) {\r\n\r\n        function startSlider_521878() {\r\n            var swiper_521878 = new Swiper(\"#sliderFotografija_521878\", {\r\n            speed: 600,\r\n            parallax: false,\r\n            autoplay: {\r\n            delay: 3000,\r\n            disableOnInteraction: false,\r\n            },\r\n            effect: 'fade',\r\n            loop: true,\r\n            \/\/ pagination: {\r\n            \/\/   el: \".swiper-pagination\",\r\n            \/\/   clickable: true,\r\n            \/\/ },\r\n            navigation: {\r\n            nextEl: \".swiper-button-next\",\r\n            prevEl: \".swiper-button-prev\",\r\n            },\r\n            \/\/ scrollbar: {\r\n            \/\/   el: '.swiper-scrollbar',\r\n            \/\/   draggable: true,\r\n            \/\/ },\r\n        });\r\n    }\r\n\r\n    setTimeout(startSlider_521878, 600);\r\n});  \r\n<\/script>\n\n\n<hr class=\"wp-block-separator has-alpha-channel-opacity\"\/>\n\n\n\n<div style=\"height:40px\" aria-hidden=\"true\" class=\"wp-block-spacer\"><\/div>\n\n\n\n<h2 class=\"wp-block-heading\">Klimatizacija bazena s biomasom u Pedreri<\/h2>\n\n\n\n<p>Ugradnja HERZ kotla na biomasu u La Piscina de Pedrera. Ugradnja HERZ firematic kotla na pelete ili ko\u0161tice masline. Klimatizacija prostorija kao i grijanje vode u bazenu i priprema potro\u0161ne tople vode za svla\u010dionice. Kotao se hrani kroz kruti pu\u017e, \u0161to omogu\u0107ava ubacivanje peleta i ko\u0161tica maslina.<\/p>\n\n\n\n<p>Projekt je izvela tvrtka Termosun.<\/p>\n\n\n<section class=\"wp-block-acf-sliderlijevotekstdesno\" >\r\n<div class=\"row\" id=\"sliderFotografijarow_364368\">\r\n<div class=\"col-lg-6 col-md-6 col-12 outer slider\">\r\n    <div class=\"innerWrap\">\r\n    <div id=\"sliderFotografija_364368\" class=\"swiper sliderFotografija\">\r\n  <div class=\"swiper-wrapper\">\r\n<div class=\"singleSlide swiper-slide\">\r\n<div class=\"sliderContent\">\r\n<figure data-swiper-parallax=\"-900\">\r\n    <img decoding=\"async\" src=\"https:\/\/energycer.com\/cms\/wp-content\/uploads\/2023\/12\/Pedrera.jpg\">\r\n<\/figure>\r\n<\/div><!--\/.sliderContent-->\r\n<\/div><!--\/.singleSlide--> \r\n  <\/div><!--\/.swiper-wrapper-->\r\n<\/div>\r\n    <\/div><!--\/.innerWrap-->\r\n<\/div><!--\/.outer-->\r\n<div class=\"col-lg-6 col-md-6 col-12 outer tekst\">\r\n    <div class=\"innerWrap\">\r\n        <div class=\"naslov\">\r\n            <h2><\/h2>\r\n        <\/div><!--\/.naslov-->\r\n        <div class=\"opis\">\r\n            <p>Model kotla: 1 firematic od 400kW<br \/>\nSnaga: 400 kW<br \/>\nGorivo: Peleti ili ko\u0161tice od masline<br \/>\nSektor: Sportski sektor- bazeni<br \/>\nGodina postavljanja: 2016<br \/>\nOp\u0107ina \/ Provincija: Pedrera \/ Sevilla<\/p>\n        <\/div><!--\/.opis-->\r\n            <\/div><!--\/.innerWrap-->\r\n<\/div><!--\/.outer-->\r\n<\/div><!--\/.row-->\r\n<\/section>\r\n<script>\r\njQuery(document).ready(function($) {\r\n\r\n        function startSlider_364368() {\r\n            var swiper_364368 = new Swiper(\"#sliderFotografija_364368\", {\r\n            speed: 600,\r\n            parallax: false,\r\n            autoplay: {\r\n            delay: 3000,\r\n            disableOnInteraction: false,\r\n            },\r\n            effect: 'fade',\r\n            loop: true,\r\n            \/\/ pagination: {\r\n            \/\/   el: \".swiper-pagination\",\r\n            \/\/   clickable: true,\r\n            \/\/ },\r\n            navigation: {\r\n            nextEl: \".swiper-button-next\",\r\n            prevEl: \".swiper-button-prev\",\r\n            },\r\n            \/\/ scrollbar: {\r\n            \/\/   el: '.swiper-scrollbar',\r\n            \/\/   draggable: true,\r\n            \/\/ },\r\n        });\r\n    }\r\n\r\n    setTimeout(startSlider_364368, 600);\r\n});  \r\n<\/script>","protected":false},"excerpt":{"rendered":"<p>Biomasa u Piscina Colonia Sant Jordi Odr\u017eivi objekt u centru za obuku Piscina Colonia Sant Jordi. Referentni objekt u svijetu plivanja, budu\u0107i da je vrhunski trening centar za sve najve\u0107e pliva\u010de i pliva\u010dke timove na svijetu. Prvi kotao postavljen je 2009. godine s namjerom produljenja trening sezone. S obzirom na njegovu veliku prihva\u0107enost i potra\u017enju&hellip;<\/p>\n","protected":false},"author":1,"featured_media":2668,"parent":2721,"menu_order":0,"comment_status":"closed","ping_status":"closed","template":"","meta":{"footnotes":""},"acf":[],"yoast_head":"<!-- This site is optimized with the Yoast SEO plugin v21.7 - https:\/\/yoast.com\/wordpress\/plugins\/seo\/ -->\n<title>SPORT I SLOBODNO VRIJEME - Circular Energy Resources Ltd.<\/title>\n<meta name=\"description\" content=\"Biomasa u Piscina Colonia Sant Jordi Odr\u017eivi objekt u centru za obuku Piscina Colonia Sant Jordi. Referentni objekt u svijetu plivanja, budu\u0107i da je\" \/>\n<meta name=\"robots\" content=\"index, follow, max-snippet:-1, max-image-preview:large, max-video-preview:-1\" \/>\n<link rel=\"canonical\" href=\"https:\/\/energycer.com\/references\/biomass-and-waste-to-energy\/sport-leisure\/\" \/>\n<meta property=\"og:locale\" content=\"hr_HR\" \/>\n<meta property=\"og:type\" content=\"article\" \/>\n<meta property=\"og:title\" content=\"SPORT I SLOBODNO VRIJEME - Circular Energy Resources Ltd.\" \/>\n<meta property=\"og:description\" content=\"Biomasa u Piscina Colonia Sant Jordi Odr\u017eivi objekt u centru za obuku Piscina Colonia Sant Jordi. Referentni objekt u svijetu plivanja, budu\u0107i da je\" \/>\n<meta property=\"og:url\" content=\"https:\/\/energycer.com\/references\/biomass-and-waste-to-energy\/sport-leisure\/\" \/>\n<meta property=\"og:site_name\" content=\"Circular Energy Resources Ltd.\" \/>\n<meta property=\"article:modified_time\" content=\"2023-12-14T13:37:53+00:00\" \/>\n<meta property=\"og:image\" content=\"https:\/\/energycer.com\/cms\/wp-content\/uploads\/2023\/12\/Sport.jpg\" \/>\n\t<meta property=\"og:image:width\" content=\"694\" \/>\n\t<meta property=\"og:image:height\" content=\"750\" \/>\n\t<meta property=\"og:image:type\" content=\"image\/jpeg\" \/>\n<meta name=\"twitter:card\" content=\"summary_large_image\" \/>\n<meta name=\"twitter:label1\" content=\"Procijenjeno vrijeme \u010ditanja\" \/>\n\t<meta name=\"twitter:data1\" content=\"2 minute\" \/>\n<script type=\"application\/ld+json\" class=\"yoast-schema-graph\">{\"@context\":\"https:\/\/schema.org\",\"@graph\":[{\"@type\":\"WebPage\",\"@id\":\"https:\/\/energycer.com\/references\/biomass-and-waste-to-energy\/sport-leisure\/\",\"url\":\"https:\/\/energycer.com\/references\/biomass-and-waste-to-energy\/sport-leisure\/\",\"name\":\"SPORT I SLOBODNO VRIJEME - Circular Energy Resources Ltd.\",\"isPartOf\":{\"@id\":\"https:\/\/energycer.com\/#website\"},\"datePublished\":\"2023-12-13T16:53:34+00:00\",\"dateModified\":\"2023-12-14T13:37:53+00:00\",\"description\":\"Biomasa u Piscina Colonia Sant Jordi Odr\u017eivi objekt u centru za obuku Piscina Colonia Sant Jordi. Referentni objekt u svijetu plivanja, budu\u0107i da je\",\"breadcrumb\":{\"@id\":\"https:\/\/energycer.com\/references\/biomass-and-waste-to-energy\/sport-leisure\/#breadcrumb\"},\"inLanguage\":\"hr\",\"potentialAction\":[{\"@type\":\"ReadAction\",\"target\":[\"https:\/\/energycer.com\/references\/biomass-and-waste-to-energy\/sport-leisure\/\"]}]},{\"@type\":\"BreadcrumbList\",\"@id\":\"https:\/\/energycer.com\/references\/biomass-and-waste-to-energy\/sport-leisure\/#breadcrumb\",\"itemListElement\":[{\"@type\":\"ListItem\",\"position\":1,\"name\":\"\",\"item\":\"https:\/\/energycer.com\/hr\/\"},{\"@type\":\"ListItem\",\"position\":2,\"name\":\"Reference\",\"item\":\"https:\/\/energycer.com\/hr\/reference\/\"},{\"@type\":\"ListItem\",\"position\":3,\"name\":\"Biomasa i Proizvodnja energije iz otpada\",\"item\":\"https:\/\/energycer.com\/hr\/reference\/biomasa-i-proizvodnja-energije-iz-otpada\/\"},{\"@type\":\"ListItem\",\"position\":4,\"name\":\"SPORT I SLOBODNO VRIJEME\"}]},{\"@type\":\"WebSite\",\"@id\":\"https:\/\/energycer.com\/#website\",\"url\":\"https:\/\/energycer.com\/\",\"name\":\"Circular Energy Resources Ltd.\",\"description\":\"\",\"potentialAction\":[{\"@type\":\"SearchAction\",\"target\":{\"@type\":\"EntryPoint\",\"urlTemplate\":\"https:\/\/energycer.com\/?s={search_term_string}\"},\"query-input\":\"required name=search_term_string\"}],\"inLanguage\":\"hr\"}]}<\/script>\n<!-- \/ Yoast SEO plugin. -->","yoast_head_json":{"title":"SPORT I SLOBODNO VRIJEME - Circular Energy Resources Ltd.","description":"Biomasa u Piscina Colonia Sant Jordi Odr\u017eivi objekt u centru za obuku Piscina Colonia Sant Jordi. Referentni objekt u svijetu plivanja, budu\u0107i da je","robots":{"index":"index","follow":"follow","max-snippet":"max-snippet:-1","max-image-preview":"max-image-preview:large","max-video-preview":"max-video-preview:-1"},"canonical":"https:\/\/energycer.com\/references\/biomass-and-waste-to-energy\/sport-leisure\/","og_locale":"hr_HR","og_type":"article","og_title":"SPORT I SLOBODNO VRIJEME - Circular Energy Resources Ltd.","og_description":"Biomasa u Piscina Colonia Sant Jordi Odr\u017eivi objekt u centru za obuku Piscina Colonia Sant Jordi. Referentni objekt u svijetu plivanja, budu\u0107i da je","og_url":"https:\/\/energycer.com\/references\/biomass-and-waste-to-energy\/sport-leisure\/","og_site_name":"Circular Energy Resources Ltd.","article_modified_time":"2023-12-14T13:37:53+00:00","og_image":[{"width":694,"height":750,"url":"https:\/\/energycer.com\/cms\/wp-content\/uploads\/2023\/12\/Sport.jpg","type":"image\/jpeg"}],"twitter_card":"summary_large_image","twitter_misc":{"Procijenjeno vrijeme \u010ditanja":"2 minute"},"schema":{"@context":"https:\/\/schema.org","@graph":[{"@type":"WebPage","@id":"https:\/\/energycer.com\/references\/biomass-and-waste-to-energy\/sport-leisure\/","url":"https:\/\/energycer.com\/references\/biomass-and-waste-to-energy\/sport-leisure\/","name":"SPORT I SLOBODNO VRIJEME - Circular Energy Resources Ltd.","isPartOf":{"@id":"https:\/\/energycer.com\/#website"},"datePublished":"2023-12-13T16:53:34+00:00","dateModified":"2023-12-14T13:37:53+00:00","description":"Biomasa u Piscina Colonia Sant Jordi Odr\u017eivi objekt u centru za obuku Piscina Colonia Sant Jordi. Referentni objekt u svijetu plivanja, budu\u0107i da je","breadcrumb":{"@id":"https:\/\/energycer.com\/references\/biomass-and-waste-to-energy\/sport-leisure\/#breadcrumb"},"inLanguage":"hr","potentialAction":[{"@type":"ReadAction","target":["https:\/\/energycer.com\/references\/biomass-and-waste-to-energy\/sport-leisure\/"]}]},{"@type":"BreadcrumbList","@id":"https:\/\/energycer.com\/references\/biomass-and-waste-to-energy\/sport-leisure\/#breadcrumb","itemListElement":[{"@type":"ListItem","position":1,"name":"","item":"https:\/\/energycer.com\/hr\/"},{"@type":"ListItem","position":2,"name":"Reference","item":"https:\/\/energycer.com\/hr\/reference\/"},{"@type":"ListItem","position":3,"name":"Biomasa i Proizvodnja energije iz otpada","item":"https:\/\/energycer.com\/hr\/reference\/biomasa-i-proizvodnja-energije-iz-otpada\/"},{"@type":"ListItem","position":4,"name":"SPORT I SLOBODNO VRIJEME"}]},{"@type":"WebSite","@id":"https:\/\/energycer.com\/#website","url":"https:\/\/energycer.com\/","name":"Circular Energy Resources Ltd.","description":"","potentialAction":[{"@type":"SearchAction","target":{"@type":"EntryPoint","urlTemplate":"https:\/\/energycer.com\/?s={search_term_string}"},"query-input":"required name=search_term_string"}],"inLanguage":"hr"}]}},"_links":{"self":[{"href":"https:\/\/energycer.com\/hr\/wp-json\/wp\/v2\/pages\/2729"}],"collection":[{"href":"https:\/\/energycer.com\/hr\/wp-json\/wp\/v2\/pages"}],"about":[{"href":"https:\/\/energycer.com\/hr\/wp-json\/wp\/v2\/types\/page"}],"author":[{"embeddable":true,"href":"https:\/\/energycer.com\/hr\/wp-json\/wp\/v2\/users\/1"}],"replies":[{"embeddable":true,"href":"https:\/\/energycer.com\/hr\/wp-json\/wp\/v2\/comments?post=2729"}],"version-history":[{"count":4,"href":"https:\/\/energycer.com\/hr\/wp-json\/wp\/v2\/pages\/2729\/revisions"}],"predecessor-version":[{"id":2895,"href":"https:\/\/energycer.com\/hr\/wp-json\/wp\/v2\/pages\/2729\/revisions\/2895"}],"up":[{"embeddable":true,"href":"https:\/\/energycer.com\/hr\/wp-json\/wp\/v2\/pages\/2721"}],"wp:featuredmedia":[{"embeddable":true,"href":"https:\/\/energycer.com\/hr\/wp-json\/wp\/v2\/media\/2668"}],"wp:attachment":[{"href":"https:\/\/energycer.com\/hr\/wp-json\/wp\/v2\/media?parent=2729"}],"curies":[{"name":"wp","href":"https:\/\/api.w.org\/{rel}","templated":true}]}}