{"id":2728,"date":"2023-12-13T17:47:02","date_gmt":"2023-12-13T16:47:02","guid":{"rendered":"http:\/\/localhost\/energycer.codeart.studio\/project\/references\/biomass-and-waste-to-energy\/residential-2\/"},"modified":"2023-12-14T14:34:58","modified_gmt":"2023-12-14T13:34:58","slug":"stambene-zgrade","status":"publish","type":"page","link":"https:\/\/energycer.com\/hr\/reference\/biomasa-i-proizvodnja-energije-iz-otpada\/stambene-zgrade\/","title":{"rendered":"STAMBENE ZGRADE"},"content":{"rendered":"\n<h2 class=\"wp-block-heading\">Obnovljiva energija u zajednici Hern\u00e1n Cort\u00e9s<\/h2>\n\n\n\n<p>Odr\u017eivi projekt koji opskrbljuje energijom vi\u0161e od 170 domova.<\/p>\n\n\n\n<p>U pet zgrada ove mjesne zajednice smje\u0161tena su ukupno 174 doma\u0107instva. Odabrano gorivo bila je sje\u010dka \u0161umskog bora bez tretmana transformacije. Objekt raspola\u017ee sa silosom zapremine 175 kubika kapaciteta vi\u0161e od 40 tona sje\u010dke, \u0161to jam\u010di odgovaraju\u0107u autonomiju u razdobljima najve\u0107e potra\u017enje.<\/p>\n\n\n\n<p>Radove izvodi tvrtka Gesenerg\u00eda.<\/p>\n\n\n<section class=\"wp-block-acf-sliderlijevotekstdesno\" >\r\n<div class=\"row\" id=\"sliderFotografijarow_794935\">\r\n<div class=\"col-lg-6 col-md-6 col-12 outer slider\">\r\n    <div class=\"innerWrap\">\r\n    <div id=\"sliderFotografija_794935\" class=\"swiper sliderFotografija\">\r\n  <div class=\"swiper-wrapper\">\r\n<div class=\"singleSlide swiper-slide\">\r\n<div class=\"sliderContent\">\r\n<figure data-swiper-parallax=\"-900\">\r\n    <img decoding=\"async\" src=\"https:\/\/energycer.com\/cms\/wp-content\/uploads\/2023\/12\/Hernan_Cortes.jpg\">\r\n<\/figure>\r\n<\/div><!--\/.sliderContent-->\r\n<\/div><!--\/.singleSlide--> \r\n  <\/div><!--\/.swiper-wrapper-->\r\n<\/div>\r\n    <\/div><!--\/.innerWrap-->\r\n<\/div><!--\/.outer-->\r\n<div class=\"col-lg-6 col-md-6 col-12 outer tekst\">\r\n    <div class=\"innerWrap\">\r\n        <div class=\"naslov\">\r\n            <h2><\/h2>\r\n        <\/div><!--\/.naslov-->\r\n        <div class=\"opis\">\r\n            <p>Model kotla: Dva BioFire kotla od 1.000 kW<br \/>\nSnaga: 2.000 kW<br \/>\nGorivo: Peleti ili sje\u010dka<br \/>\nSektor: Stambeni sektor<br \/>\nGodina postavljanja: 2013.<br \/>\nOp\u0107ina \/ Provincija: Zaragoza<\/p>\n        <\/div><!--\/.opis-->\r\n            <\/div><!--\/.innerWrap-->\r\n<\/div><!--\/.outer-->\r\n<\/div><!--\/.row-->\r\n<\/section>\r\n<script>\r\njQuery(document).ready(function($) {\r\n\r\n        function startSlider_794935() {\r\n            var swiper_794935 = new Swiper(\"#sliderFotografija_794935\", {\r\n            speed: 600,\r\n            parallax: false,\r\n            autoplay: {\r\n            delay: 3000,\r\n            disableOnInteraction: false,\r\n            },\r\n            effect: 'fade',\r\n            loop: true,\r\n            \/\/ pagination: {\r\n            \/\/   el: \".swiper-pagination\",\r\n            \/\/   clickable: true,\r\n            \/\/ },\r\n            navigation: {\r\n            nextEl: \".swiper-button-next\",\r\n            prevEl: \".swiper-button-prev\",\r\n            },\r\n            \/\/ scrollbar: {\r\n            \/\/   el: '.swiper-scrollbar',\r\n            \/\/   draggable: true,\r\n            \/\/ },\r\n        });\r\n    }\r\n\r\n    setTimeout(startSlider_794935, 600);\r\n});  \r\n<\/script>\n\n\n<hr class=\"wp-block-separator has-alpha-channel-opacity\"\/>\n\n\n\n<div style=\"height:40px\" aria-hidden=\"true\" class=\"wp-block-spacer\"><\/div>\n\n\n\n<h2 class=\"wp-block-heading\">Centralno grijanje u selu Fasa, Valladolid<\/h2>\n\n\n\n<p>398 ku\u0107anstava Grupacije Fasa pokrenulo je toplinsku mre\u017eu na biomasu. Monta\u017ea dva HERZ firematic kotla snage po 500kW koji daju ukupno 1000kW toplinske snage.<\/p>\n\n\n\n<p>Projekt je izvela tvrtka Termosun.<\/p>\n\n\n<section class=\"wp-block-acf-sliderlijevotekstdesno\" >\r\n<div class=\"row\" id=\"sliderFotografijarow_251231\">\r\n<div class=\"col-lg-6 col-md-6 col-12 outer slider\">\r\n    <div class=\"innerWrap\">\r\n    <div id=\"sliderFotografija_251231\" class=\"swiper sliderFotografija\">\r\n  <div class=\"swiper-wrapper\">\r\n<div class=\"singleSlide swiper-slide\">\r\n<div class=\"sliderContent\">\r\n<figure data-swiper-parallax=\"-900\">\r\n    <img decoding=\"async\" src=\"https:\/\/energycer.com\/cms\/wp-content\/uploads\/2023\/12\/FasaTown.jpg\">\r\n<\/figure>\r\n<\/div><!--\/.sliderContent-->\r\n<\/div><!--\/.singleSlide--> \r\n  <\/div><!--\/.swiper-wrapper-->\r\n<\/div>\r\n    <\/div><!--\/.innerWrap-->\r\n<\/div><!--\/.outer-->\r\n<div class=\"col-lg-6 col-md-6 col-12 outer tekst\">\r\n    <div class=\"innerWrap\">\r\n        <div class=\"naslov\">\r\n            <h2><\/h2>\r\n        <\/div><!--\/.naslov-->\r\n        <div class=\"opis\">\r\n            <p>Model kotla: 2 Firematic 500 kW<br \/>\nSnaga: 1.000 kW<br \/>\nGorivo: Lokalna \u0161umska sje\u010dka<br \/>\nSustav napajanja: Rotacijski dvostruki sustav<br \/>\nSektor: Stambeni sektor<br \/>\nGodina postavljanja: 2018<br \/>\nOp\u0107ina \/ Provincija: Valladolid<\/p>\n        <\/div><!--\/.opis-->\r\n            <\/div><!--\/.innerWrap-->\r\n<\/div><!--\/.outer-->\r\n<\/div><!--\/.row-->\r\n<\/section>\r\n<script>\r\njQuery(document).ready(function($) {\r\n\r\n        function startSlider_251231() {\r\n            var swiper_251231 = new Swiper(\"#sliderFotografija_251231\", {\r\n            speed: 600,\r\n            parallax: false,\r\n            autoplay: {\r\n            delay: 3000,\r\n            disableOnInteraction: false,\r\n            },\r\n            effect: 'fade',\r\n            loop: true,\r\n            \/\/ pagination: {\r\n            \/\/   el: \".swiper-pagination\",\r\n            \/\/   clickable: true,\r\n            \/\/ },\r\n            navigation: {\r\n            nextEl: \".swiper-button-next\",\r\n            prevEl: \".swiper-button-prev\",\r\n            },\r\n            \/\/ scrollbar: {\r\n            \/\/   el: '.swiper-scrollbar',\r\n            \/\/   draggable: true,\r\n            \/\/ },\r\n        });\r\n    }\r\n\r\n    setTimeout(startSlider_251231, 600);\r\n});  \r\n<\/script>\n\n\n<hr class=\"wp-block-separator has-alpha-channel-opacity\"\/>\n\n\n\n<div style=\"height:40px\" aria-hidden=\"true\" class=\"wp-block-spacer\"><\/div>\n\n\n\n<h2 class=\"wp-block-heading\">Biomasa u mjesnoj zajednici Av. Central de Bara\u00f1a\u00edn<\/h2>\n\n\n\n<p>Instalacija dva HERZ kotla na biomasu u naselju Navarra. Ugradnja dva HERZ kotla na biomasu, 1 Biomatic od 500 kW i 1 Firematic od 200 kW, za opskrbu PTV-om i grijanjem mjesne zajednice Av. Central de Bara\u00f1\u00e1in de Pamplona (Navarra).<\/p>\n\n\n\n<p>Sustav napajanja kroz visoku rotaciju.<br>Radove izvodi tvrtka Eolimer.<\/p>\n\n\n<section class=\"wp-block-acf-sliderlijevotekstdesno\" >\r\n<div class=\"row\" id=\"sliderFotografijarow_311330\">\r\n<div class=\"col-lg-6 col-md-6 col-12 outer slider\">\r\n    <div class=\"innerWrap\">\r\n    <div id=\"sliderFotografija_311330\" class=\"swiper sliderFotografija\">\r\n  <div class=\"swiper-wrapper\">\r\n<div class=\"singleSlide swiper-slide\">\r\n<div class=\"sliderContent\">\r\n<figure data-swiper-parallax=\"-900\">\r\n    <img decoding=\"async\" src=\"https:\/\/energycer.com\/cms\/wp-content\/uploads\/2023\/12\/Baranain.jpg\">\r\n<\/figure>\r\n<\/div><!--\/.sliderContent-->\r\n<\/div><!--\/.singleSlide--> \r\n  <\/div><!--\/.swiper-wrapper-->\r\n<\/div>\r\n    <\/div><!--\/.innerWrap-->\r\n<\/div><!--\/.outer-->\r\n<div class=\"col-lg-6 col-md-6 col-12 outer tekst\">\r\n    <div class=\"innerWrap\">\r\n        <div class=\"naslov\">\r\n            <h2><\/h2>\r\n        <\/div><!--\/.naslov-->\r\n        <div class=\"opis\">\r\n            <p>Model kotla: 1 Biomatic od 500 kW i 1 Firematic od 200 kW<br \/>\nSnaga: 700 kW<br \/>\nGorivo: Iverje,sje\u010dka<br \/>\nSustav napajanja: Visoko rotacijski sustav<br \/>\nSektor: Stambeni sektor<br \/>\nGodina instalacije: 2013.<br \/>\nOp\u0107ina \/ Provincija: Bara\u00f1\u00e1in \/ Navarra<\/p>\n        <\/div><!--\/.opis-->\r\n            <\/div><!--\/.innerWrap-->\r\n<\/div><!--\/.outer-->\r\n<\/div><!--\/.row-->\r\n<\/section>\r\n<script>\r\njQuery(document).ready(function($) {\r\n\r\n        function startSlider_311330() {\r\n            var swiper_311330 = new Swiper(\"#sliderFotografija_311330\", {\r\n            speed: 600,\r\n            parallax: false,\r\n            autoplay: {\r\n            delay: 3000,\r\n            disableOnInteraction: false,\r\n            },\r\n            effect: 'fade',\r\n            loop: true,\r\n            \/\/ pagination: {\r\n            \/\/   el: \".swiper-pagination\",\r\n            \/\/   clickable: true,\r\n            \/\/ },\r\n            navigation: {\r\n            nextEl: \".swiper-button-next\",\r\n            prevEl: \".swiper-button-prev\",\r\n            },\r\n            \/\/ scrollbar: {\r\n            \/\/   el: '.swiper-scrollbar',\r\n            \/\/   draggable: true,\r\n            \/\/ },\r\n        });\r\n    }\r\n\r\n    setTimeout(startSlider_311330, 600);\r\n});  \r\n<\/script>","protected":false},"excerpt":{"rendered":"<p>Obnovljiva energija u zajednici Hern\u00e1n Cort\u00e9s Odr\u017eivi projekt koji opskrbljuje energijom vi\u0161e od 170 domova. U pet zgrada ove mjesne zajednice smje\u0161tena su ukupno 174 doma\u0107instva. Odabrano gorivo bila je sje\u010dka \u0161umskog bora bez tretmana transformacije. Objekt raspola\u017ee sa silosom zapremine 175 kubika kapaciteta vi\u0161e od 40 tona sje\u010dke, \u0161to jam\u010di odgovaraju\u0107u autonomiju u razdobljima&hellip;<\/p>\n","protected":false},"author":1,"featured_media":2667,"parent":2721,"menu_order":0,"comment_status":"closed","ping_status":"closed","template":"","meta":{"footnotes":""},"acf":[],"yoast_head":"<!-- This site is optimized with the Yoast SEO plugin v21.7 - https:\/\/yoast.com\/wordpress\/plugins\/seo\/ -->\n<title>STAMBENE ZGRADE - Circular Energy Resources Ltd.<\/title>\n<meta name=\"description\" content=\"Obnovljiva energija u zajednici Hern\u00e1n Cort\u00e9s Odr\u017eivi projekt koji opskrbljuje energijom vi\u0161e od 170 domova. U pet zgrada ove mjesne zajednice smje\u0161tena\" \/>\n<meta name=\"robots\" content=\"index, follow, max-snippet:-1, max-image-preview:large, max-video-preview:-1\" \/>\n<link rel=\"canonical\" href=\"https:\/\/energycer.com\/references\/biomass-and-waste-to-energy\/residential-2\/\" \/>\n<meta property=\"og:locale\" content=\"hr_HR\" \/>\n<meta property=\"og:type\" content=\"article\" \/>\n<meta property=\"og:title\" content=\"STAMBENE ZGRADE - Circular Energy Resources Ltd.\" \/>\n<meta property=\"og:description\" content=\"Obnovljiva energija u zajednici Hern\u00e1n Cort\u00e9s Odr\u017eivi projekt koji opskrbljuje energijom vi\u0161e od 170 domova. U pet zgrada ove mjesne zajednice smje\u0161tena\" \/>\n<meta property=\"og:url\" content=\"https:\/\/energycer.com\/references\/biomass-and-waste-to-energy\/residential-2\/\" \/>\n<meta property=\"og:site_name\" content=\"Circular Energy Resources Ltd.\" \/>\n<meta property=\"article:modified_time\" content=\"2023-12-14T13:34:58+00:00\" \/>\n<meta property=\"og:image\" content=\"https:\/\/energycer.com\/cms\/wp-content\/uploads\/2023\/12\/Residential.jpg\" \/>\n\t<meta property=\"og:image:width\" content=\"694\" \/>\n\t<meta property=\"og:image:height\" content=\"750\" \/>\n\t<meta property=\"og:image:type\" content=\"image\/jpeg\" \/>\n<meta name=\"twitter:card\" content=\"summary_large_image\" \/>\n<meta name=\"twitter:label1\" content=\"Procijenjeno vrijeme \u010ditanja\" \/>\n\t<meta name=\"twitter:data1\" content=\"1 minuta\" \/>\n<script type=\"application\/ld+json\" class=\"yoast-schema-graph\">{\"@context\":\"https:\/\/schema.org\",\"@graph\":[{\"@type\":\"WebPage\",\"@id\":\"https:\/\/energycer.com\/references\/biomass-and-waste-to-energy\/residential-2\/\",\"url\":\"https:\/\/energycer.com\/references\/biomass-and-waste-to-energy\/residential-2\/\",\"name\":\"STAMBENE ZGRADE - Circular Energy Resources Ltd.\",\"isPartOf\":{\"@id\":\"https:\/\/energycer.com\/#website\"},\"datePublished\":\"2023-12-13T16:47:02+00:00\",\"dateModified\":\"2023-12-14T13:34:58+00:00\",\"description\":\"Obnovljiva energija u zajednici Hern\u00e1n Cort\u00e9s Odr\u017eivi projekt koji opskrbljuje energijom vi\u0161e od 170 domova. U pet zgrada ove mjesne zajednice smje\u0161tena\",\"breadcrumb\":{\"@id\":\"https:\/\/energycer.com\/references\/biomass-and-waste-to-energy\/residential-2\/#breadcrumb\"},\"inLanguage\":\"hr\",\"potentialAction\":[{\"@type\":\"ReadAction\",\"target\":[\"https:\/\/energycer.com\/references\/biomass-and-waste-to-energy\/residential-2\/\"]}]},{\"@type\":\"BreadcrumbList\",\"@id\":\"https:\/\/energycer.com\/references\/biomass-and-waste-to-energy\/residential-2\/#breadcrumb\",\"itemListElement\":[{\"@type\":\"ListItem\",\"position\":1,\"name\":\"\",\"item\":\"https:\/\/energycer.com\/hr\/\"},{\"@type\":\"ListItem\",\"position\":2,\"name\":\"Reference\",\"item\":\"https:\/\/energycer.com\/hr\/reference\/\"},{\"@type\":\"ListItem\",\"position\":3,\"name\":\"Biomasa i Proizvodnja energije iz otpada\",\"item\":\"https:\/\/energycer.com\/hr\/reference\/biomasa-i-proizvodnja-energije-iz-otpada\/\"},{\"@type\":\"ListItem\",\"position\":4,\"name\":\"STAMBENE ZGRADE\"}]},{\"@type\":\"WebSite\",\"@id\":\"https:\/\/energycer.com\/#website\",\"url\":\"https:\/\/energycer.com\/\",\"name\":\"Circular Energy Resources Ltd.\",\"description\":\"\",\"potentialAction\":[{\"@type\":\"SearchAction\",\"target\":{\"@type\":\"EntryPoint\",\"urlTemplate\":\"https:\/\/energycer.com\/?s={search_term_string}\"},\"query-input\":\"required name=search_term_string\"}],\"inLanguage\":\"hr\"}]}<\/script>\n<!-- \/ Yoast SEO plugin. -->","yoast_head_json":{"title":"STAMBENE ZGRADE - Circular Energy Resources Ltd.","description":"Obnovljiva energija u zajednici Hern\u00e1n Cort\u00e9s Odr\u017eivi projekt koji opskrbljuje energijom vi\u0161e od 170 domova. U pet zgrada ove mjesne zajednice smje\u0161tena","robots":{"index":"index","follow":"follow","max-snippet":"max-snippet:-1","max-image-preview":"max-image-preview:large","max-video-preview":"max-video-preview:-1"},"canonical":"https:\/\/energycer.com\/references\/biomass-and-waste-to-energy\/residential-2\/","og_locale":"hr_HR","og_type":"article","og_title":"STAMBENE ZGRADE - Circular Energy Resources Ltd.","og_description":"Obnovljiva energija u zajednici Hern\u00e1n Cort\u00e9s Odr\u017eivi projekt koji opskrbljuje energijom vi\u0161e od 170 domova. U pet zgrada ove mjesne zajednice smje\u0161tena","og_url":"https:\/\/energycer.com\/references\/biomass-and-waste-to-energy\/residential-2\/","og_site_name":"Circular Energy Resources Ltd.","article_modified_time":"2023-12-14T13:34:58+00:00","og_image":[{"width":694,"height":750,"url":"https:\/\/energycer.com\/cms\/wp-content\/uploads\/2023\/12\/Residential.jpg","type":"image\/jpeg"}],"twitter_card":"summary_large_image","twitter_misc":{"Procijenjeno vrijeme \u010ditanja":"1 minuta"},"schema":{"@context":"https:\/\/schema.org","@graph":[{"@type":"WebPage","@id":"https:\/\/energycer.com\/references\/biomass-and-waste-to-energy\/residential-2\/","url":"https:\/\/energycer.com\/references\/biomass-and-waste-to-energy\/residential-2\/","name":"STAMBENE ZGRADE - Circular Energy Resources Ltd.","isPartOf":{"@id":"https:\/\/energycer.com\/#website"},"datePublished":"2023-12-13T16:47:02+00:00","dateModified":"2023-12-14T13:34:58+00:00","description":"Obnovljiva energija u zajednici Hern\u00e1n Cort\u00e9s Odr\u017eivi projekt koji opskrbljuje energijom vi\u0161e od 170 domova. U pet zgrada ove mjesne zajednice smje\u0161tena","breadcrumb":{"@id":"https:\/\/energycer.com\/references\/biomass-and-waste-to-energy\/residential-2\/#breadcrumb"},"inLanguage":"hr","potentialAction":[{"@type":"ReadAction","target":["https:\/\/energycer.com\/references\/biomass-and-waste-to-energy\/residential-2\/"]}]},{"@type":"BreadcrumbList","@id":"https:\/\/energycer.com\/references\/biomass-and-waste-to-energy\/residential-2\/#breadcrumb","itemListElement":[{"@type":"ListItem","position":1,"name":"","item":"https:\/\/energycer.com\/hr\/"},{"@type":"ListItem","position":2,"name":"Reference","item":"https:\/\/energycer.com\/hr\/reference\/"},{"@type":"ListItem","position":3,"name":"Biomasa i Proizvodnja energije iz otpada","item":"https:\/\/energycer.com\/hr\/reference\/biomasa-i-proizvodnja-energije-iz-otpada\/"},{"@type":"ListItem","position":4,"name":"STAMBENE ZGRADE"}]},{"@type":"WebSite","@id":"https:\/\/energycer.com\/#website","url":"https:\/\/energycer.com\/","name":"Circular Energy Resources Ltd.","description":"","potentialAction":[{"@type":"SearchAction","target":{"@type":"EntryPoint","urlTemplate":"https:\/\/energycer.com\/?s={search_term_string}"},"query-input":"required name=search_term_string"}],"inLanguage":"hr"}]}},"_links":{"self":[{"href":"https:\/\/energycer.com\/hr\/wp-json\/wp\/v2\/pages\/2728"}],"collection":[{"href":"https:\/\/energycer.com\/hr\/wp-json\/wp\/v2\/pages"}],"about":[{"href":"https:\/\/energycer.com\/hr\/wp-json\/wp\/v2\/types\/page"}],"author":[{"embeddable":true,"href":"https:\/\/energycer.com\/hr\/wp-json\/wp\/v2\/users\/1"}],"replies":[{"embeddable":true,"href":"https:\/\/energycer.com\/hr\/wp-json\/wp\/v2\/comments?post=2728"}],"version-history":[{"count":3,"href":"https:\/\/energycer.com\/hr\/wp-json\/wp\/v2\/pages\/2728\/revisions"}],"predecessor-version":[{"id":2886,"href":"https:\/\/energycer.com\/hr\/wp-json\/wp\/v2\/pages\/2728\/revisions\/2886"}],"up":[{"embeddable":true,"href":"https:\/\/energycer.com\/hr\/wp-json\/wp\/v2\/pages\/2721"}],"wp:featuredmedia":[{"embeddable":true,"href":"https:\/\/energycer.com\/hr\/wp-json\/wp\/v2\/media\/2667"}],"wp:attachment":[{"href":"https:\/\/energycer.com\/hr\/wp-json\/wp\/v2\/media?parent=2728"}],"curies":[{"name":"wp","href":"https:\/\/api.w.org\/{rel}","templated":true}]}}