{"id":2725,"date":"2023-12-13T15:15:19","date_gmt":"2023-12-13T14:15:19","guid":{"rendered":"http:\/\/localhost\/energycer.codeart.studio\/project\/references\/biomass-and-waste-to-energy\/hotels-spa-and-tourism\/"},"modified":"2023-12-14T14:30:21","modified_gmt":"2023-12-14T13:30:21","slug":"hoteli-spa-i-turizam","status":"publish","type":"page","link":"https:\/\/energycer.com\/hr\/reference\/biomasa-i-proizvodnja-energije-iz-otpada\/hoteli-spa-i-turizam\/","title":{"rendered":"HOTELI, SPA I TURIZAM"},"content":{"rendered":"\n<h2 class=\"wp-block-heading\">Biomasa u hotelu Barcel\u00f3 Bobadilla<\/h2>\n\n\n\n<p>Smje\u0161ten u krajoliku Andaluzije izme\u0111u Costa del Sol i Granade, hotel koegzistira u prirodnom i jedinstveno integriranom okru\u017eenju zahvaljuju\u0107i svim provedenim mjerama za\u0161tite okoli\u0161a i kriterijima odr\u017eivosti. Me\u0111u raznim inicijativama za smanjenje emisija CO\u2082, hotel ima dva HERZ kotla na biomasu koji opskrbljuju toplom vodom sve hotelske objekte, bazen i toplice. Gorivo se dobiva iz ko\u0161tica masline. Projekt su izveli tvrtka Gebio i Termosun.<\/p>\n\n\n<section class=\"wp-block-acf-sliderlijevotekstdesno\" >\r\n<div class=\"row\" id=\"sliderFotografijarow_829146\">\r\n<div class=\"col-lg-6 col-md-6 col-12 outer slider\">\r\n    <div class=\"innerWrap\">\r\n    <div id=\"sliderFotografija_829146\" class=\"swiper sliderFotografija\">\r\n  <div class=\"swiper-wrapper\">\r\n<div class=\"singleSlide swiper-slide\">\r\n<div class=\"sliderContent\">\r\n<figure data-swiper-parallax=\"-900\">\r\n    <img decoding=\"async\" src=\"https:\/\/energycer.com\/cms\/wp-content\/uploads\/2023\/12\/1.jpg\">\r\n<\/figure>\r\n<\/div><!--\/.sliderContent-->\r\n<\/div><!--\/.singleSlide--> \r\n <div class=\"singleSlide swiper-slide\">\r\n<div class=\"sliderContent\">\r\n<figure data-swiper-parallax=\"-900\">\r\n    <img decoding=\"async\" src=\"https:\/\/energycer.com\/cms\/wp-content\/uploads\/2023\/12\/2.jpg\">\r\n<\/figure>\r\n<\/div><!--\/.sliderContent-->\r\n<\/div><!--\/.singleSlide--> \r\n <div class=\"singleSlide swiper-slide\">\r\n<div class=\"sliderContent\">\r\n<figure data-swiper-parallax=\"-900\">\r\n    <img decoding=\"async\" src=\"https:\/\/energycer.com\/cms\/wp-content\/uploads\/2023\/12\/3.jpg\">\r\n<\/figure>\r\n<\/div><!--\/.sliderContent-->\r\n<\/div><!--\/.singleSlide--> \r\n <div class=\"singleSlide swiper-slide\">\r\n<div class=\"sliderContent\">\r\n<figure data-swiper-parallax=\"-900\">\r\n    <img decoding=\"async\" src=\"https:\/\/energycer.com\/cms\/wp-content\/uploads\/2023\/12\/5.jpg\">\r\n<\/figure>\r\n<\/div><!--\/.sliderContent-->\r\n<\/div><!--\/.singleSlide--> \r\n  <\/div><!--\/.swiper-wrapper-->\r\n<\/div>\r\n    <\/div><!--\/.innerWrap-->\r\n<\/div><!--\/.outer-->\r\n<div class=\"col-lg-6 col-md-6 col-12 outer tekst\">\r\n    <div class=\"innerWrap\">\r\n        <div class=\"naslov\">\r\n            <h2><\/h2>\r\n        <\/div><!--\/.naslov-->\r\n        <div class=\"opis\">\r\n            <p>Model kotla: 1 BioMatic od 400 kW i 1 BioMatic od 300 kW<br \/>\nSnaga: 700 kW<br \/>\nGorivo: Ko\u0161tice maslina<br \/>\nSektor: Hotelski sektor<br \/>\nGodina postavljanja: 2009<br \/>\nOp\u0107ina \/ Provincija: Loja \/ Granada<\/p>\n        <\/div><!--\/.opis-->\r\n            <\/div><!--\/.innerWrap-->\r\n<\/div><!--\/.outer-->\r\n<\/div><!--\/.row-->\r\n<\/section>\r\n<script>\r\njQuery(document).ready(function($) {\r\n\r\n        function startSlider_829146() {\r\n            var swiper_829146 = new Swiper(\"#sliderFotografija_829146\", {\r\n            speed: 600,\r\n            parallax: false,\r\n            autoplay: {\r\n            delay: 3000,\r\n            disableOnInteraction: false,\r\n            },\r\n            effect: 'fade',\r\n            loop: true,\r\n            \/\/ pagination: {\r\n            \/\/   el: \".swiper-pagination\",\r\n            \/\/   clickable: true,\r\n            \/\/ },\r\n            navigation: {\r\n            nextEl: \".swiper-button-next\",\r\n            prevEl: \".swiper-button-prev\",\r\n            },\r\n            \/\/ scrollbar: {\r\n            \/\/   el: '.swiper-scrollbar',\r\n            \/\/   draggable: true,\r\n            \/\/ },\r\n        });\r\n    }\r\n\r\n    setTimeout(startSlider_829146, 600);\r\n});  \r\n<\/script>\n\n\n<hr class=\"wp-block-separator has-alpha-channel-opacity\"\/>\n\n\n\n<div style=\"height:40px\" aria-hidden=\"true\" class=\"wp-block-spacer\"><\/div>\n\n\n\n<h2 class=\"wp-block-heading\">Klimatizacija na biomasu u Monasterio de Valbuena<\/h2>\n\n\n\n<p>Smje\u0161ten u srcu Ribera del Duero, Hotel Castilla Termal Monasterio de Valbuena nalazi se u jednom od najbolje o\u010duvanih cistercitskih samostana u Europi, \u010dija izgradnja datira iz XII. stolje\u0107a. Ova nekretnina ima 79 spava\u0107ih soba i 18.000 \u010detvornih metara od kojih je 2.000 namijenjeno toplicama. Njegovi glavni izvori energije su biomasa i geotermalna energija. Ima dva vatromatska kotla snage 300 kW. Ref. expobiomasa 2017. Nositelj projekta je tvrtka Termosun.<\/p>\n\n\n<section class=\"wp-block-acf-sliderlijevotekstdesno\" >\r\n<div class=\"row\" id=\"sliderFotografijarow_135460\">\r\n<div class=\"col-lg-6 col-md-6 col-12 outer slider\">\r\n    <div class=\"innerWrap\">\r\n    <div id=\"sliderFotografija_135460\" class=\"swiper sliderFotografija\">\r\n  <div class=\"swiper-wrapper\">\r\n<div class=\"singleSlide swiper-slide\">\r\n<div class=\"sliderContent\">\r\n<figure data-swiper-parallax=\"-900\">\r\n    <img decoding=\"async\" src=\"https:\/\/energycer.com\/cms\/wp-content\/uploads\/2023\/12\/1-1.jpg\">\r\n<\/figure>\r\n<\/div><!--\/.sliderContent-->\r\n<\/div><!--\/.singleSlide--> \r\n <div class=\"singleSlide swiper-slide\">\r\n<div class=\"sliderContent\">\r\n<figure data-swiper-parallax=\"-900\">\r\n    <img decoding=\"async\" src=\"https:\/\/energycer.com\/cms\/wp-content\/uploads\/2023\/12\/2-1.jpg\">\r\n<\/figure>\r\n<\/div><!--\/.sliderContent-->\r\n<\/div><!--\/.singleSlide--> \r\n <div class=\"singleSlide swiper-slide\">\r\n<div class=\"sliderContent\">\r\n<figure data-swiper-parallax=\"-900\">\r\n    <img decoding=\"async\" src=\"https:\/\/energycer.com\/cms\/wp-content\/uploads\/2023\/12\/3-1.jpg\">\r\n<\/figure>\r\n<\/div><!--\/.sliderContent-->\r\n<\/div><!--\/.singleSlide--> \r\n <div class=\"singleSlide swiper-slide\">\r\n<div class=\"sliderContent\">\r\n<figure data-swiper-parallax=\"-900\">\r\n    <img decoding=\"async\" src=\"https:\/\/energycer.com\/cms\/wp-content\/uploads\/2023\/12\/4.jpg\">\r\n<\/figure>\r\n<\/div><!--\/.sliderContent-->\r\n<\/div><!--\/.singleSlide--> \r\n <div class=\"singleSlide swiper-slide\">\r\n<div class=\"sliderContent\">\r\n<figure data-swiper-parallax=\"-900\">\r\n    <img decoding=\"async\" src=\"https:\/\/energycer.com\/cms\/wp-content\/uploads\/2023\/12\/5-1.jpg\">\r\n<\/figure>\r\n<\/div><!--\/.sliderContent-->\r\n<\/div><!--\/.singleSlide--> \r\n  <\/div><!--\/.swiper-wrapper-->\r\n<\/div>\r\n    <\/div><!--\/.innerWrap-->\r\n<\/div><!--\/.outer-->\r\n<div class=\"col-lg-6 col-md-6 col-12 outer tekst\">\r\n    <div class=\"innerWrap\">\r\n        <div class=\"naslov\">\r\n            <h2><\/h2>\r\n        <\/div><!--\/.naslov-->\r\n        <div class=\"opis\">\r\n            <p>Model kotla: 2 firematic od 300 kW<br \/>\nSnaga: 600 kW<br \/>\nGorivo: Iverje, sje\u010dka<br \/>\nSektor: Hotelski sektor<br \/>\nGodina instalacije: 2015<br \/>\nOp\u0107ina \/ Provincija: San Bernardo \/ Valladolid<\/p>\n        <\/div><!--\/.opis-->\r\n            <\/div><!--\/.innerWrap-->\r\n<\/div><!--\/.outer-->\r\n<\/div><!--\/.row-->\r\n<\/section>\r\n<script>\r\njQuery(document).ready(function($) {\r\n\r\n        function startSlider_135460() {\r\n            var swiper_135460 = new Swiper(\"#sliderFotografija_135460\", {\r\n            speed: 600,\r\n            parallax: false,\r\n            autoplay: {\r\n            delay: 3000,\r\n            disableOnInteraction: false,\r\n            },\r\n            effect: 'fade',\r\n            loop: true,\r\n            \/\/ pagination: {\r\n            \/\/   el: \".swiper-pagination\",\r\n            \/\/   clickable: true,\r\n            \/\/ },\r\n            navigation: {\r\n            nextEl: \".swiper-button-next\",\r\n            prevEl: \".swiper-button-prev\",\r\n            },\r\n            \/\/ scrollbar: {\r\n            \/\/   el: '.swiper-scrollbar',\r\n            \/\/   draggable: true,\r\n            \/\/ },\r\n        });\r\n    }\r\n\r\n    setTimeout(startSlider_135460, 600);\r\n});  \r\n<\/script>\n\n\n<hr class=\"wp-block-separator has-alpha-channel-opacity\"\/>\n\n\n\n<div style=\"height:40px\" aria-hidden=\"true\" class=\"wp-block-spacer\"><\/div>\n\n\n\n<h2 class=\"wp-block-heading\">Biomasa u Hotelu Spa Sierra de Cazorla<\/h2>\n\n\n\n<p>Ugradnja 2 kotla na biomasu HERZ Biomatic 400 kW. Hotel ispunjava uvjete da nosi naziv Energetski odr\u017eivi hotel. 2006. godine ugra\u0111ena su 2 kotla HERZ Biomatic 400 kW. Ima dva silosa, kapaciteta 45.000 kg svaki, a koristi ko\u0161tice maslina za proizvodnju toplinske energije za potro\u0161nu toplu vodu, grijanje, spa i fitness centar. Projekt je izvela tvrtka Termosun.<\/p>\n\n\n<section class=\"wp-block-acf-sliderlijevotekstdesno\" >\r\n<div class=\"row\" id=\"sliderFotografijarow_368290\">\r\n<div class=\"col-lg-6 col-md-6 col-12 outer slider\">\r\n    <div class=\"innerWrap\">\r\n    <div id=\"sliderFotografija_368290\" class=\"swiper sliderFotografija\">\r\n  <div class=\"swiper-wrapper\">\r\n<div class=\"singleSlide swiper-slide\">\r\n<div class=\"sliderContent\">\r\n<figure data-swiper-parallax=\"-900\">\r\n    <img decoding=\"async\" src=\"https:\/\/energycer.com\/cms\/wp-content\/uploads\/2023\/12\/1-2.jpg\">\r\n<\/figure>\r\n<\/div><!--\/.sliderContent-->\r\n<\/div><!--\/.singleSlide--> \r\n <div class=\"singleSlide swiper-slide\">\r\n<div class=\"sliderContent\">\r\n<figure data-swiper-parallax=\"-900\">\r\n    <img decoding=\"async\" src=\"https:\/\/energycer.com\/cms\/wp-content\/uploads\/2023\/12\/2-2.jpg\">\r\n<\/figure>\r\n<\/div><!--\/.sliderContent-->\r\n<\/div><!--\/.singleSlide--> \r\n <div class=\"singleSlide swiper-slide\">\r\n<div class=\"sliderContent\">\r\n<figure data-swiper-parallax=\"-900\">\r\n    <img decoding=\"async\" src=\"https:\/\/energycer.com\/cms\/wp-content\/uploads\/2023\/12\/4-1.jpg\">\r\n<\/figure>\r\n<\/div><!--\/.sliderContent-->\r\n<\/div><!--\/.singleSlide--> \r\n <div class=\"singleSlide swiper-slide\">\r\n<div class=\"sliderContent\">\r\n<figure data-swiper-parallax=\"-900\">\r\n    <img decoding=\"async\" src=\"https:\/\/energycer.com\/cms\/wp-content\/uploads\/2023\/12\/5-2.jpg\">\r\n<\/figure>\r\n<\/div><!--\/.sliderContent-->\r\n<\/div><!--\/.singleSlide--> \r\n  <\/div><!--\/.swiper-wrapper-->\r\n<\/div>\r\n    <\/div><!--\/.innerWrap-->\r\n<\/div><!--\/.outer-->\r\n<div class=\"col-lg-6 col-md-6 col-12 outer tekst\">\r\n    <div class=\"innerWrap\">\r\n        <div class=\"naslov\">\r\n            <h2><\/h2>\r\n        <\/div><!--\/.naslov-->\r\n        <div class=\"opis\">\r\n            <p>Model kotla: 2 HERZ Biomatic od 400 kW<br \/>\nSnaga: 800 kW<br \/>\nGorivo: Ko\u0161tice maslina<br \/>\nSektor: Hotelski sektor<br \/>\nGodina postavljanja: 2006<br \/>\nOp\u0107ina \/ Provincija: Cazorla \/ Ja\u00e9n<\/p>\n        <\/div><!--\/.opis-->\r\n            <\/div><!--\/.innerWrap-->\r\n<\/div><!--\/.outer-->\r\n<\/div><!--\/.row-->\r\n<\/section>\r\n<script>\r\njQuery(document).ready(function($) {\r\n\r\n        function startSlider_368290() {\r\n            var swiper_368290 = new Swiper(\"#sliderFotografija_368290\", {\r\n            speed: 600,\r\n            parallax: false,\r\n            autoplay: {\r\n            delay: 3000,\r\n            disableOnInteraction: false,\r\n            },\r\n            effect: 'fade',\r\n            loop: true,\r\n            \/\/ pagination: {\r\n            \/\/   el: \".swiper-pagination\",\r\n            \/\/   clickable: true,\r\n            \/\/ },\r\n            navigation: {\r\n            nextEl: \".swiper-button-next\",\r\n            prevEl: \".swiper-button-prev\",\r\n            },\r\n            \/\/ scrollbar: {\r\n            \/\/   el: '.swiper-scrollbar',\r\n            \/\/   draggable: true,\r\n            \/\/ },\r\n        });\r\n    }\r\n\r\n    setTimeout(startSlider_368290, 600);\r\n});  \r\n<\/script>\n\n\n<hr class=\"wp-block-separator has-alpha-channel-opacity\"\/>\n\n\n\n<div style=\"height:40px\" aria-hidden=\"true\" class=\"wp-block-spacer\"><\/div>\n\n\n\n<h2 class=\"wp-block-heading\">Ugradnja kotla na biomasu u hotelu El Montany\u00e0 Resort &amp; Spa<\/h2>\n\n\n\n<p>Ugradnja kotla HERZ BioFire 1000 kW za hotelski kompleks El Montany\u00e0 Resort &amp; Spa. Montany\u00e0 Resort &amp; Spa (Seva, Barcelona) sastoji se od 2 hotela od 14.454 m\u00b2 i 4.404 m\u00b2, sa 142 i 67 spava\u0107ih soba. Hoteli su odvojeni i postavljena je toplinska mre\u017ea. Gorivo: G50\/P45 splinter Silos: 48 tona, ova instalacija omogu\u0107ila je ovom hotelskom kompleksu stjecanje A energetske ocjene. Instalaciju i investiciju izvela je tvrtka Energrup Bio-renewables, SL.<\/p>\n\n\n<section class=\"wp-block-acf-sliderlijevotekstdesno\" >\r\n<div class=\"row\" id=\"sliderFotografijarow_199530\">\r\n<div class=\"col-lg-6 col-md-6 col-12 outer slider\">\r\n    <div class=\"innerWrap\">\r\n    <div id=\"sliderFotografija_199530\" class=\"swiper sliderFotografija\">\r\n  <div class=\"swiper-wrapper\">\r\n<div class=\"singleSlide swiper-slide\">\r\n<div class=\"sliderContent\">\r\n<figure data-swiper-parallax=\"-900\">\r\n    <img decoding=\"async\" src=\"https:\/\/energycer.com\/cms\/wp-content\/uploads\/2023\/12\/1-3-1.jpg\">\r\n<\/figure>\r\n<\/div><!--\/.sliderContent-->\r\n<\/div><!--\/.singleSlide--> \r\n <div class=\"singleSlide swiper-slide\">\r\n<div class=\"sliderContent\">\r\n<figure data-swiper-parallax=\"-900\">\r\n    <img decoding=\"async\" src=\"https:\/\/energycer.com\/cms\/wp-content\/uploads\/2023\/12\/2-3.jpg\">\r\n<\/figure>\r\n<\/div><!--\/.sliderContent-->\r\n<\/div><!--\/.singleSlide--> \r\n <div class=\"singleSlide swiper-slide\">\r\n<div class=\"sliderContent\">\r\n<figure data-swiper-parallax=\"-900\">\r\n    <img decoding=\"async\" src=\"https:\/\/energycer.com\/cms\/wp-content\/uploads\/2023\/12\/3-2.jpg\">\r\n<\/figure>\r\n<\/div><!--\/.sliderContent-->\r\n<\/div><!--\/.singleSlide--> \r\n <div class=\"singleSlide swiper-slide\">\r\n<div class=\"sliderContent\">\r\n<figure data-swiper-parallax=\"-900\">\r\n    <img decoding=\"async\" src=\"https:\/\/energycer.com\/cms\/wp-content\/uploads\/2023\/12\/4-2.jpg\">\r\n<\/figure>\r\n<\/div><!--\/.sliderContent-->\r\n<\/div><!--\/.singleSlide--> \r\n <div class=\"singleSlide swiper-slide\">\r\n<div class=\"sliderContent\">\r\n<figure data-swiper-parallax=\"-900\">\r\n    <img decoding=\"async\" src=\"https:\/\/energycer.com\/cms\/wp-content\/uploads\/2023\/12\/5-3.jpg\">\r\n<\/figure>\r\n<\/div><!--\/.sliderContent-->\r\n<\/div><!--\/.singleSlide--> \r\n  <\/div><!--\/.swiper-wrapper-->\r\n<\/div>\r\n    <\/div><!--\/.innerWrap-->\r\n<\/div><!--\/.outer-->\r\n<div class=\"col-lg-6 col-md-6 col-12 outer tekst\">\r\n    <div class=\"innerWrap\">\r\n        <div class=\"naslov\">\r\n            <h2><\/h2>\r\n        <\/div><!--\/.naslov-->\r\n        <div class=\"opis\">\r\n            <p>Model kotla: 1 BioFire od 1.000 kW<br \/>\nSnaga: 1.000 kW<br \/>\nGorivo: Splinter G50\/P45<br \/>\nSektor: Hotelski sektor<br \/>\nGodina postavljanja: 2014.<br \/>\nOp\u0107ina \/ Provincija: Seva \/ Barcelona<\/p>\n        <\/div><!--\/.opis-->\r\n            <\/div><!--\/.innerWrap-->\r\n<\/div><!--\/.outer-->\r\n<\/div><!--\/.row-->\r\n<\/section>\r\n<script>\r\njQuery(document).ready(function($) {\r\n\r\n        function startSlider_199530() {\r\n            var swiper_199530 = new Swiper(\"#sliderFotografija_199530\", {\r\n            speed: 600,\r\n            parallax: false,\r\n            autoplay: {\r\n            delay: 3000,\r\n            disableOnInteraction: false,\r\n            },\r\n            effect: 'fade',\r\n            loop: true,\r\n            \/\/ pagination: {\r\n            \/\/   el: \".swiper-pagination\",\r\n            \/\/   clickable: true,\r\n            \/\/ },\r\n            navigation: {\r\n            nextEl: \".swiper-button-next\",\r\n            prevEl: \".swiper-button-prev\",\r\n            },\r\n            \/\/ scrollbar: {\r\n            \/\/   el: '.swiper-scrollbar',\r\n            \/\/   draggable: true,\r\n            \/\/ },\r\n        });\r\n    }\r\n\r\n    setTimeout(startSlider_199530, 600);\r\n});  \r\n<\/script>","protected":false},"excerpt":{"rendered":"<p>Biomasa u hotelu Barcel\u00f3 Bobadilla Smje\u0161ten u krajoliku Andaluzije izme\u0111u Costa del Sol i Granade, hotel koegzistira u prirodnom i jedinstveno integriranom okru\u017eenju zahvaljuju\u0107i svim provedenim mjerama za\u0161tite okoli\u0161a i kriterijima odr\u017eivosti. Me\u0111u raznim inicijativama za smanjenje emisija CO\u2082, hotel ima dva HERZ kotla na biomasu koji opskrbljuju toplom vodom sve hotelske objekte, bazen i&hellip;<\/p>\n","protected":false},"author":1,"featured_media":2610,"parent":2721,"menu_order":0,"comment_status":"closed","ping_status":"closed","template":"","meta":{"footnotes":""},"acf":[],"yoast_head":"<!-- This site is optimized with the Yoast SEO plugin v21.7 - https:\/\/yoast.com\/wordpress\/plugins\/seo\/ -->\n<title>HOTELI, SPA I TURIZAM - Circular Energy Resources Ltd.<\/title>\n<meta name=\"description\" content=\"Biomasa u hotelu Barcel\u00f3 Bobadilla Smje\u0161ten u krajoliku Andaluzije izme\u0111u Costa del Sol i Granade, hotel koegzistira u prirodnom i jedinstveno\" \/>\n<meta name=\"robots\" content=\"index, follow, max-snippet:-1, max-image-preview:large, max-video-preview:-1\" \/>\n<link rel=\"canonical\" href=\"https:\/\/energycer.com\/hr\/reference\/biomasa-i-proizvodnja-energije-iz-otpada\/hoteli-spa-i-turizam\/\" \/>\n<meta property=\"og:locale\" content=\"hr_HR\" \/>\n<meta property=\"og:type\" content=\"article\" \/>\n<meta property=\"og:title\" content=\"HOTELI, SPA I TURIZAM - Circular Energy Resources Ltd.\" \/>\n<meta property=\"og:description\" content=\"Biomasa u hotelu Barcel\u00f3 Bobadilla Smje\u0161ten u krajoliku Andaluzije izme\u0111u Costa del Sol i Granade, hotel koegzistira u prirodnom i jedinstveno\" \/>\n<meta property=\"og:url\" content=\"https:\/\/energycer.com\/hr\/reference\/biomasa-i-proizvodnja-energije-iz-otpada\/hoteli-spa-i-turizam\/\" \/>\n<meta property=\"og:site_name\" content=\"Circular Energy Resources Ltd.\" \/>\n<meta property=\"article:modified_time\" content=\"2023-12-14T13:30:21+00:00\" \/>\n<meta property=\"og:image\" content=\"https:\/\/energycer.com\/cms\/wp-content\/uploads\/2023\/12\/HOTELS.jpg\" \/>\n\t<meta property=\"og:image:width\" content=\"800\" \/>\n\t<meta property=\"og:image:height\" content=\"500\" \/>\n\t<meta property=\"og:image:type\" content=\"image\/jpeg\" \/>\n<meta name=\"twitter:card\" content=\"summary_large_image\" \/>\n<meta name=\"twitter:label1\" content=\"Procijenjeno vrijeme \u010ditanja\" \/>\n\t<meta name=\"twitter:data1\" content=\"2 minute\" \/>\n<script type=\"application\/ld+json\" class=\"yoast-schema-graph\">{\"@context\":\"https:\/\/schema.org\",\"@graph\":[{\"@type\":\"WebPage\",\"@id\":\"https:\/\/energycer.com\/hr\/reference\/biomasa-i-proizvodnja-energije-iz-otpada\/hoteli-spa-i-turizam\/\",\"url\":\"https:\/\/energycer.com\/hr\/reference\/biomasa-i-proizvodnja-energije-iz-otpada\/hoteli-spa-i-turizam\/\",\"name\":\"HOTELI, SPA I TURIZAM - Circular Energy Resources Ltd.\",\"isPartOf\":{\"@id\":\"https:\/\/energycer.com\/#website\"},\"datePublished\":\"2023-12-13T14:15:19+00:00\",\"dateModified\":\"2023-12-14T13:30:21+00:00\",\"description\":\"Biomasa u hotelu Barcel\u00f3 Bobadilla Smje\u0161ten u krajoliku Andaluzije izme\u0111u Costa del Sol i Granade, hotel koegzistira u prirodnom i jedinstveno\",\"breadcrumb\":{\"@id\":\"https:\/\/energycer.com\/hr\/reference\/biomasa-i-proizvodnja-energije-iz-otpada\/hoteli-spa-i-turizam\/#breadcrumb\"},\"inLanguage\":\"hr\",\"potentialAction\":[{\"@type\":\"ReadAction\",\"target\":[\"https:\/\/energycer.com\/hr\/reference\/biomasa-i-proizvodnja-energije-iz-otpada\/hoteli-spa-i-turizam\/\"]}]},{\"@type\":\"BreadcrumbList\",\"@id\":\"https:\/\/energycer.com\/hr\/reference\/biomasa-i-proizvodnja-energije-iz-otpada\/hoteli-spa-i-turizam\/#breadcrumb\",\"itemListElement\":[{\"@type\":\"ListItem\",\"position\":1,\"name\":\"\",\"item\":\"https:\/\/energycer.com\/hr\/\"},{\"@type\":\"ListItem\",\"position\":2,\"name\":\"Reference\",\"item\":\"https:\/\/energycer.com\/hr\/reference\/\"},{\"@type\":\"ListItem\",\"position\":3,\"name\":\"Biomasa i Proizvodnja energije iz otpada\",\"item\":\"https:\/\/energycer.com\/hr\/reference\/biomasa-i-proizvodnja-energije-iz-otpada\/\"},{\"@type\":\"ListItem\",\"position\":4,\"name\":\"HOTELI, SPA I TURIZAM\"}]},{\"@type\":\"WebSite\",\"@id\":\"https:\/\/energycer.com\/#website\",\"url\":\"https:\/\/energycer.com\/\",\"name\":\"Circular Energy Resources Ltd.\",\"description\":\"\",\"potentialAction\":[{\"@type\":\"SearchAction\",\"target\":{\"@type\":\"EntryPoint\",\"urlTemplate\":\"https:\/\/energycer.com\/?s={search_term_string}\"},\"query-input\":\"required name=search_term_string\"}],\"inLanguage\":\"hr\"}]}<\/script>\n<!-- \/ Yoast SEO plugin. -->","yoast_head_json":{"title":"HOTELI, SPA I TURIZAM - Circular Energy Resources Ltd.","description":"Biomasa u hotelu Barcel\u00f3 Bobadilla Smje\u0161ten u krajoliku Andaluzije izme\u0111u Costa del Sol i Granade, hotel koegzistira u prirodnom i jedinstveno","robots":{"index":"index","follow":"follow","max-snippet":"max-snippet:-1","max-image-preview":"max-image-preview:large","max-video-preview":"max-video-preview:-1"},"canonical":"https:\/\/energycer.com\/hr\/reference\/biomasa-i-proizvodnja-energije-iz-otpada\/hoteli-spa-i-turizam\/","og_locale":"hr_HR","og_type":"article","og_title":"HOTELI, SPA I TURIZAM - Circular Energy Resources Ltd.","og_description":"Biomasa u hotelu Barcel\u00f3 Bobadilla Smje\u0161ten u krajoliku Andaluzije izme\u0111u Costa del Sol i Granade, hotel koegzistira u prirodnom i jedinstveno","og_url":"https:\/\/energycer.com\/hr\/reference\/biomasa-i-proizvodnja-energije-iz-otpada\/hoteli-spa-i-turizam\/","og_site_name":"Circular Energy Resources Ltd.","article_modified_time":"2023-12-14T13:30:21+00:00","og_image":[{"width":800,"height":500,"url":"https:\/\/energycer.com\/cms\/wp-content\/uploads\/2023\/12\/HOTELS.jpg","type":"image\/jpeg"}],"twitter_card":"summary_large_image","twitter_misc":{"Procijenjeno vrijeme \u010ditanja":"2 minute"},"schema":{"@context":"https:\/\/schema.org","@graph":[{"@type":"WebPage","@id":"https:\/\/energycer.com\/hr\/reference\/biomasa-i-proizvodnja-energije-iz-otpada\/hoteli-spa-i-turizam\/","url":"https:\/\/energycer.com\/hr\/reference\/biomasa-i-proizvodnja-energije-iz-otpada\/hoteli-spa-i-turizam\/","name":"HOTELI, SPA I TURIZAM - Circular Energy Resources Ltd.","isPartOf":{"@id":"https:\/\/energycer.com\/#website"},"datePublished":"2023-12-13T14:15:19+00:00","dateModified":"2023-12-14T13:30:21+00:00","description":"Biomasa u hotelu Barcel\u00f3 Bobadilla Smje\u0161ten u krajoliku Andaluzije izme\u0111u Costa del Sol i Granade, hotel koegzistira u prirodnom i jedinstveno","breadcrumb":{"@id":"https:\/\/energycer.com\/hr\/reference\/biomasa-i-proizvodnja-energije-iz-otpada\/hoteli-spa-i-turizam\/#breadcrumb"},"inLanguage":"hr","potentialAction":[{"@type":"ReadAction","target":["https:\/\/energycer.com\/hr\/reference\/biomasa-i-proizvodnja-energije-iz-otpada\/hoteli-spa-i-turizam\/"]}]},{"@type":"BreadcrumbList","@id":"https:\/\/energycer.com\/hr\/reference\/biomasa-i-proizvodnja-energije-iz-otpada\/hoteli-spa-i-turizam\/#breadcrumb","itemListElement":[{"@type":"ListItem","position":1,"name":"","item":"https:\/\/energycer.com\/hr\/"},{"@type":"ListItem","position":2,"name":"Reference","item":"https:\/\/energycer.com\/hr\/reference\/"},{"@type":"ListItem","position":3,"name":"Biomasa i Proizvodnja energije iz otpada","item":"https:\/\/energycer.com\/hr\/reference\/biomasa-i-proizvodnja-energije-iz-otpada\/"},{"@type":"ListItem","position":4,"name":"HOTELI, SPA I TURIZAM"}]},{"@type":"WebSite","@id":"https:\/\/energycer.com\/#website","url":"https:\/\/energycer.com\/","name":"Circular Energy Resources Ltd.","description":"","potentialAction":[{"@type":"SearchAction","target":{"@type":"EntryPoint","urlTemplate":"https:\/\/energycer.com\/?s={search_term_string}"},"query-input":"required name=search_term_string"}],"inLanguage":"hr"}]}},"_links":{"self":[{"href":"https:\/\/energycer.com\/hr\/wp-json\/wp\/v2\/pages\/2725"}],"collection":[{"href":"https:\/\/energycer.com\/hr\/wp-json\/wp\/v2\/pages"}],"about":[{"href":"https:\/\/energycer.com\/hr\/wp-json\/wp\/v2\/types\/page"}],"author":[{"embeddable":true,"href":"https:\/\/energycer.com\/hr\/wp-json\/wp\/v2\/users\/1"}],"replies":[{"embeddable":true,"href":"https:\/\/energycer.com\/hr\/wp-json\/wp\/v2\/comments?post=2725"}],"version-history":[{"count":3,"href":"https:\/\/energycer.com\/hr\/wp-json\/wp\/v2\/pages\/2725\/revisions"}],"predecessor-version":[{"id":2875,"href":"https:\/\/energycer.com\/hr\/wp-json\/wp\/v2\/pages\/2725\/revisions\/2875"}],"up":[{"embeddable":true,"href":"https:\/\/energycer.com\/hr\/wp-json\/wp\/v2\/pages\/2721"}],"wp:featuredmedia":[{"embeddable":true,"href":"https:\/\/energycer.com\/hr\/wp-json\/wp\/v2\/media\/2610"}],"wp:attachment":[{"href":"https:\/\/energycer.com\/hr\/wp-json\/wp\/v2\/media?parent=2725"}],"curies":[{"name":"wp","href":"https:\/\/api.w.org\/{rel}","templated":true}]}}