{"id":2723,"date":"2023-12-13T17:39:24","date_gmt":"2023-12-13T16:39:24","guid":{"rendered":"http:\/\/localhost\/energycer.codeart.studio\/project\/references\/biomass-and-waste-to-energy\/educational-and-cultural-centers\/"},"modified":"2023-12-14T14:32:15","modified_gmt":"2023-12-14T13:32:15","slug":"obrazovni-i-kulturni-centri","status":"publish","type":"page","link":"https:\/\/energycer.com\/hr\/reference\/biomasa-i-proizvodnja-energije-iz-otpada\/obrazovni-i-kulturni-centri\/","title":{"rendered":"OBRAZOVNI I KULTURNI CENTRI"},"content":{"rendered":"\n<h2 class=\"wp-block-heading\">Instalacije na biomasu u javnim i privatnim obrazovnim centrima<\/h2>\n\n\n\n<p>Biomasa je obnovljiva energija koja pru\u017ea udobnost i u\u0161tede, ali i dru\u0161tvene i ekolo\u0161ke koristi. Instalacije na biomasu prisutne su u vrlo razli\u010ditim sektorima; u domovima kulture, muzejima, istra\u017eiva\u010dkim centrima i vi\u0161e od 100 \u0161kola, srednjih \u0161kola, vrti\u0107a\u2026 ve\u0107 imaju HERZ kotlove na biomasu.<\/p>\n\n\n\n<p><strong>\u0160kole grijane HERZ kotlovima:<\/strong><\/p>\n\n\n\n<ul>\n<li>IES Jovellanos, 500 kW, Asturija<\/li>\n\n\n\n<li>Colegio Motilla del Palancar, 400 kW, Cuenca<\/li>\n\n\n\n<li>Colegio Munera, 400 kW, Albacete<\/li>\n\n\n\n<li>CEIP El Sitjar, 220 kW, Lleida<\/li>\n\n\n\n<li>IES Chiloeches, 220 kW, Guadalajara<\/li>\n\n\n\n<li>Colegio Andr\u00e9s Mart\u00edn, 150 kW, Ja\u00e9n<\/li>\n\n\n\n<li>CEC Catalunya, 500 kW, La Garriga<\/li>\n\n\n\n<li>Colegio San Bartolom\u00e9, 150 kW, Asturias<\/li>\n\n\n\n<li>Guarder\u00eda Sant Cebri\u00e0, 150 kW, Barcelona<\/li>\n\n\n\n<li>Guarder\u00eda Mois\u00e9s, 90 kW, Barcelona<\/li>\n<\/ul>\n\n\n<section class=\"wp-block-acf-sliderlijevotekstdesno\" >\r\n<div class=\"row\" id=\"sliderFotografijarow_76128\">\r\n<div class=\"col-lg-6 col-md-6 col-12 outer slider\">\r\n    <div class=\"innerWrap\">\r\n    <div id=\"sliderFotografija_76128\" class=\"swiper sliderFotografija\">\r\n  <div class=\"swiper-wrapper\">\r\n<div class=\"singleSlide swiper-slide\">\r\n<div class=\"sliderContent\">\r\n<figure data-swiper-parallax=\"-900\">\r\n    <img decoding=\"async\" src=\"https:\/\/energycer.com\/cms\/wp-content\/uploads\/2023\/12\/Sshools.jpg\">\r\n<\/figure>\r\n<\/div><!--\/.sliderContent-->\r\n<\/div><!--\/.singleSlide--> \r\n  <\/div><!--\/.swiper-wrapper-->\r\n<\/div>\r\n    <\/div><!--\/.innerWrap-->\r\n<\/div><!--\/.outer-->\r\n<div class=\"col-lg-6 col-md-6 col-12 outer tekst\">\r\n    <div class=\"innerWrap\">\r\n        <div class=\"naslov\">\r\n            <h2><\/h2>\r\n        <\/div><!--\/.naslov-->\r\n        <div class=\"opis\">\r\n            <p>Model kotla: Herz<br \/>\nGorivo: Peleti i iverje, sje\u010dka<br \/>\nSektor: Obrazovni i kulturni centri<br \/>\nOp\u0107ina \/ Provincija: \u0160panjolska, Portugal, Andora<\/p>\n        <\/div><!--\/.opis-->\r\n            <\/div><!--\/.innerWrap-->\r\n<\/div><!--\/.outer-->\r\n<\/div><!--\/.row-->\r\n<\/section>\r\n<script>\r\njQuery(document).ready(function($) {\r\n\r\n        function startSlider_76128() {\r\n            var swiper_76128 = new Swiper(\"#sliderFotografija_76128\", {\r\n            speed: 600,\r\n            parallax: false,\r\n            autoplay: {\r\n            delay: 3000,\r\n            disableOnInteraction: false,\r\n            },\r\n            effect: 'fade',\r\n            loop: true,\r\n            \/\/ pagination: {\r\n            \/\/   el: \".swiper-pagination\",\r\n            \/\/   clickable: true,\r\n            \/\/ },\r\n            navigation: {\r\n            nextEl: \".swiper-button-next\",\r\n            prevEl: \".swiper-button-prev\",\r\n            },\r\n            \/\/ scrollbar: {\r\n            \/\/   el: '.swiper-scrollbar',\r\n            \/\/   draggable: true,\r\n            \/\/ },\r\n        });\r\n    }\r\n\r\n    setTimeout(startSlider_76128, 600);\r\n});  \r\n<\/script>\n\n\n<hr class=\"wp-block-separator has-alpha-channel-opacity\"\/>\n\n\n\n<div style=\"height:40px\" aria-hidden=\"true\" class=\"wp-block-spacer\"><\/div>\n\n\n\n<h2 class=\"wp-block-heading\">PRAE Centro de Recursos Ambientales (Ekolo\u0161ki resursni centar), zelena zgrada<\/h2>\n\n\n\n<p>Odr\u017eivost i energetska u\u010dinkovitost u Centro de Recursos Ambientales de Valladolid. Ova &#8216;eko-u\u010dinkovita&#8217; i &#8216;bioklimatska&#8217; zgrada, od 3.500 \u010detvornih metara izgra\u0111ene povr\u0161ine, ima razli\u010dite sustave koji omogu\u0107uju maksimalno kori\u0161tenje energije, sa solarnim panelima i drugim izvorima obnovljive energije kao \u0161to su na\u0161i kotlovi na biomasu. Me\u0111u ostalim priznanjima, dobio je Zeleni pe\u010dat (el Sello Verde) i prvu nagradu za odr\u017eivu gradnju (Premio de Edificaci\u00f3n Sostenible) od Instituta de la Construcci\u00f3n de Castilla y Le\u00f3n 2006. godine. Projekt je izvela tvrtka Termosun .<\/p>\n\n\n<section class=\"wp-block-acf-sliderlijevotekstdesno\" >\r\n<div class=\"row\" id=\"sliderFotografijarow_536624\">\r\n<div class=\"col-lg-6 col-md-6 col-12 outer slider\">\r\n    <div class=\"innerWrap\">\r\n    <div id=\"sliderFotografija_536624\" class=\"swiper sliderFotografija\">\r\n  <div class=\"swiper-wrapper\">\r\n<div class=\"singleSlide swiper-slide\">\r\n<div class=\"sliderContent\">\r\n<figure data-swiper-parallax=\"-900\">\r\n    <img decoding=\"async\" src=\"https:\/\/energycer.com\/cms\/wp-content\/uploads\/2023\/12\/Valladolid.jpg\">\r\n<\/figure>\r\n<\/div><!--\/.sliderContent-->\r\n<\/div><!--\/.singleSlide--> \r\n  <\/div><!--\/.swiper-wrapper-->\r\n<\/div>\r\n    <\/div><!--\/.innerWrap-->\r\n<\/div><!--\/.outer-->\r\n<div class=\"col-lg-6 col-md-6 col-12 outer tekst\">\r\n    <div class=\"innerWrap\">\r\n        <div class=\"naslov\">\r\n            <h2><\/h2>\r\n        <\/div><!--\/.naslov-->\r\n        <div class=\"opis\">\r\n            <p>Model kotla: 3 Firematic 500 kW<br \/>\nSnaga: 1.500 kW<br \/>\nGorivo: Peleti<br \/>\nSektor: Administracija i sektor centralnog grijanja Godina instalacije: 2018 Op\u0107ina \/ Provincija: Valladolid<\/p>\n        <\/div><!--\/.opis-->\r\n            <\/div><!--\/.innerWrap-->\r\n<\/div><!--\/.outer-->\r\n<\/div><!--\/.row-->\r\n<\/section>\r\n<script>\r\njQuery(document).ready(function($) {\r\n\r\n        function startSlider_536624() {\r\n            var swiper_536624 = new Swiper(\"#sliderFotografija_536624\", {\r\n            speed: 600,\r\n            parallax: false,\r\n            autoplay: {\r\n            delay: 3000,\r\n            disableOnInteraction: false,\r\n            },\r\n            effect: 'fade',\r\n            loop: true,\r\n            \/\/ pagination: {\r\n            \/\/   el: \".swiper-pagination\",\r\n            \/\/   clickable: true,\r\n            \/\/ },\r\n            navigation: {\r\n            nextEl: \".swiper-button-next\",\r\n            prevEl: \".swiper-button-prev\",\r\n            },\r\n            \/\/ scrollbar: {\r\n            \/\/   el: '.swiper-scrollbar',\r\n            \/\/   draggable: true,\r\n            \/\/ },\r\n        });\r\n    }\r\n\r\n    setTimeout(startSlider_536624, 600);\r\n});  \r\n<\/script>","protected":false},"excerpt":{"rendered":"<p>Instalacije na biomasu u javnim i privatnim obrazovnim centrima Biomasa je obnovljiva energija koja pru\u017ea udobnost i u\u0161tede, ali i dru\u0161tvene i ekolo\u0161ke koristi. Instalacije na biomasu prisutne su u vrlo razli\u010ditim sektorima; u domovima kulture, muzejima, istra\u017eiva\u010dkim centrima i vi\u0161e od 100 \u0161kola, srednjih \u0161kola, vrti\u0107a\u2026 ve\u0107 imaju HERZ kotlove na biomasu. \u0160kole grijane&hellip;<\/p>\n","protected":false},"author":1,"featured_media":2666,"parent":2721,"menu_order":0,"comment_status":"closed","ping_status":"closed","template":"","meta":{"footnotes":""},"acf":[],"yoast_head":"<!-- This site is optimized with the Yoast SEO plugin v21.7 - https:\/\/yoast.com\/wordpress\/plugins\/seo\/ -->\n<title>OBRAZOVNI I KULTURNI CENTRI - Circular Energy Resources Ltd.<\/title>\n<meta name=\"description\" content=\"Instalacije na biomasu u javnim i privatnim obrazovnim centrima Biomasa je obnovljiva energija koja pru\u017ea udobnost i u\u0161tede, ali i dru\u0161tvene i ekolo\u0161ke\" \/>\n<meta name=\"robots\" content=\"index, follow, max-snippet:-1, max-image-preview:large, max-video-preview:-1\" \/>\n<link rel=\"canonical\" href=\"https:\/\/energycer.com\/references\/biomass-and-waste-to-energy\/educational-and-cultural-centers\/\" \/>\n<meta property=\"og:locale\" content=\"hr_HR\" \/>\n<meta property=\"og:type\" content=\"article\" \/>\n<meta property=\"og:title\" content=\"OBRAZOVNI I KULTURNI CENTRI - Circular Energy Resources Ltd.\" \/>\n<meta property=\"og:description\" content=\"Instalacije na biomasu u javnim i privatnim obrazovnim centrima Biomasa je obnovljiva energija koja pru\u017ea udobnost i u\u0161tede, ali i dru\u0161tvene i ekolo\u0161ke\" \/>\n<meta property=\"og:url\" content=\"https:\/\/energycer.com\/references\/biomass-and-waste-to-energy\/educational-and-cultural-centers\/\" \/>\n<meta property=\"og:site_name\" content=\"Circular Energy Resources Ltd.\" \/>\n<meta property=\"article:modified_time\" content=\"2023-12-14T13:32:15+00:00\" \/>\n<meta property=\"og:image\" content=\"https:\/\/energycer.com\/cms\/wp-content\/uploads\/2023\/12\/School-and-cultural-institutions.jpg\" \/>\n\t<meta property=\"og:image:width\" content=\"694\" \/>\n\t<meta property=\"og:image:height\" content=\"750\" \/>\n\t<meta property=\"og:image:type\" content=\"image\/jpeg\" \/>\n<meta name=\"twitter:card\" content=\"summary_large_image\" \/>\n<meta name=\"twitter:label1\" content=\"Procijenjeno vrijeme \u010ditanja\" \/>\n\t<meta name=\"twitter:data1\" content=\"2 minute\" \/>\n<script type=\"application\/ld+json\" class=\"yoast-schema-graph\">{\"@context\":\"https:\/\/schema.org\",\"@graph\":[{\"@type\":\"WebPage\",\"@id\":\"https:\/\/energycer.com\/references\/biomass-and-waste-to-energy\/educational-and-cultural-centers\/\",\"url\":\"https:\/\/energycer.com\/references\/biomass-and-waste-to-energy\/educational-and-cultural-centers\/\",\"name\":\"OBRAZOVNI I KULTURNI CENTRI - Circular Energy Resources Ltd.\",\"isPartOf\":{\"@id\":\"https:\/\/energycer.com\/#website\"},\"datePublished\":\"2023-12-13T16:39:24+00:00\",\"dateModified\":\"2023-12-14T13:32:15+00:00\",\"description\":\"Instalacije na biomasu u javnim i privatnim obrazovnim centrima Biomasa je obnovljiva energija koja pru\u017ea udobnost i u\u0161tede, ali i dru\u0161tvene i ekolo\u0161ke\",\"breadcrumb\":{\"@id\":\"https:\/\/energycer.com\/references\/biomass-and-waste-to-energy\/educational-and-cultural-centers\/#breadcrumb\"},\"inLanguage\":\"hr\",\"potentialAction\":[{\"@type\":\"ReadAction\",\"target\":[\"https:\/\/energycer.com\/references\/biomass-and-waste-to-energy\/educational-and-cultural-centers\/\"]}]},{\"@type\":\"BreadcrumbList\",\"@id\":\"https:\/\/energycer.com\/references\/biomass-and-waste-to-energy\/educational-and-cultural-centers\/#breadcrumb\",\"itemListElement\":[{\"@type\":\"ListItem\",\"position\":1,\"name\":\"\",\"item\":\"https:\/\/energycer.com\/hr\/\"},{\"@type\":\"ListItem\",\"position\":2,\"name\":\"Reference\",\"item\":\"https:\/\/energycer.com\/hr\/reference\/\"},{\"@type\":\"ListItem\",\"position\":3,\"name\":\"Biomasa i Proizvodnja energije iz otpada\",\"item\":\"https:\/\/energycer.com\/hr\/reference\/biomasa-i-proizvodnja-energije-iz-otpada\/\"},{\"@type\":\"ListItem\",\"position\":4,\"name\":\"OBRAZOVNI I KULTURNI CENTRI\"}]},{\"@type\":\"WebSite\",\"@id\":\"https:\/\/energycer.com\/#website\",\"url\":\"https:\/\/energycer.com\/\",\"name\":\"Circular Energy Resources Ltd.\",\"description\":\"\",\"potentialAction\":[{\"@type\":\"SearchAction\",\"target\":{\"@type\":\"EntryPoint\",\"urlTemplate\":\"https:\/\/energycer.com\/?s={search_term_string}\"},\"query-input\":\"required name=search_term_string\"}],\"inLanguage\":\"hr\"}]}<\/script>\n<!-- \/ Yoast SEO plugin. -->","yoast_head_json":{"title":"OBRAZOVNI I KULTURNI CENTRI - Circular Energy Resources Ltd.","description":"Instalacije na biomasu u javnim i privatnim obrazovnim centrima Biomasa je obnovljiva energija koja pru\u017ea udobnost i u\u0161tede, ali i dru\u0161tvene i ekolo\u0161ke","robots":{"index":"index","follow":"follow","max-snippet":"max-snippet:-1","max-image-preview":"max-image-preview:large","max-video-preview":"max-video-preview:-1"},"canonical":"https:\/\/energycer.com\/references\/biomass-and-waste-to-energy\/educational-and-cultural-centers\/","og_locale":"hr_HR","og_type":"article","og_title":"OBRAZOVNI I KULTURNI CENTRI - Circular Energy Resources Ltd.","og_description":"Instalacije na biomasu u javnim i privatnim obrazovnim centrima Biomasa je obnovljiva energija koja pru\u017ea udobnost i u\u0161tede, ali i dru\u0161tvene i ekolo\u0161ke","og_url":"https:\/\/energycer.com\/references\/biomass-and-waste-to-energy\/educational-and-cultural-centers\/","og_site_name":"Circular Energy Resources Ltd.","article_modified_time":"2023-12-14T13:32:15+00:00","og_image":[{"width":694,"height":750,"url":"https:\/\/energycer.com\/cms\/wp-content\/uploads\/2023\/12\/School-and-cultural-institutions.jpg","type":"image\/jpeg"}],"twitter_card":"summary_large_image","twitter_misc":{"Procijenjeno vrijeme \u010ditanja":"2 minute"},"schema":{"@context":"https:\/\/schema.org","@graph":[{"@type":"WebPage","@id":"https:\/\/energycer.com\/references\/biomass-and-waste-to-energy\/educational-and-cultural-centers\/","url":"https:\/\/energycer.com\/references\/biomass-and-waste-to-energy\/educational-and-cultural-centers\/","name":"OBRAZOVNI I KULTURNI CENTRI - Circular Energy Resources Ltd.","isPartOf":{"@id":"https:\/\/energycer.com\/#website"},"datePublished":"2023-12-13T16:39:24+00:00","dateModified":"2023-12-14T13:32:15+00:00","description":"Instalacije na biomasu u javnim i privatnim obrazovnim centrima Biomasa je obnovljiva energija koja pru\u017ea udobnost i u\u0161tede, ali i dru\u0161tvene i ekolo\u0161ke","breadcrumb":{"@id":"https:\/\/energycer.com\/references\/biomass-and-waste-to-energy\/educational-and-cultural-centers\/#breadcrumb"},"inLanguage":"hr","potentialAction":[{"@type":"ReadAction","target":["https:\/\/energycer.com\/references\/biomass-and-waste-to-energy\/educational-and-cultural-centers\/"]}]},{"@type":"BreadcrumbList","@id":"https:\/\/energycer.com\/references\/biomass-and-waste-to-energy\/educational-and-cultural-centers\/#breadcrumb","itemListElement":[{"@type":"ListItem","position":1,"name":"","item":"https:\/\/energycer.com\/hr\/"},{"@type":"ListItem","position":2,"name":"Reference","item":"https:\/\/energycer.com\/hr\/reference\/"},{"@type":"ListItem","position":3,"name":"Biomasa i Proizvodnja energije iz otpada","item":"https:\/\/energycer.com\/hr\/reference\/biomasa-i-proizvodnja-energije-iz-otpada\/"},{"@type":"ListItem","position":4,"name":"OBRAZOVNI I KULTURNI CENTRI"}]},{"@type":"WebSite","@id":"https:\/\/energycer.com\/#website","url":"https:\/\/energycer.com\/","name":"Circular Energy Resources Ltd.","description":"","potentialAction":[{"@type":"SearchAction","target":{"@type":"EntryPoint","urlTemplate":"https:\/\/energycer.com\/?s={search_term_string}"},"query-input":"required name=search_term_string"}],"inLanguage":"hr"}]}},"_links":{"self":[{"href":"https:\/\/energycer.com\/hr\/wp-json\/wp\/v2\/pages\/2723"}],"collection":[{"href":"https:\/\/energycer.com\/hr\/wp-json\/wp\/v2\/pages"}],"about":[{"href":"https:\/\/energycer.com\/hr\/wp-json\/wp\/v2\/types\/page"}],"author":[{"embeddable":true,"href":"https:\/\/energycer.com\/hr\/wp-json\/wp\/v2\/users\/1"}],"replies":[{"embeddable":true,"href":"https:\/\/energycer.com\/hr\/wp-json\/wp\/v2\/comments?post=2723"}],"version-history":[{"count":3,"href":"https:\/\/energycer.com\/hr\/wp-json\/wp\/v2\/pages\/2723\/revisions"}],"predecessor-version":[{"id":2880,"href":"https:\/\/energycer.com\/hr\/wp-json\/wp\/v2\/pages\/2723\/revisions\/2880"}],"up":[{"embeddable":true,"href":"https:\/\/energycer.com\/hr\/wp-json\/wp\/v2\/pages\/2721"}],"wp:featuredmedia":[{"embeddable":true,"href":"https:\/\/energycer.com\/hr\/wp-json\/wp\/v2\/media\/2666"}],"wp:attachment":[{"href":"https:\/\/energycer.com\/hr\/wp-json\/wp\/v2\/media?parent=2723"}],"curies":[{"name":"wp","href":"https:\/\/api.w.org\/{rel}","templated":true}]}}