{"id":2722,"date":"2023-12-13T17:28:50","date_gmt":"2023-12-13T16:28:50","guid":{"rendered":"http:\/\/localhost\/energycer.codeart.studio\/project\/references\/biomass-and-waste-to-energy\/district-heating\/"},"modified":"2023-12-14T14:28:07","modified_gmt":"2023-12-14T13:28:07","slug":"centralizirano-grijanje","status":"publish","type":"page","link":"https:\/\/energycer.com\/hr\/reference\/biomasa-i-proizvodnja-energije-iz-otpada\/centralizirano-grijanje\/","title":{"rendered":"CENTRALIZIRANO GRIJANJE"},"content":{"rendered":"\n<h2 class=\"wp-block-heading\">Toplinska mre\u017ea u Sant Pere de Torell\u00f3<\/h2>\n\n\n\n<p>Ugradnja kotla na biomasu Binder koji \u0107e osigurati grijanje i energetsku u\u010dinkovitost cijelog gradskog podru\u010dja. Tvrtka SURIS SL pokrenula je kotao BINDER od 4 MW koji \u0107e omogu\u0107iti pove\u0107anje energetske u\u010dinkovitosti i pro\u0161irenje opskrbne mre\u017ee za 20% u urbanom sredi\u0161tu Sant Pere de Torell\u00f3. Op\u0107ina Sant Pere de Torell\u00f3 bila je jedno od prvih mjesta u \u0160panjolskoj gdje je prije vi\u0161e od 30 godina izvedeno centralno grijanje. Kao pionirsko bioenergetsko selo, ve\u0107 je obnovilo svoje objekte za opskrbu energijom s kotlom na biomasu BINDER RRK4000. U Sant Pere de Torell\u00f3u i njegovoj okolici postoji va\u017ena industrija, drvna industrija koja stvara obilne koli\u010dine otpada. S novim kotlom koristit \u0107e \u0161umsku biomasu koja dolazi s maksimalno 50 km udaljenosti od op\u0107ine kako bi poku\u0161ali posti\u0107i maksimalnu energetsku u\u010dinkovitost.<\/p>\n\n\n<section class=\"wp-block-acf-sliderlijevotekstdesno\" >\r\n<div class=\"row\" id=\"sliderFotografijarow_165289\">\r\n<div class=\"col-lg-6 col-md-6 col-12 outer slider\">\r\n    <div class=\"innerWrap\">\r\n    <div id=\"sliderFotografija_165289\" class=\"swiper sliderFotografija\">\r\n  <div class=\"swiper-wrapper\">\r\n<div class=\"singleSlide swiper-slide\">\r\n<div class=\"sliderContent\">\r\n<figure data-swiper-parallax=\"-900\">\r\n    <img decoding=\"async\" src=\"https:\/\/energycer.com\/cms\/wp-content\/uploads\/2023\/12\/Torello.jpg\">\r\n<\/figure>\r\n<\/div><!--\/.sliderContent-->\r\n<\/div><!--\/.singleSlide--> \r\n  <\/div><!--\/.swiper-wrapper-->\r\n<\/div>\r\n    <\/div><!--\/.innerWrap-->\r\n<\/div><!--\/.outer-->\r\n<div class=\"col-lg-6 col-md-6 col-12 outer tekst\">\r\n    <div class=\"innerWrap\">\r\n        <div class=\"naslov\">\r\n            <h2><\/h2>\r\n        <\/div><!--\/.naslov-->\r\n        <div class=\"opis\">\r\n            <p>Model kotla: Binder RRK 4000<br \/>\nSnaga: 4.000 kW<br \/>\nGorivo: Lokalna \u0161umska sje\u010dka<br \/>\nSektor: Stambeni objekti &#8211; Odvojena i izolirana ku\u0107anstva<br \/>\nGodina postavljanja: 2018.<br \/>\nOp\u0107ina \/ Provincija: Sant Pere de Torell\u00f3 \/ Barcelona<\/p>\n        <\/div><!--\/.opis-->\r\n            <\/div><!--\/.innerWrap-->\r\n<\/div><!--\/.outer-->\r\n<\/div><!--\/.row-->\r\n<\/section>\r\n<script>\r\njQuery(document).ready(function($) {\r\n\r\n        function startSlider_165289() {\r\n            var swiper_165289 = new Swiper(\"#sliderFotografija_165289\", {\r\n            speed: 600,\r\n            parallax: false,\r\n            autoplay: {\r\n            delay: 3000,\r\n            disableOnInteraction: false,\r\n            },\r\n            effect: 'fade',\r\n            loop: true,\r\n            \/\/ pagination: {\r\n            \/\/   el: \".swiper-pagination\",\r\n            \/\/   clickable: true,\r\n            \/\/ },\r\n            navigation: {\r\n            nextEl: \".swiper-button-next\",\r\n            prevEl: \".swiper-button-prev\",\r\n            },\r\n            \/\/ scrollbar: {\r\n            \/\/   el: '.swiper-scrollbar',\r\n            \/\/   draggable: true,\r\n            \/\/ },\r\n        });\r\n    }\r\n\r\n    setTimeout(startSlider_165289, 600);\r\n});  \r\n<\/script>\n\n\n<hr class=\"wp-block-separator has-alpha-channel-opacity\"\/>\n\n\n\n<div style=\"height:40px\" aria-hidden=\"true\" class=\"wp-block-spacer\"><\/div>\n\n\n\n<h2 class=\"wp-block-heading\">Mre\u017ea biomase za toplinsku uporabu u Recinto de Presidencia, Castilla y Le\u00f3n<\/h2>\n\n\n\n<p>REBI provodi novu implementaciju HERZ kotlova u Presidencia de la Junta de Castilla y Le\u00f3n u Valladolidu. Objekt ima tri kotla HERZ firematic snage 500 kW, ukupne snage 1500 kW za opskrbu osam objekata zavodskog kompleksa. Nova toplinska mre\u017ea prilika je za pobolj\u0161anje gradova poput Valladolida kako bi tako\u0111er bili odgovorni za uskla\u0111enost sa smanjenjem emisija CO\u2082 koje zahtijeva europska direktiva 2018\/844 i za provedbu modela odr\u017eive energije za energetsku u\u010dinkovitost. Projekt je izvela tvrtka Termosun.<\/p>\n\n\n<section class=\"wp-block-acf-sliderlijevotekstdesno\" >\r\n<div class=\"row\" id=\"sliderFotografijarow_394465\">\r\n<div class=\"col-lg-6 col-md-6 col-12 outer slider\">\r\n    <div class=\"innerWrap\">\r\n    <div id=\"sliderFotografija_394465\" class=\"swiper sliderFotografija\">\r\n  <div class=\"swiper-wrapper\">\r\n<div class=\"singleSlide swiper-slide\">\r\n<div class=\"sliderContent\">\r\n<figure data-swiper-parallax=\"-900\">\r\n    <img decoding=\"async\" src=\"https:\/\/energycer.com\/cms\/wp-content\/uploads\/2023\/12\/Leon.jpg\">\r\n<\/figure>\r\n<\/div><!--\/.sliderContent-->\r\n<\/div><!--\/.singleSlide--> \r\n  <\/div><!--\/.swiper-wrapper-->\r\n<\/div>\r\n    <\/div><!--\/.innerWrap-->\r\n<\/div><!--\/.outer-->\r\n<div class=\"col-lg-6 col-md-6 col-12 outer tekst\">\r\n    <div class=\"innerWrap\">\r\n        <div class=\"naslov\">\r\n            <h2><\/h2>\r\n        <\/div><!--\/.naslov-->\r\n        <div class=\"opis\">\r\n            <p>Model kotla: 3 Firematic 500 kW<br \/>\nSnaga: 1.500 kW<br \/>\nGorivo: Peleti<br \/>\nSektor: Administracija i sektor centralnog grijanja<br \/>\nGodina instalacije: 2018<br \/>\nOp\u0107ina \/ Provincija: Valladolid<\/p>\n        <\/div><!--\/.opis-->\r\n            <\/div><!--\/.innerWrap-->\r\n<\/div><!--\/.outer-->\r\n<\/div><!--\/.row-->\r\n<\/section>\r\n<script>\r\njQuery(document).ready(function($) {\r\n\r\n        function startSlider_394465() {\r\n            var swiper_394465 = new Swiper(\"#sliderFotografija_394465\", {\r\n            speed: 600,\r\n            parallax: false,\r\n            autoplay: {\r\n            delay: 3000,\r\n            disableOnInteraction: false,\r\n            },\r\n            effect: 'fade',\r\n            loop: true,\r\n            \/\/ pagination: {\r\n            \/\/   el: \".swiper-pagination\",\r\n            \/\/   clickable: true,\r\n            \/\/ },\r\n            navigation: {\r\n            nextEl: \".swiper-button-next\",\r\n            prevEl: \".swiper-button-prev\",\r\n            },\r\n            \/\/ scrollbar: {\r\n            \/\/   el: '.swiper-scrollbar',\r\n            \/\/   draggable: true,\r\n            \/\/ },\r\n        });\r\n    }\r\n\r\n    setTimeout(startSlider_394465, 600);\r\n});  \r\n<\/script>\n\n\n<hr class=\"wp-block-separator has-alpha-channel-opacity\"\/>\n\n\n\n<div style=\"height:40px\" aria-hidden=\"true\" class=\"wp-block-spacer\"><\/div>\n\n\n\n<h2 class=\"wp-block-heading\">Instalacija toplinske mre\u017ee u Cantaleju<\/h2>\n\n\n\n<p>Centralno grijanje za opskrbu ku\u0107ne tople vode i usluge grijanja za 9 zgrada u gradu Cantalejo. Ugradnja kotla Binder RRK1000, koji daje 1.200 kW toplinske snage spojen na me\u0111uspremnik kapaciteta 30.000 litara, za opskrbu potro\u0161nom toplom vodom i grijanjem raznih zgrada u gradu Cantalejo, Segovia. Projekt se sastoji od izgradnje proizvodnog pogona i toplinske mre\u017ee koja pru\u017ea usluge za devet zgrada, a to su: stara\u010dki dom Pinar, ku\u0107a Hermanos de San Juan de Dios, grijani op\u0107inski bazen, Instituto de Educaci\u00f3n Secundaria \u201cHoces del Durat\u00f3n\u201d, uli\u010dni sportski centar Sol, Colegio de Educaci\u00f3n Infantil y Primaria \u201cLos Arenales\u201d, vojarna Civilne garde, kulturni centar \u201cJoseRodao\u201d i gradska sportska dvorana. Ovom akcijom Cantalejeva predanost obnovljivoj energiji je o\u010dita. Projekt je izvela tvrtka Termosun.<\/p>\n\n\n<section class=\"wp-block-acf-sliderlijevotekstdesno\" >\r\n<div class=\"row\" id=\"sliderFotografijarow_543841\">\r\n<div class=\"col-lg-6 col-md-6 col-12 outer slider\">\r\n    <div class=\"innerWrap\">\r\n    <div id=\"sliderFotografija_543841\" class=\"swiper sliderFotografija\">\r\n  <div class=\"swiper-wrapper\">\r\n<div class=\"singleSlide swiper-slide\">\r\n<div class=\"sliderContent\">\r\n<figure data-swiper-parallax=\"-900\">\r\n    <img decoding=\"async\" src=\"https:\/\/energycer.com\/cms\/wp-content\/uploads\/2023\/12\/Cantalejo.jpg\">\r\n<\/figure>\r\n<\/div><!--\/.sliderContent-->\r\n<\/div><!--\/.singleSlide--> \r\n  <\/div><!--\/.swiper-wrapper-->\r\n<\/div>\r\n    <\/div><!--\/.innerWrap-->\r\n<\/div><!--\/.outer-->\r\n<div class=\"col-lg-6 col-md-6 col-12 outer tekst\">\r\n    <div class=\"innerWrap\">\r\n        <div class=\"naslov\">\r\n            <h2><\/h2>\r\n        <\/div><!--\/.naslov-->\r\n        <div class=\"opis\">\r\n            <p>Model kotla: 1 Binder RRK 1.000 od 1.200 kW<br \/>\nSnaga: 1.200 kW<br \/>\nGorivo: Iverje, sje\u010dka<br \/>\nSustav napajanja: Rotacijski sustav<br \/>\nSektor: Stambeno \u2013 Daljinsko grijanje<br \/>\nGodina instalacije: 2017.<br \/>\nOp\u0107ina \/ Provincija: Cantalejo \/ Segovia<\/p>\n        <\/div><!--\/.opis-->\r\n            <\/div><!--\/.innerWrap-->\r\n<\/div><!--\/.outer-->\r\n<\/div><!--\/.row-->\r\n<\/section>\r\n<script>\r\njQuery(document).ready(function($) {\r\n\r\n        function startSlider_543841() {\r\n            var swiper_543841 = new Swiper(\"#sliderFotografija_543841\", {\r\n            speed: 600,\r\n            parallax: false,\r\n            autoplay: {\r\n            delay: 3000,\r\n            disableOnInteraction: false,\r\n            },\r\n            effect: 'fade',\r\n            loop: true,\r\n            \/\/ pagination: {\r\n            \/\/   el: \".swiper-pagination\",\r\n            \/\/   clickable: true,\r\n            \/\/ },\r\n            navigation: {\r\n            nextEl: \".swiper-button-next\",\r\n            prevEl: \".swiper-button-prev\",\r\n            },\r\n            \/\/ scrollbar: {\r\n            \/\/   el: '.swiper-scrollbar',\r\n            \/\/   draggable: true,\r\n            \/\/ },\r\n        });\r\n    }\r\n\r\n    setTimeout(startSlider_543841, 600);\r\n});  \r\n<\/script>\n\n\n<hr class=\"wp-block-separator has-alpha-channel-opacity\"\/>\n\n\n\n<div style=\"height:40px\" aria-hidden=\"true\" class=\"wp-block-spacer\"><\/div>\n\n\n\n<h2 class=\"wp-block-heading\">Toplinska mre\u017ea na biomasu u Bergedansu<\/h2>\n\n\n\n<p>Biomasa za opskrbu potro\u0161nom toplom vodom i grijanje u Bergedansu. Instalacija 13 kotlova snage od 45 kW do 1.000 kW za opskrbu PTV-om i grijanjem 32 zgrade u 6 gradova u regiji Bergued\u00e0, Bag\u00e0 Saldes, G\u00f2sol, Cercs, La Pobla de Lillet i Berga (Katalonija). Projekt Mancomunitat dels Berguedans ima ukupno instaliranih 4.500 kW, \u0161to dolazi iz 7 instalacija i 7 toplinskih mre\u017ea s ukupno 5 km cjevovoda. Predvi\u0111ena potro\u0161nja biomase je 1.200 t \/ godi\u0161nje \u0161umske sje\u010dke, koja dolazi iz \u0161uma u gradovima koji su dio ovog projekta. Radove izvodi tvrtka Urbaser.<\/p>\n\n\n<section class=\"wp-block-acf-sliderlijevotekstdesno\" >\r\n<div class=\"row\" id=\"sliderFotografijarow_689745\">\r\n<div class=\"col-lg-6 col-md-6 col-12 outer slider\">\r\n    <div class=\"innerWrap\">\r\n    <div id=\"sliderFotografija_689745\" class=\"swiper sliderFotografija\">\r\n  <div class=\"swiper-wrapper\">\r\n<div class=\"singleSlide swiper-slide\">\r\n<div class=\"sliderContent\">\r\n<figure data-swiper-parallax=\"-900\">\r\n    <img decoding=\"async\" src=\"https:\/\/energycer.com\/cms\/wp-content\/uploads\/2023\/12\/Bargedans.jpg\">\r\n<\/figure>\r\n<\/div><!--\/.sliderContent-->\r\n<\/div><!--\/.singleSlide--> \r\n  <\/div><!--\/.swiper-wrapper-->\r\n<\/div>\r\n    <\/div><!--\/.innerWrap-->\r\n<\/div><!--\/.outer-->\r\n<div class=\"col-lg-6 col-md-6 col-12 outer tekst\">\r\n    <div class=\"innerWrap\">\r\n        <div class=\"naslov\">\r\n            <h2><\/h2>\r\n        <\/div><!--\/.naslov-->\r\n        <div class=\"opis\">\r\n            <p>Model kotla: 13 kotlova kapaciteta snage od 45 kW do 1.000 kW<br \/>\nSnaga: 4.500 kW<br \/>\nGorivo: Iverje, sje\u010dka<br \/>\nSustav napajanja: Rotacijski sustav<br \/>\nSektor: Obrazovni i kulturni centri<br \/>\nGodina postavljanja: 2017.<br \/>\nOp\u0107ina \/ Provincija: Shire bergued \/ Barcelona<\/p>\n        <\/div><!--\/.opis-->\r\n            <\/div><!--\/.innerWrap-->\r\n<\/div><!--\/.outer-->\r\n<\/div><!--\/.row-->\r\n<\/section>\r\n<script>\r\njQuery(document).ready(function($) {\r\n\r\n        function startSlider_689745() {\r\n            var swiper_689745 = new Swiper(\"#sliderFotografija_689745\", {\r\n            speed: 600,\r\n            parallax: false,\r\n            autoplay: {\r\n            delay: 3000,\r\n            disableOnInteraction: false,\r\n            },\r\n            effect: 'fade',\r\n            loop: true,\r\n            \/\/ pagination: {\r\n            \/\/   el: \".swiper-pagination\",\r\n            \/\/   clickable: true,\r\n            \/\/ },\r\n            navigation: {\r\n            nextEl: \".swiper-button-next\",\r\n            prevEl: \".swiper-button-prev\",\r\n            },\r\n            \/\/ scrollbar: {\r\n            \/\/   el: '.swiper-scrollbar',\r\n            \/\/   draggable: true,\r\n            \/\/ },\r\n        });\r\n    }\r\n\r\n    setTimeout(startSlider_689745, 600);\r\n});  \r\n<\/script>","protected":false},"excerpt":{"rendered":"<p>Toplinska mre\u017ea u Sant Pere de Torell\u00f3 Ugradnja kotla na biomasu Binder koji \u0107e osigurati grijanje i energetsku u\u010dinkovitost cijelog gradskog podru\u010dja. Tvrtka SURIS SL pokrenula je kotao BINDER od 4 MW koji \u0107e omogu\u0107iti pove\u0107anje energetske u\u010dinkovitosti i pro\u0161irenje opskrbne mre\u017ee za 20% u urbanom sredi\u0161tu Sant Pere de Torell\u00f3. Op\u0107ina Sant Pere de&hellip;<\/p>\n","protected":false},"author":1,"featured_media":2665,"parent":2721,"menu_order":0,"comment_status":"closed","ping_status":"closed","template":"","meta":{"footnotes":""},"acf":[],"yoast_head":"<!-- This site is optimized with the Yoast SEO plugin v21.7 - https:\/\/yoast.com\/wordpress\/plugins\/seo\/ -->\n<title>CENTRALIZIRANO GRIJANJE - Circular Energy Resources Ltd.<\/title>\n<meta name=\"description\" content=\"Toplinska mre\u017ea u Sant Pere de Torell\u00f3 Ugradnja kotla na biomasu Binder koji \u0107e osigurati grijanje i energetsku u\u010dinkovitost cijelog gradskog podru\u010dja.\" \/>\n<meta name=\"robots\" content=\"index, follow, max-snippet:-1, max-image-preview:large, max-video-preview:-1\" \/>\n<link rel=\"canonical\" href=\"https:\/\/energycer.com\/hr\/reference\/biomasa-i-proizvodnja-energije-iz-otpada\/centralizirano-grijanje\/\" \/>\n<meta property=\"og:locale\" content=\"hr_HR\" \/>\n<meta property=\"og:type\" content=\"article\" \/>\n<meta property=\"og:title\" content=\"CENTRALIZIRANO GRIJANJE - Circular Energy Resources Ltd.\" \/>\n<meta property=\"og:description\" content=\"Toplinska mre\u017ea u Sant Pere de Torell\u00f3 Ugradnja kotla na biomasu Binder koji \u0107e osigurati grijanje i energetsku u\u010dinkovitost cijelog gradskog podru\u010dja.\" \/>\n<meta property=\"og:url\" content=\"https:\/\/energycer.com\/hr\/reference\/biomasa-i-proizvodnja-energije-iz-otpada\/centralizirano-grijanje\/\" \/>\n<meta property=\"og:site_name\" content=\"Circular Energy Resources Ltd.\" \/>\n<meta property=\"article:modified_time\" content=\"2023-12-14T13:28:07+00:00\" \/>\n<meta property=\"og:image\" content=\"https:\/\/energycer.com\/cms\/wp-content\/uploads\/2023\/12\/District-heating.jpg\" \/>\n\t<meta property=\"og:image:width\" content=\"694\" \/>\n\t<meta property=\"og:image:height\" content=\"750\" \/>\n\t<meta property=\"og:image:type\" content=\"image\/jpeg\" \/>\n<meta name=\"twitter:card\" content=\"summary_large_image\" \/>\n<meta name=\"twitter:label1\" content=\"Procijenjeno vrijeme \u010ditanja\" \/>\n\t<meta name=\"twitter:data1\" content=\"3 minute\" \/>\n<script type=\"application\/ld+json\" class=\"yoast-schema-graph\">{\"@context\":\"https:\/\/schema.org\",\"@graph\":[{\"@type\":\"WebPage\",\"@id\":\"https:\/\/energycer.com\/hr\/reference\/biomasa-i-proizvodnja-energije-iz-otpada\/centralizirano-grijanje\/\",\"url\":\"https:\/\/energycer.com\/hr\/reference\/biomasa-i-proizvodnja-energije-iz-otpada\/centralizirano-grijanje\/\",\"name\":\"CENTRALIZIRANO GRIJANJE - Circular Energy Resources Ltd.\",\"isPartOf\":{\"@id\":\"https:\/\/energycer.com\/#website\"},\"datePublished\":\"2023-12-13T16:28:50+00:00\",\"dateModified\":\"2023-12-14T13:28:07+00:00\",\"description\":\"Toplinska mre\u017ea u Sant Pere de Torell\u00f3 Ugradnja kotla na biomasu Binder koji \u0107e osigurati grijanje i energetsku u\u010dinkovitost cijelog gradskog podru\u010dja.\",\"breadcrumb\":{\"@id\":\"https:\/\/energycer.com\/hr\/reference\/biomasa-i-proizvodnja-energije-iz-otpada\/centralizirano-grijanje\/#breadcrumb\"},\"inLanguage\":\"hr\",\"potentialAction\":[{\"@type\":\"ReadAction\",\"target\":[\"https:\/\/energycer.com\/hr\/reference\/biomasa-i-proizvodnja-energije-iz-otpada\/centralizirano-grijanje\/\"]}]},{\"@type\":\"BreadcrumbList\",\"@id\":\"https:\/\/energycer.com\/hr\/reference\/biomasa-i-proizvodnja-energije-iz-otpada\/centralizirano-grijanje\/#breadcrumb\",\"itemListElement\":[{\"@type\":\"ListItem\",\"position\":1,\"name\":\"\",\"item\":\"https:\/\/energycer.com\/hr\/\"},{\"@type\":\"ListItem\",\"position\":2,\"name\":\"Reference\",\"item\":\"https:\/\/energycer.com\/hr\/reference\/\"},{\"@type\":\"ListItem\",\"position\":3,\"name\":\"Biomasa i Proizvodnja energije iz otpada\",\"item\":\"https:\/\/energycer.com\/hr\/reference\/biomasa-i-proizvodnja-energije-iz-otpada\/\"},{\"@type\":\"ListItem\",\"position\":4,\"name\":\"CENTRALIZIRANO GRIJANJE\"}]},{\"@type\":\"WebSite\",\"@id\":\"https:\/\/energycer.com\/#website\",\"url\":\"https:\/\/energycer.com\/\",\"name\":\"Circular Energy Resources Ltd.\",\"description\":\"\",\"potentialAction\":[{\"@type\":\"SearchAction\",\"target\":{\"@type\":\"EntryPoint\",\"urlTemplate\":\"https:\/\/energycer.com\/?s={search_term_string}\"},\"query-input\":\"required name=search_term_string\"}],\"inLanguage\":\"hr\"}]}<\/script>\n<!-- \/ Yoast SEO plugin. -->","yoast_head_json":{"title":"CENTRALIZIRANO GRIJANJE - Circular Energy Resources Ltd.","description":"Toplinska mre\u017ea u Sant Pere de Torell\u00f3 Ugradnja kotla na biomasu Binder koji \u0107e osigurati grijanje i energetsku u\u010dinkovitost cijelog gradskog podru\u010dja.","robots":{"index":"index","follow":"follow","max-snippet":"max-snippet:-1","max-image-preview":"max-image-preview:large","max-video-preview":"max-video-preview:-1"},"canonical":"https:\/\/energycer.com\/hr\/reference\/biomasa-i-proizvodnja-energije-iz-otpada\/centralizirano-grijanje\/","og_locale":"hr_HR","og_type":"article","og_title":"CENTRALIZIRANO GRIJANJE - Circular Energy Resources Ltd.","og_description":"Toplinska mre\u017ea u Sant Pere de Torell\u00f3 Ugradnja kotla na biomasu Binder koji \u0107e osigurati grijanje i energetsku u\u010dinkovitost cijelog gradskog podru\u010dja.","og_url":"https:\/\/energycer.com\/hr\/reference\/biomasa-i-proizvodnja-energije-iz-otpada\/centralizirano-grijanje\/","og_site_name":"Circular Energy Resources Ltd.","article_modified_time":"2023-12-14T13:28:07+00:00","og_image":[{"width":694,"height":750,"url":"https:\/\/energycer.com\/cms\/wp-content\/uploads\/2023\/12\/District-heating.jpg","type":"image\/jpeg"}],"twitter_card":"summary_large_image","twitter_misc":{"Procijenjeno vrijeme \u010ditanja":"3 minute"},"schema":{"@context":"https:\/\/schema.org","@graph":[{"@type":"WebPage","@id":"https:\/\/energycer.com\/hr\/reference\/biomasa-i-proizvodnja-energije-iz-otpada\/centralizirano-grijanje\/","url":"https:\/\/energycer.com\/hr\/reference\/biomasa-i-proizvodnja-energije-iz-otpada\/centralizirano-grijanje\/","name":"CENTRALIZIRANO GRIJANJE - Circular Energy Resources Ltd.","isPartOf":{"@id":"https:\/\/energycer.com\/#website"},"datePublished":"2023-12-13T16:28:50+00:00","dateModified":"2023-12-14T13:28:07+00:00","description":"Toplinska mre\u017ea u Sant Pere de Torell\u00f3 Ugradnja kotla na biomasu Binder koji \u0107e osigurati grijanje i energetsku u\u010dinkovitost cijelog gradskog podru\u010dja.","breadcrumb":{"@id":"https:\/\/energycer.com\/hr\/reference\/biomasa-i-proizvodnja-energije-iz-otpada\/centralizirano-grijanje\/#breadcrumb"},"inLanguage":"hr","potentialAction":[{"@type":"ReadAction","target":["https:\/\/energycer.com\/hr\/reference\/biomasa-i-proizvodnja-energije-iz-otpada\/centralizirano-grijanje\/"]}]},{"@type":"BreadcrumbList","@id":"https:\/\/energycer.com\/hr\/reference\/biomasa-i-proizvodnja-energije-iz-otpada\/centralizirano-grijanje\/#breadcrumb","itemListElement":[{"@type":"ListItem","position":1,"name":"","item":"https:\/\/energycer.com\/hr\/"},{"@type":"ListItem","position":2,"name":"Reference","item":"https:\/\/energycer.com\/hr\/reference\/"},{"@type":"ListItem","position":3,"name":"Biomasa i Proizvodnja energije iz otpada","item":"https:\/\/energycer.com\/hr\/reference\/biomasa-i-proizvodnja-energije-iz-otpada\/"},{"@type":"ListItem","position":4,"name":"CENTRALIZIRANO GRIJANJE"}]},{"@type":"WebSite","@id":"https:\/\/energycer.com\/#website","url":"https:\/\/energycer.com\/","name":"Circular Energy Resources Ltd.","description":"","potentialAction":[{"@type":"SearchAction","target":{"@type":"EntryPoint","urlTemplate":"https:\/\/energycer.com\/?s={search_term_string}"},"query-input":"required name=search_term_string"}],"inLanguage":"hr"}]}},"_links":{"self":[{"href":"https:\/\/energycer.com\/hr\/wp-json\/wp\/v2\/pages\/2722"}],"collection":[{"href":"https:\/\/energycer.com\/hr\/wp-json\/wp\/v2\/pages"}],"about":[{"href":"https:\/\/energycer.com\/hr\/wp-json\/wp\/v2\/types\/page"}],"author":[{"embeddable":true,"href":"https:\/\/energycer.com\/hr\/wp-json\/wp\/v2\/users\/1"}],"replies":[{"embeddable":true,"href":"https:\/\/energycer.com\/hr\/wp-json\/wp\/v2\/comments?post=2722"}],"version-history":[{"count":3,"href":"https:\/\/energycer.com\/hr\/wp-json\/wp\/v2\/pages\/2722\/revisions"}],"predecessor-version":[{"id":2870,"href":"https:\/\/energycer.com\/hr\/wp-json\/wp\/v2\/pages\/2722\/revisions\/2870"}],"up":[{"embeddable":true,"href":"https:\/\/energycer.com\/hr\/wp-json\/wp\/v2\/pages\/2721"}],"wp:featuredmedia":[{"embeddable":true,"href":"https:\/\/energycer.com\/hr\/wp-json\/wp\/v2\/media\/2665"}],"wp:attachment":[{"href":"https:\/\/energycer.com\/hr\/wp-json\/wp\/v2\/media?parent=2722"}],"curies":[{"name":"wp","href":"https:\/\/api.w.org\/{rel}","templated":true}]}}