{"id":2721,"date":"2023-12-13T15:27:01","date_gmt":"2023-12-13T14:27:01","guid":{"rendered":"http:\/\/localhost\/energycer.codeart.studio\/project\/references\/biomass-and-waste-to-energy\/"},"modified":"2023-12-14T14:46:56","modified_gmt":"2023-12-14T13:46:56","slug":"biomasa-i-proizvodnja-energije-iz-otpada","status":"publish","type":"page","link":"https:\/\/energycer.com\/hr\/reference\/biomasa-i-proizvodnja-energije-iz-otpada\/","title":{"rendered":"Biomasa i Proizvodnja energije iz otpada"},"content":{"rendered":"\n<h2 class=\"wp-block-heading\">Na\u0161a rje\u0161enja za razne sektore<\/h2>\n\n\n\n<p>CER nudi energetska rje\u0161enja prikladna za svaku vrstu objekata, kako unutar javnog sektora poput bolnica, \u0161kola, lokalne uprave tako i privatnog sektora poput hotela, teretana, trgova\u010dkih centara i sli\u010dnih objekata. Na\u0161e reference uklju\u010duju uspje\u0161ne projekte u gotovo svim gore navedenim sektorima.<\/p>\n\n\n\n<p>S na\u0161im visoko kvalificiranim stru\u010dnjacima, opse\u017enim iskustvom, proizvodima svjetskih proizvo\u0111a\u010da i dokazanom evidencijom uspje\u0161nih projekata iza nas, mo\u017eemo jam\u010diti rje\u0161enje za gotovo svaku vrstu projekta bez obzira na njegovu veli\u010dinu i slo\u017eenost.<\/p>\n\n\n\n<div class=\"wp-block-columns is-layout-flex wp-container-core-columns-layout-1 wp-block-columns-is-layout-flex\">\n<div class=\"wp-block-column is-layout-flow wp-block-column-is-layout-flow\">\n<figure class=\"wp-block-image size-wordpress-medium-gallery\"><a href=\"http:\/\/energycer.com\/hr\/reference\/biomasa-i-proizvodnja-energije-iz-otpada\/centralizirano-grijanje\/\"><img loading=\"lazy\" decoding=\"async\" width=\"500\" height=\"350\" src=\"http:\/\/energycer.com\/cms\/wp-content\/uploads\/2023\/12\/District-heating-500x350.jpg\" alt=\"\" class=\"wp-image-2342\"\/><\/a><\/figure>\n\n\n\n<h3 class=\"wp-block-heading has-text-align-center\"><a href=\"http:\/\/energycer.com\/hr\/reference\/biomasa-i-proizvodnja-energije-iz-otpada\/centralizirano-grijanje\/\">Gradsko grijanje<\/a><\/h3>\n<\/div>\n\n\n\n<div class=\"wp-block-column is-layout-flow wp-block-column-is-layout-flow\">\n<figure class=\"wp-block-image size-wordpress-medium-gallery\"><img loading=\"lazy\" decoding=\"async\" width=\"500\" height=\"350\" src=\"http:\/\/energycer.com\/cms\/wp-content\/uploads\/2023\/12\/health-500x350.jpg\" alt=\"\" class=\"wp-image-2205\"\/><\/figure>\n\n\n\n<h3 class=\"wp-block-heading has-text-align-center\">Zdravstvena njega<\/h3>\n<\/div>\n\n\n\n<div class=\"wp-block-column is-layout-flow wp-block-column-is-layout-flow\">\n<figure class=\"wp-block-image size-wordpress-medium-gallery\"><a href=\"http:\/\/energycer.com\/hr\/reference\/biomasa-i-proizvodnja-energije-iz-otpada\/hoteli-spa-i-turizam\/\"><img loading=\"lazy\" decoding=\"async\" width=\"500\" height=\"350\" src=\"http:\/\/energycer.com\/cms\/wp-content\/uploads\/2023\/12\/HOTELS-500x350.jpg\" alt=\"\" class=\"wp-image-2206\"\/><\/a><\/figure>\n\n\n\n<h3 class=\"wp-block-heading has-text-align-center\"><a href=\"http:\/\/energycer.com\/hr\/reference\/biomasa-i-proizvodnja-energije-iz-otpada\/hoteli-spa-i-turizam\/\">Hoteli, SPA &amp; Turizam<\/a><\/h3>\n<\/div>\n<\/div>\n\n\n\n<div class=\"wp-block-columns is-layout-flex wp-container-core-columns-layout-2 wp-block-columns-is-layout-flex\">\n<div class=\"wp-block-column is-layout-flow wp-block-column-is-layout-flow\">\n<figure class=\"wp-block-image size-wordpress-medium-gallery\"><a href=\"http:\/\/energycer.com\/hr\/reference\/biomasa-i-proizvodnja-energije-iz-otpada\/obrazovni-i-kulturni-centri\/\"><img loading=\"lazy\" decoding=\"async\" width=\"500\" height=\"350\" src=\"http:\/\/energycer.com\/cms\/wp-content\/uploads\/2023\/12\/School-and-cultural-institutions-500x350.jpg\" alt=\"\" class=\"wp-image-2346\"\/><\/a><\/figure>\n\n\n\n<h3 class=\"wp-block-heading has-text-align-center\"><a href=\"http:\/\/energycer.com\/hr\/reference\/biomasa-i-proizvodnja-energije-iz-otpada\/obrazovni-i-kulturni-centri\/\">Obrazovni i kulturni centri<\/a><\/h3>\n<\/div>\n\n\n\n<div class=\"wp-block-column is-layout-flow wp-block-column-is-layout-flow\">\n<figure class=\"wp-block-image size-wordpress-medium-gallery\"><a href=\"http:\/\/energycer.com\/hr\/reference\/biomasa-i-proizvodnja-energije-iz-otpada\/stambene-zgrade\/\"><img loading=\"lazy\" decoding=\"async\" width=\"500\" height=\"350\" src=\"http:\/\/energycer.com\/cms\/wp-content\/uploads\/2023\/12\/Residential-500x350.jpg\" alt=\"\" class=\"wp-image-2347\"\/><\/a><\/figure>\n\n\n\n<h3 class=\"wp-block-heading has-text-align-center\"><a href=\"http:\/\/energycer.com\/hr\/reference\/biomasa-i-proizvodnja-energije-iz-otpada\/stambene-zgrade\/\">Stambene zgrade<\/a><\/h3>\n<\/div>\n\n\n\n<div class=\"wp-block-column is-layout-flow wp-block-column-is-layout-flow\">\n<figure class=\"wp-block-image size-wordpress-medium-gallery\"><a href=\"http:\/\/energycer.com\/hr\/reference\/biomasa-i-proizvodnja-energije-iz-otpada\/sport-i-slobodno-vrijeme\/\"><img loading=\"lazy\" decoding=\"async\" width=\"500\" height=\"350\" src=\"http:\/\/energycer.com\/cms\/wp-content\/uploads\/2023\/12\/Sport-500x350.jpg\" alt=\"\" class=\"wp-image-2348\"\/><\/a><\/figure>\n\n\n\n<h3 class=\"wp-block-heading has-text-align-center\"><a href=\"http:\/\/energycer.com\/hr\/reference\/biomasa-i-proizvodnja-energije-iz-otpada\/sport-i-slobodno-vrijeme\/\">Sport i slobodno vrijeme<\/a><\/h3>\n<\/div>\n<\/div>\n\n\n\n<div class=\"wp-block-columns is-layout-flex wp-container-core-columns-layout-3 wp-block-columns-is-layout-flex\">\n<div class=\"wp-block-column is-layout-flow wp-block-column-is-layout-flow\">\n<figure class=\"wp-block-image size-wordpress-medium-gallery\"><a href=\"http:\/\/energycer.com\/hr\/reference\/biomasa-i-proizvodnja-energije-iz-otpada\/ikonicne-gradevine\/\"><img loading=\"lazy\" decoding=\"async\" width=\"500\" height=\"350\" src=\"http:\/\/energycer.com\/cms\/wp-content\/uploads\/2023\/12\/Religious-buildings-and-monuments-500x350.jpg\" alt=\"\" class=\"wp-image-2349\"\/><\/a><\/figure>\n\n\n\n<h3 class=\"wp-block-heading has-text-align-center\"><a href=\"http:\/\/energycer.com\/hr\/reference\/biomasa-i-proizvodnja-energije-iz-otpada\/ikonicne-gradevine\/\">Ikoni\u010dne gra\u0111evine<\/a><\/h3>\n<\/div>\n\n\n\n<div class=\"wp-block-column is-layout-flow wp-block-column-is-layout-flow\">\n<figure class=\"wp-block-image size-wordpress-medium-gallery\"><a href=\"http:\/\/energycer.com\/hr\/reference\/biomasa-i-proizvodnja-energije-iz-otpada\/industrijski-i-procesni-sektor\/\"><img loading=\"lazy\" decoding=\"async\" width=\"500\" height=\"350\" src=\"http:\/\/energycer.com\/cms\/wp-content\/uploads\/2023\/12\/Industry-1-500x350.jpg\" alt=\"\" class=\"wp-image-2350\"\/><\/a><\/figure>\n\n\n\n<h3 class=\"wp-block-heading has-text-align-center\"><a href=\"http:\/\/energycer.com\/hr\/reference\/biomasa-i-proizvodnja-energije-iz-otpada\/industrijski-i-procesni-sektor\/\">Industrijski i procesni sektor<\/a><\/h3>\n<\/div>\n<\/div>\n","protected":false},"excerpt":{"rendered":"<p>Na\u0161a rje\u0161enja za razne sektore CER nudi energetska rje\u0161enja prikladna za svaku vrstu objekata, kako unutar javnog sektora poput bolnica, \u0161kola, lokalne uprave tako i privatnog sektora poput hotela, teretana, trgova\u010dkih centara i sli\u010dnih objekata. Na\u0161e reference uklju\u010duju uspje\u0161ne projekte u gotovo svim gore navedenim sektorima. S na\u0161im visoko kvalificiranim stru\u010dnjacima, opse\u017enim iskustvom, proizvodima svjetskih&hellip;<\/p>\n","protected":false},"author":1,"featured_media":2673,"parent":2720,"menu_order":0,"comment_status":"closed","ping_status":"closed","template":"","meta":{"footnotes":""},"acf":[],"yoast_head":"<!-- This site is optimized with the Yoast SEO plugin v21.7 - https:\/\/yoast.com\/wordpress\/plugins\/seo\/ -->\n<title>Biomasa i Proizvodnja energije iz otpada - Circular Energy Resources Ltd.<\/title>\n<meta name=\"description\" content=\"Na\u0161a rje\u0161enja za razne sektore CER nudi energetska rje\u0161enja prikladna za svaku vrstu objekata, kako unutar javnog sektora poput bolnica, \u0161kola, lokalne\" \/>\n<meta name=\"robots\" content=\"index, follow, max-snippet:-1, max-image-preview:large, max-video-preview:-1\" \/>\n<link rel=\"canonical\" href=\"https:\/\/energycer.com\/hr\/reference\/biomasa-i-proizvodnja-energije-iz-otpada\/\" \/>\n<meta property=\"og:locale\" content=\"hr_HR\" \/>\n<meta property=\"og:type\" content=\"article\" \/>\n<meta property=\"og:title\" content=\"Biomasa i Proizvodnja energije iz otpada - Circular Energy Resources Ltd.\" \/>\n<meta property=\"og:description\" content=\"Na\u0161a rje\u0161enja za razne sektore CER nudi energetska rje\u0161enja prikladna za svaku vrstu objekata, kako unutar javnog sektora poput bolnica, \u0161kola, lokalne\" \/>\n<meta property=\"og:url\" content=\"https:\/\/energycer.com\/hr\/reference\/biomasa-i-proizvodnja-energije-iz-otpada\/\" \/>\n<meta property=\"og:site_name\" content=\"Circular Energy Resources Ltd.\" \/>\n<meta property=\"article:modified_time\" content=\"2023-12-14T13:46:56+00:00\" \/>\n<meta property=\"og:image\" content=\"https:\/\/energycer.com\/cms\/wp-content\/uploads\/2023\/12\/58155-scaled-1.jpg\" \/>\n\t<meta property=\"og:image:width\" content=\"2560\" \/>\n\t<meta property=\"og:image:height\" content=\"1920\" \/>\n\t<meta property=\"og:image:type\" content=\"image\/jpeg\" \/>\n<meta name=\"twitter:card\" content=\"summary_large_image\" \/>\n<meta name=\"twitter:label1\" content=\"Procijenjeno vrijeme \u010ditanja\" \/>\n\t<meta name=\"twitter:data1\" content=\"3 minute\" \/>\n<script type=\"application\/ld+json\" class=\"yoast-schema-graph\">{\"@context\":\"https:\/\/schema.org\",\"@graph\":[{\"@type\":\"WebPage\",\"@id\":\"https:\/\/energycer.com\/hr\/reference\/biomasa-i-proizvodnja-energije-iz-otpada\/\",\"url\":\"https:\/\/energycer.com\/hr\/reference\/biomasa-i-proizvodnja-energije-iz-otpada\/\",\"name\":\"Biomasa i Proizvodnja energije iz otpada - Circular Energy Resources Ltd.\",\"isPartOf\":{\"@id\":\"https:\/\/energycer.com\/#website\"},\"datePublished\":\"2023-12-13T14:27:01+00:00\",\"dateModified\":\"2023-12-14T13:46:56+00:00\",\"description\":\"Na\u0161a rje\u0161enja za razne sektore CER nudi energetska rje\u0161enja prikladna za svaku vrstu objekata, kako unutar javnog sektora poput bolnica, \u0161kola, lokalne\",\"breadcrumb\":{\"@id\":\"https:\/\/energycer.com\/hr\/reference\/biomasa-i-proizvodnja-energije-iz-otpada\/#breadcrumb\"},\"inLanguage\":\"hr\",\"potentialAction\":[{\"@type\":\"ReadAction\",\"target\":[\"https:\/\/energycer.com\/hr\/reference\/biomasa-i-proizvodnja-energije-iz-otpada\/\"]}]},{\"@type\":\"BreadcrumbList\",\"@id\":\"https:\/\/energycer.com\/hr\/reference\/biomasa-i-proizvodnja-energije-iz-otpada\/#breadcrumb\",\"itemListElement\":[{\"@type\":\"ListItem\",\"position\":1,\"name\":\"\",\"item\":\"https:\/\/energycer.com\/hr\/\"},{\"@type\":\"ListItem\",\"position\":2,\"name\":\"Reference\",\"item\":\"https:\/\/energycer.com\/hr\/reference\/\"},{\"@type\":\"ListItem\",\"position\":3,\"name\":\"Biomasa i Proizvodnja energije iz otpada\"}]},{\"@type\":\"WebSite\",\"@id\":\"https:\/\/energycer.com\/#website\",\"url\":\"https:\/\/energycer.com\/\",\"name\":\"Circular Energy Resources Ltd.\",\"description\":\"\",\"potentialAction\":[{\"@type\":\"SearchAction\",\"target\":{\"@type\":\"EntryPoint\",\"urlTemplate\":\"https:\/\/energycer.com\/?s={search_term_string}\"},\"query-input\":\"required name=search_term_string\"}],\"inLanguage\":\"hr\"}]}<\/script>\n<!-- \/ Yoast SEO plugin. -->","yoast_head_json":{"title":"Biomasa i Proizvodnja energije iz otpada - Circular Energy Resources Ltd.","description":"Na\u0161a rje\u0161enja za razne sektore CER nudi energetska rje\u0161enja prikladna za svaku vrstu objekata, kako unutar javnog sektora poput bolnica, \u0161kola, lokalne","robots":{"index":"index","follow":"follow","max-snippet":"max-snippet:-1","max-image-preview":"max-image-preview:large","max-video-preview":"max-video-preview:-1"},"canonical":"https:\/\/energycer.com\/hr\/reference\/biomasa-i-proizvodnja-energije-iz-otpada\/","og_locale":"hr_HR","og_type":"article","og_title":"Biomasa i Proizvodnja energije iz otpada - Circular Energy Resources Ltd.","og_description":"Na\u0161a rje\u0161enja za razne sektore CER nudi energetska rje\u0161enja prikladna za svaku vrstu objekata, kako unutar javnog sektora poput bolnica, \u0161kola, lokalne","og_url":"https:\/\/energycer.com\/hr\/reference\/biomasa-i-proizvodnja-energije-iz-otpada\/","og_site_name":"Circular Energy Resources Ltd.","article_modified_time":"2023-12-14T13:46:56+00:00","og_image":[{"width":2560,"height":1920,"url":"https:\/\/energycer.com\/cms\/wp-content\/uploads\/2023\/12\/58155-scaled-1.jpg","type":"image\/jpeg"}],"twitter_card":"summary_large_image","twitter_misc":{"Procijenjeno vrijeme \u010ditanja":"3 minute"},"schema":{"@context":"https:\/\/schema.org","@graph":[{"@type":"WebPage","@id":"https:\/\/energycer.com\/hr\/reference\/biomasa-i-proizvodnja-energije-iz-otpada\/","url":"https:\/\/energycer.com\/hr\/reference\/biomasa-i-proizvodnja-energije-iz-otpada\/","name":"Biomasa i Proizvodnja energije iz otpada - Circular Energy Resources Ltd.","isPartOf":{"@id":"https:\/\/energycer.com\/#website"},"datePublished":"2023-12-13T14:27:01+00:00","dateModified":"2023-12-14T13:46:56+00:00","description":"Na\u0161a rje\u0161enja za razne sektore CER nudi energetska rje\u0161enja prikladna za svaku vrstu objekata, kako unutar javnog sektora poput bolnica, \u0161kola, lokalne","breadcrumb":{"@id":"https:\/\/energycer.com\/hr\/reference\/biomasa-i-proizvodnja-energije-iz-otpada\/#breadcrumb"},"inLanguage":"hr","potentialAction":[{"@type":"ReadAction","target":["https:\/\/energycer.com\/hr\/reference\/biomasa-i-proizvodnja-energije-iz-otpada\/"]}]},{"@type":"BreadcrumbList","@id":"https:\/\/energycer.com\/hr\/reference\/biomasa-i-proizvodnja-energije-iz-otpada\/#breadcrumb","itemListElement":[{"@type":"ListItem","position":1,"name":"","item":"https:\/\/energycer.com\/hr\/"},{"@type":"ListItem","position":2,"name":"Reference","item":"https:\/\/energycer.com\/hr\/reference\/"},{"@type":"ListItem","position":3,"name":"Biomasa i Proizvodnja energije iz otpada"}]},{"@type":"WebSite","@id":"https:\/\/energycer.com\/#website","url":"https:\/\/energycer.com\/","name":"Circular Energy Resources Ltd.","description":"","potentialAction":[{"@type":"SearchAction","target":{"@type":"EntryPoint","urlTemplate":"https:\/\/energycer.com\/?s={search_term_string}"},"query-input":"required name=search_term_string"}],"inLanguage":"hr"}]}},"_links":{"self":[{"href":"https:\/\/energycer.com\/hr\/wp-json\/wp\/v2\/pages\/2721"}],"collection":[{"href":"https:\/\/energycer.com\/hr\/wp-json\/wp\/v2\/pages"}],"about":[{"href":"https:\/\/energycer.com\/hr\/wp-json\/wp\/v2\/types\/page"}],"author":[{"embeddable":true,"href":"https:\/\/energycer.com\/hr\/wp-json\/wp\/v2\/users\/1"}],"replies":[{"embeddable":true,"href":"https:\/\/energycer.com\/hr\/wp-json\/wp\/v2\/comments?post=2721"}],"version-history":[{"count":14,"href":"https:\/\/energycer.com\/hr\/wp-json\/wp\/v2\/pages\/2721\/revisions"}],"predecessor-version":[{"id":2912,"href":"https:\/\/energycer.com\/hr\/wp-json\/wp\/v2\/pages\/2721\/revisions\/2912"}],"up":[{"embeddable":true,"href":"https:\/\/energycer.com\/hr\/wp-json\/wp\/v2\/pages\/2720"}],"wp:featuredmedia":[{"embeddable":true,"href":"https:\/\/energycer.com\/hr\/wp-json\/wp\/v2\/media\/2673"}],"wp:attachment":[{"href":"https:\/\/energycer.com\/hr\/wp-json\/wp\/v2\/media?parent=2721"}],"curies":[{"name":"wp","href":"https:\/\/api.w.org\/{rel}","templated":true}]}}