{"id":2715,"date":"2023-12-13T15:48:03","date_gmt":"2023-12-13T14:48:03","guid":{"rendered":"http:\/\/localhost\/energycer.codeart.studio\/project\/busines-lines\/engineering\/"},"modified":"2023-12-14T14:25:01","modified_gmt":"2023-12-14T13:25:01","slug":"inzenjering","status":"publish","type":"page","link":"https:\/\/energycer.com\/hr\/poslovne-linije\/inzenjering\/","title":{"rendered":"IN\u017dENJERING"},"content":{"rendered":"\n<p>CER je dio vode\u0107e me\u0111unarodne mre\u017ee tvrtki koje pru\u017eaju rje\u0161enja po principu &#8220;klju\u010d u ruke&#8221; u podru\u010dju gra\u0111evinarstva i arhitekture. Na\u0161e usluge obuhva\u0107aju cijeli krug projekta; od po\u010detnih studija izvedivosti, nakon \u010dega slijedi projektiranje projekta, izgradnja, nadzor i cjelokupno upravljanje pu\u0161tanjem u pogon. Tijekom cijelog projekta pru\u017eamo tehni\u010dku podr\u0161ku, te usluge odr\u017eavanja nakon zavr\u0161etka projekta.<\/p>\n\n\n\n<p>Na\u0161i kombinirani portfelji uklju\u010duju \u0161iroku lepezu uspje\u0161nih projekata u podru\u010djima:<\/p>\n\n\n\n<ul>\n<li>Elektrifikacija i telekomunikacije<\/li>\n\n\n\n<li>Ceste i autoceste<\/li>\n\n\n\n<li>\u017deljezni\u010dki sustavi<\/li>\n\n\n\n<li>Tuneli i mostovi<\/li>\n\n\n\n<li>Vodena postrojenja i kanalizacijski sustavi<\/li>\n\n\n\n<li>Gra\u0111evinski projekti<\/li>\n<\/ul>\n\n\n\n<p><strong>&nbsp;<\/strong>Mi smo globalna mre\u017ea ambicioznih i uspje\u0161nih znanstvenika, in\u017eenjera, ekonomista, analiti\u010dara, industrijskih stru\u010dnjaka i programera koji dijele zajedni\u010dku ambiciju &#8211; primjenu na\u0161eg akademskog i industrijskog znanja i vje\u0161tina rje\u0161avanja problema kako bi se suo\u010dili s izazovima u industriji.<\/p>\n\n\n\n<p>Svojim zajedni\u010dkim znanjem i proizvodnim kapacitetom mo\u017eemo jam\u010diti neusporedivu stru\u010dnost, kvalitetu i pouzdanost za svaki projekt bez obzira na njegovu veli\u010dinu i razinu slo\u017eenosti.<\/p>\n\n\n\n<div class=\"wp-block-group has-background is-layout-constrained wp-block-group-is-layout-constrained\" style=\"background-color:#f5f5f5\"><div class=\"wp-block-group__inner-container\">\n<div class=\"wp-block-columns bezMargine is-layout-flex wp-container-core-columns-layout-1 wp-block-columns-is-layout-flex\">\n<div class=\"wp-block-column is-layout-flow wp-block-column-is-layout-flow\" style=\"flex-basis:66.66%\">\n<h3 class=\"wp-block-heading\">Planirate li projekt?<\/h3>\n<\/div>\n\n\n\n<div class=\"wp-block-column is-layout-flow wp-block-column-is-layout-flow\" style=\"flex-basis:33.33%\">\n<div class=\"wp-block-buttons is-layout-flex wp-block-buttons-is-layout-flex\">\n<div class=\"wp-block-button\"><a class=\"wp-block-button__link wp-element-button\" href=\"http:\/\/energycer.com\/hr\/kontakt\/\">Kontaktirajte nas<\/a><\/div>\n<\/div>\n<\/div>\n<\/div>\n<\/div><\/div>\n\n\n\n<div style=\"height:40px\" aria-hidden=\"true\" class=\"wp-block-spacer\"><\/div>\n\n\n\n<h2 class=\"wp-block-heading\">NA\u0160I PARTNERI<\/h2>\n\n\n\n<hr class=\"wp-block-separator has-alpha-channel-opacity\"\/>\n\n\n\n<div style=\"height:40px\" aria-hidden=\"true\" class=\"wp-block-spacer\"><\/div>\n\n\n\n<figure class=\"wp-block-image size-full\"><img loading=\"lazy\" decoding=\"async\" width=\"200\" height=\"74\" src=\"http:\/\/energycer.com\/cms\/wp-content\/uploads\/2023\/12\/tsk1.png\" alt=\"\" class=\"wp-image-2322\"\/><\/figure>\n\n\n\n<p>TSK je vode\u0107a \u0161panjolska poslovna grupacija s najvi\u0161e referenci u EPC projektima u sektorima energetike, industrije, rukovanja mineralima i okoli\u0161a. Danas tvrtka ima promet ve\u0107i od 1000 milijuna eura, s preko 1000 stru\u010dnjaka i iskustvom u vi\u0161e od 50 zemalja.<\/p>\n\n\n\n<p>Kroz 30 godina prisutnosti na tr\u017ei\u0161tu, prioritet tvrtke uvijek je bio zadovoljiti potrebe svojih kupaca nude\u0107i im najvi\u0161e tehni\u010dke i ljudske resurse potrebne na svakom koraku.<\/p>\n\n\n\n<p>Cilj tvrtke je prednja\u010diti inovacijama, a 2020. TSK je tre\u0107u godinu zaredom dobio nacionalnu nagradu za kvalitetnu inovaciju (QiA) od strane Udru\u017eenja centara izvrsnosti (CEX). Ova priznanja u\u010dvr\u0161\u0107uju reputaciju tvrtke kao predvodnika u inovacijama u industrijskom i energetskom sektoru.<\/p>\n\n\n\n<figure class=\"wp-block-gallery has-nested-images columns-default is-cropped wp-block-gallery-1 is-layout-flex wp-block-gallery-is-layout-flex\">\n<figure class=\"wp-block-image size-large\"><a href=\"http:\/\/energycer.com\/cms\/wp-content\/uploads\/2023\/12\/vjetro-stup-2-pillar-for-windturbine.jpg\" data-rel=\"lightbox-image-0\" data-rl_title=\"\" data-rl_caption=\"\" title=\"\"><img loading=\"lazy\" decoding=\"async\" width=\"1024\" height=\"768\" data-id=\"2328\" src=\"http:\/\/energycer.com\/cms\/wp-content\/uploads\/2023\/12\/vjetro-stup-2-pillar-for-windturbine-1024x768.jpg\" alt=\"\" class=\"wp-image-2328\" srcset=\"https:\/\/energycer.com\/cms\/wp-content\/uploads\/2023\/12\/vjetro-stup-2-pillar-for-windturbine-1024x768.jpg 1024w, https:\/\/energycer.com\/cms\/wp-content\/uploads\/2023\/12\/vjetro-stup-2-pillar-for-windturbine-300x225.jpg 300w, https:\/\/energycer.com\/cms\/wp-content\/uploads\/2023\/12\/vjetro-stup-2-pillar-for-windturbine-768x576.jpg 768w, https:\/\/energycer.com\/cms\/wp-content\/uploads\/2023\/12\/vjetro-stup-2-pillar-for-windturbine-1536x1152.jpg 1536w, https:\/\/energycer.com\/cms\/wp-content\/uploads\/2023\/12\/vjetro-stup-2-pillar-for-windturbine.jpg 2000w\" sizes=\"(max-width: 1024px) 100vw, 1024px\" \/><\/a><\/figure>\n\n\n\n<figure class=\"wp-block-image size-large\"><a href=\"http:\/\/energycer.com\/cms\/wp-content\/uploads\/2023\/12\/parque-eolico-higueruela-castilla-la-mancha.jpg\" data-rel=\"lightbox-image-1\" data-rl_title=\"\" data-rl_caption=\"\" title=\"\"><img loading=\"lazy\" decoding=\"async\" width=\"895\" height=\"569\" data-id=\"2327\" src=\"http:\/\/energycer.com\/cms\/wp-content\/uploads\/2023\/12\/parque-eolico-higueruela-castilla-la-mancha.jpg\" alt=\"\" class=\"wp-image-2327\" srcset=\"https:\/\/energycer.com\/cms\/wp-content\/uploads\/2023\/12\/parque-eolico-higueruela-castilla-la-mancha.jpg 895w, https:\/\/energycer.com\/cms\/wp-content\/uploads\/2023\/12\/parque-eolico-higueruela-castilla-la-mancha-300x191.jpg 300w, https:\/\/energycer.com\/cms\/wp-content\/uploads\/2023\/12\/parque-eolico-higueruela-castilla-la-mancha-768x488.jpg 768w\" sizes=\"(max-width: 895px) 100vw, 895px\" \/><\/a><\/figure>\n\n\n\n<figure class=\"wp-block-image size-large\"><a href=\"http:\/\/energycer.com\/cms\/wp-content\/uploads\/2023\/12\/Slide-15.jpg\" data-rel=\"lightbox-image-2\" data-rl_title=\"\" data-rl_caption=\"\" title=\"\"><img loading=\"lazy\" decoding=\"async\" width=\"1024\" height=\"698\" data-id=\"2326\" src=\"http:\/\/energycer.com\/cms\/wp-content\/uploads\/2023\/12\/Slide-15-1024x698.jpg\" alt=\"\" class=\"wp-image-2326\" srcset=\"https:\/\/energycer.com\/cms\/wp-content\/uploads\/2023\/12\/Slide-15-1024x698.jpg 1024w, https:\/\/energycer.com\/cms\/wp-content\/uploads\/2023\/12\/Slide-15-300x205.jpg 300w, https:\/\/energycer.com\/cms\/wp-content\/uploads\/2023\/12\/Slide-15-768x524.jpg 768w, https:\/\/energycer.com\/cms\/wp-content\/uploads\/2023\/12\/Slide-15.jpg 1320w\" sizes=\"(max-width: 1024px) 100vw, 1024px\" \/><\/a><\/figure>\n\n\n\n<figure class=\"wp-block-image size-large\"><a href=\"http:\/\/energycer.com\/cms\/wp-content\/uploads\/2023\/12\/Safawi-Jordan-Fotonaponska-elektrana-AL-SAFAWI-67MW.-Projekt-realziran-po-sistemu-EPC.png\" data-rel=\"lightbox-image-3\" data-rl_title=\"\" data-rl_caption=\"\" title=\"\"><img loading=\"lazy\" decoding=\"async\" width=\"1024\" height=\"607\" data-id=\"2325\" src=\"http:\/\/energycer.com\/cms\/wp-content\/uploads\/2023\/12\/Safawi-Jordan-Fotonaponska-elektrana-AL-SAFAWI-67MW.-Projekt-realziran-po-sistemu-EPC-1024x607.png\" alt=\"\" class=\"wp-image-2325\" srcset=\"https:\/\/energycer.com\/cms\/wp-content\/uploads\/2023\/12\/Safawi-Jordan-Fotonaponska-elektrana-AL-SAFAWI-67MW.-Projekt-realziran-po-sistemu-EPC-1024x607.png 1024w, https:\/\/energycer.com\/cms\/wp-content\/uploads\/2023\/12\/Safawi-Jordan-Fotonaponska-elektrana-AL-SAFAWI-67MW.-Projekt-realziran-po-sistemu-EPC-300x178.png 300w, https:\/\/energycer.com\/cms\/wp-content\/uploads\/2023\/12\/Safawi-Jordan-Fotonaponska-elektrana-AL-SAFAWI-67MW.-Projekt-realziran-po-sistemu-EPC-768x455.png 768w, https:\/\/energycer.com\/cms\/wp-content\/uploads\/2023\/12\/Safawi-Jordan-Fotonaponska-elektrana-AL-SAFAWI-67MW.-Projekt-realziran-po-sistemu-EPC.png 1078w\" sizes=\"(max-width: 1024px) 100vw, 1024px\" \/><\/a><\/figure>\n\n\n\n<figure class=\"wp-block-image size-large\"><a href=\"http:\/\/energycer.com\/cms\/wp-content\/uploads\/2023\/12\/Vijadukt-iznad-rijeke-Aragon-Subordan-od-450m.jpg\" data-rel=\"lightbox-image-4\" data-rl_title=\"\" data-rl_caption=\"\" title=\"\"><img loading=\"lazy\" decoding=\"async\" width=\"1024\" height=\"768\" data-id=\"2324\" src=\"http:\/\/energycer.com\/cms\/wp-content\/uploads\/2023\/12\/Vijadukt-iznad-rijeke-Aragon-Subordan-od-450m-1024x768.jpg\" alt=\"\" class=\"wp-image-2324\" srcset=\"https:\/\/energycer.com\/cms\/wp-content\/uploads\/2023\/12\/Vijadukt-iznad-rijeke-Aragon-Subordan-od-450m-1024x768.jpg 1024w, https:\/\/energycer.com\/cms\/wp-content\/uploads\/2023\/12\/Vijadukt-iznad-rijeke-Aragon-Subordan-od-450m-300x225.jpg 300w, https:\/\/energycer.com\/cms\/wp-content\/uploads\/2023\/12\/Vijadukt-iznad-rijeke-Aragon-Subordan-od-450m-768x576.jpg 768w, https:\/\/energycer.com\/cms\/wp-content\/uploads\/2023\/12\/Vijadukt-iznad-rijeke-Aragon-Subordan-od-450m.jpg 1299w\" sizes=\"(max-width: 1024px) 100vw, 1024px\" \/><\/a><\/figure>\n<\/figure>\n","protected":false},"excerpt":{"rendered":"<p>CER je dio vode\u0107e me\u0111unarodne mre\u017ee tvrtki koje pru\u017eaju rje\u0161enja po principu &#8220;klju\u010d u ruke&#8221; u podru\u010dju gra\u0111evinarstva i arhitekture. Na\u0161e usluge obuhva\u0107aju cijeli krug projekta; od po\u010detnih studija izvedivosti, nakon \u010dega slijedi projektiranje projekta, izgradnja, nadzor i cjelokupno upravljanje pu\u0161tanjem u pogon. Tijekom cijelog projekta pru\u017eamo tehni\u010dku podr\u0161ku, te usluge odr\u017eavanja nakon zavr\u0161etka projekta.&hellip;<\/p>\n","protected":false},"author":1,"featured_media":2950,"parent":2714,"menu_order":0,"comment_status":"closed","ping_status":"closed","template":"","meta":{"footnotes":""},"acf":[],"yoast_head":"<!-- This site is optimized with the Yoast SEO plugin v21.7 - https:\/\/yoast.com\/wordpress\/plugins\/seo\/ -->\n<title>IN\u017dENJERING - Circular Energy Resources Ltd.<\/title>\n<meta name=\"description\" content=\"CER je dio vode\u0107e me\u0111unarodne mre\u017ee tvrtki koje pru\u017eaju rje\u0161enja po principu &quot;klju\u010d u ruke&quot; u podru\u010dju gra\u0111evinarstva i arhitekture. Na\u0161e usluge\" \/>\n<meta name=\"robots\" content=\"index, follow, max-snippet:-1, max-image-preview:large, max-video-preview:-1\" \/>\n<link rel=\"canonical\" href=\"https:\/\/energycer.com\/busines-lines\/engineering\/\" \/>\n<meta property=\"og:locale\" content=\"hr_HR\" \/>\n<meta property=\"og:type\" content=\"article\" \/>\n<meta property=\"og:title\" content=\"IN\u017dENJERING - Circular Energy Resources Ltd.\" \/>\n<meta property=\"og:description\" content=\"CER je dio vode\u0107e me\u0111unarodne mre\u017ee tvrtki koje pru\u017eaju rje\u0161enja po principu &quot;klju\u010d u ruke&quot; u podru\u010dju gra\u0111evinarstva i arhitekture. Na\u0161e usluge\" \/>\n<meta property=\"og:url\" content=\"https:\/\/energycer.com\/busines-lines\/engineering\/\" \/>\n<meta property=\"og:site_name\" content=\"Circular Energy Resources Ltd.\" \/>\n<meta property=\"article:modified_time\" content=\"2023-12-14T13:25:01+00:00\" \/>\n<meta property=\"og:image\" content=\"https:\/\/energycer.com\/cms\/wp-content\/uploads\/2023\/12\/engineer-meeting-architectural-project-working-with-partner-scaled-1.jpg\" \/>\n\t<meta property=\"og:image:width\" content=\"2560\" \/>\n\t<meta property=\"og:image:height\" content=\"1707\" \/>\n\t<meta property=\"og:image:type\" content=\"image\/jpeg\" \/>\n<meta name=\"twitter:card\" content=\"summary_large_image\" \/>\n<meta name=\"twitter:label1\" content=\"Procijenjeno vrijeme \u010ditanja\" \/>\n\t<meta name=\"twitter:data1\" content=\"3 minute\" \/>\n<script type=\"application\/ld+json\" class=\"yoast-schema-graph\">{\"@context\":\"https:\/\/schema.org\",\"@graph\":[{\"@type\":\"WebPage\",\"@id\":\"https:\/\/energycer.com\/busines-lines\/engineering\/\",\"url\":\"https:\/\/energycer.com\/busines-lines\/engineering\/\",\"name\":\"IN\u017dENJERING - Circular Energy Resources Ltd.\",\"isPartOf\":{\"@id\":\"https:\/\/energycer.com\/#website\"},\"datePublished\":\"2023-12-13T14:48:03+00:00\",\"dateModified\":\"2023-12-14T13:25:01+00:00\",\"description\":\"CER je dio vode\u0107e me\u0111unarodne mre\u017ee tvrtki koje pru\u017eaju rje\u0161enja po principu \\\"klju\u010d u ruke\\\" u podru\u010dju gra\u0111evinarstva i arhitekture. Na\u0161e usluge\",\"breadcrumb\":{\"@id\":\"https:\/\/energycer.com\/busines-lines\/engineering\/#breadcrumb\"},\"inLanguage\":\"hr\",\"potentialAction\":[{\"@type\":\"ReadAction\",\"target\":[\"https:\/\/energycer.com\/busines-lines\/engineering\/\"]}]},{\"@type\":\"BreadcrumbList\",\"@id\":\"https:\/\/energycer.com\/busines-lines\/engineering\/#breadcrumb\",\"itemListElement\":[{\"@type\":\"ListItem\",\"position\":1,\"name\":\"\",\"item\":\"https:\/\/energycer.com\/hr\/\"},{\"@type\":\"ListItem\",\"position\":2,\"name\":\"Poslovne linije\",\"item\":\"https:\/\/energycer.com\/busines-lines\/\"},{\"@type\":\"ListItem\",\"position\":3,\"name\":\"IN\u017dENJERING\"}]},{\"@type\":\"WebSite\",\"@id\":\"https:\/\/energycer.com\/#website\",\"url\":\"https:\/\/energycer.com\/\",\"name\":\"Circular Energy Resources Ltd.\",\"description\":\"\",\"potentialAction\":[{\"@type\":\"SearchAction\",\"target\":{\"@type\":\"EntryPoint\",\"urlTemplate\":\"https:\/\/energycer.com\/?s={search_term_string}\"},\"query-input\":\"required name=search_term_string\"}],\"inLanguage\":\"hr\"}]}<\/script>\n<!-- \/ Yoast SEO plugin. -->","yoast_head_json":{"title":"IN\u017dENJERING - Circular Energy Resources Ltd.","description":"CER je dio vode\u0107e me\u0111unarodne mre\u017ee tvrtki koje pru\u017eaju rje\u0161enja po principu \"klju\u010d u ruke\" u podru\u010dju gra\u0111evinarstva i arhitekture. Na\u0161e usluge","robots":{"index":"index","follow":"follow","max-snippet":"max-snippet:-1","max-image-preview":"max-image-preview:large","max-video-preview":"max-video-preview:-1"},"canonical":"https:\/\/energycer.com\/busines-lines\/engineering\/","og_locale":"hr_HR","og_type":"article","og_title":"IN\u017dENJERING - Circular Energy Resources Ltd.","og_description":"CER je dio vode\u0107e me\u0111unarodne mre\u017ee tvrtki koje pru\u017eaju rje\u0161enja po principu \"klju\u010d u ruke\" u podru\u010dju gra\u0111evinarstva i arhitekture. Na\u0161e usluge","og_url":"https:\/\/energycer.com\/busines-lines\/engineering\/","og_site_name":"Circular Energy Resources Ltd.","article_modified_time":"2023-12-14T13:25:01+00:00","og_image":[{"width":2560,"height":1707,"url":"https:\/\/energycer.com\/cms\/wp-content\/uploads\/2023\/12\/engineer-meeting-architectural-project-working-with-partner-scaled-1.jpg","type":"image\/jpeg"}],"twitter_card":"summary_large_image","twitter_misc":{"Procijenjeno vrijeme \u010ditanja":"3 minute"},"schema":{"@context":"https:\/\/schema.org","@graph":[{"@type":"WebPage","@id":"https:\/\/energycer.com\/busines-lines\/engineering\/","url":"https:\/\/energycer.com\/busines-lines\/engineering\/","name":"IN\u017dENJERING - Circular Energy Resources Ltd.","isPartOf":{"@id":"https:\/\/energycer.com\/#website"},"datePublished":"2023-12-13T14:48:03+00:00","dateModified":"2023-12-14T13:25:01+00:00","description":"CER je dio vode\u0107e me\u0111unarodne mre\u017ee tvrtki koje pru\u017eaju rje\u0161enja po principu \"klju\u010d u ruke\" u podru\u010dju gra\u0111evinarstva i arhitekture. Na\u0161e usluge","breadcrumb":{"@id":"https:\/\/energycer.com\/busines-lines\/engineering\/#breadcrumb"},"inLanguage":"hr","potentialAction":[{"@type":"ReadAction","target":["https:\/\/energycer.com\/busines-lines\/engineering\/"]}]},{"@type":"BreadcrumbList","@id":"https:\/\/energycer.com\/busines-lines\/engineering\/#breadcrumb","itemListElement":[{"@type":"ListItem","position":1,"name":"","item":"https:\/\/energycer.com\/hr\/"},{"@type":"ListItem","position":2,"name":"Poslovne linije","item":"https:\/\/energycer.com\/busines-lines\/"},{"@type":"ListItem","position":3,"name":"IN\u017dENJERING"}]},{"@type":"WebSite","@id":"https:\/\/energycer.com\/#website","url":"https:\/\/energycer.com\/","name":"Circular Energy Resources Ltd.","description":"","potentialAction":[{"@type":"SearchAction","target":{"@type":"EntryPoint","urlTemplate":"https:\/\/energycer.com\/?s={search_term_string}"},"query-input":"required name=search_term_string"}],"inLanguage":"hr"}]}},"_links":{"self":[{"href":"https:\/\/energycer.com\/hr\/wp-json\/wp\/v2\/pages\/2715"}],"collection":[{"href":"https:\/\/energycer.com\/hr\/wp-json\/wp\/v2\/pages"}],"about":[{"href":"https:\/\/energycer.com\/hr\/wp-json\/wp\/v2\/types\/page"}],"author":[{"embeddable":true,"href":"https:\/\/energycer.com\/hr\/wp-json\/wp\/v2\/users\/1"}],"replies":[{"embeddable":true,"href":"https:\/\/energycer.com\/hr\/wp-json\/wp\/v2\/comments?post=2715"}],"version-history":[{"count":3,"href":"https:\/\/energycer.com\/hr\/wp-json\/wp\/v2\/pages\/2715\/revisions"}],"predecessor-version":[{"id":2863,"href":"https:\/\/energycer.com\/hr\/wp-json\/wp\/v2\/pages\/2715\/revisions\/2863"}],"up":[{"embeddable":true,"href":"https:\/\/energycer.com\/hr\/wp-json\/wp\/v2\/pages\/2714"}],"wp:featuredmedia":[{"embeddable":true,"href":"https:\/\/energycer.com\/hr\/wp-json\/wp\/v2\/media\/2950"}],"wp:attachment":[{"href":"https:\/\/energycer.com\/hr\/wp-json\/wp\/v2\/media?parent=2715"}],"curies":[{"name":"wp","href":"https:\/\/api.w.org\/{rel}","templated":true}]}}