{"id":2713,"date":"2018-03-20T10:02:17","date_gmt":"2018-03-20T09:02:17","guid":{"rendered":"http:\/\/localhost\/energycer.codeart.studio\/project\/about-us\/"},"modified":"2023-12-14T14:15:35","modified_gmt":"2023-12-14T13:15:35","slug":"o-nama","status":"publish","type":"page","link":"https:\/\/energycer.com\/hr\/o-nama\/","title":{"rendered":"O nama"},"content":{"rendered":"\n<h3 class=\"wp-block-heading\">Tvrtka Circular Energy Resources Ltd. osnovana je na premisi da se energija u potpunosti treba proizvoditi iz obnovljivih izvora.<\/h3>\n\n\n\n<p>Specijalizirani smo za projektiranje, razvoj, proizvodnju i pu\u0161tanje u rad kotlova i kogeneracijskih postrojenja koja koriste biomasu i otpad kao izvore energije za daljinsko grijanje ili kao gorivo u industrijskim i proizvodnim procesima.&nbsp;U bliskoj suradnji s na\u0161im partnerom TERMOSUN-om proveli smo vi\u0161e od 3000 uspje\u0161nih projekata u 8 razli\u010ditih zemalja diljem svijeta, proizvode\u0107i vi\u0161e od 1500 MW \u010diste energije.<\/p>\n\n\n\n<p>U sektoru obnovljive energije tako\u0111er smo klju\u010dni pru\u017eatelj usluga savjetovanja, razvoja i upravljanja za vjetroelektrane i solarne elektrane, s dokazanim iskustvom koje se\u017ee od malih lokalnih inovacijskih projekata do strate\u0161kih projekata na me\u0111unarodnoj razini.<\/p>\n\n\n\n<p>Osim u sektoru obnovljivih izvora energije, na\u0161 odjel in\u017eenjeringa nudi usluge savjetovanja i upravljanja projektima u sektoru niskogradnje i arhitekture.<\/p>\n\n\n\n<p>U sektoru niskogradnje imamo veliko iskustvo u upravljanju, koordinaciji i nadzoru izgradnje infrastrukturnih projekata kao \u0161to su cjevovodi, luke, ceste, tuneli, hidrotuneli, gradska vodoopskrbna postrojenja i postrojenja za pro\u010di\u0161\u0107avanje otpadnih voda, brane i crpne stanice.&nbsp;U sektoru graditeljstva provodili smo projektno vo\u0111enje i nadzor radova na izgradnji zra\u010dnih luka, stambenih i poslovnih zgrada, hotela i medicinskih centara.<\/p>\n\n\n\n<p>Godine me\u0111unarodne suradnje donijele su nam partnerstva i umre\u017eavanje s tvrtkama svjetske klase, \u0161to nam je omogu\u0107ilo da ispunimo zahtjeve za gotovo svaki aspekt oba sektora.<\/p>\n\n\n\n<div class=\"wp-block-columns is-layout-flex wp-container-core-columns-layout-1 wp-block-columns-is-layout-flex\">\n<div class=\"wp-block-column is-layout-flow wp-block-column-is-layout-flow\">\n<figure class=\"wp-block-image size-large\"><img loading=\"lazy\" decoding=\"async\" width=\"1024\" height=\"683\" src=\"http:\/\/energycer.com\/cms\/wp-content\/uploads\/2023\/12\/sl1-1024x683.jpg\" alt=\"\" class=\"wp-image-2204\" srcset=\"https:\/\/energycer.com\/cms\/wp-content\/uploads\/2023\/12\/sl1-1024x683.jpg 1024w, https:\/\/energycer.com\/cms\/wp-content\/uploads\/2023\/12\/sl1-300x200.jpg 300w, https:\/\/energycer.com\/cms\/wp-content\/uploads\/2023\/12\/sl1-768x512.jpg 768w, https:\/\/energycer.com\/cms\/wp-content\/uploads\/2023\/12\/sl1-1536x1024.jpg 1536w, https:\/\/energycer.com\/cms\/wp-content\/uploads\/2023\/12\/sl1.jpg 1600w\" sizes=\"(max-width: 1024px) 100vw, 1024px\" \/><\/figure>\n<\/div>\n\n\n\n<div class=\"wp-block-column is-layout-flow wp-block-column-is-layout-flow\">\n<h3 class=\"wp-block-heading\">NA\u0160 POGLED<\/h3>\n\n\n\n<p>Razvoj tehnologije i implementacija kru\u017enih izvora energije koji se redovito obnavljaju osiguravaju\u0107i odr\u017eivi razvoj i ekolo\u0161ki \u010distu budu\u0107nost za generacije koje \u0107e naslijediti na\u0161 planet.<br><\/p>\n\n\n\n<h3 class=\"wp-block-heading\">NA\u0160A MISIJA<\/h3>\n\n\n\n<p>Na\u0161a misija je kontinuirani razvoj i implementacija tehnologija i rje\u0161enja koja koriste kru\u017ene resurse, stvaraju\u0107i anga\u017eman za odr\u017eivi razvoj s krajnjim ciljem davanja doprinosa teku\u0107oj revoluciji 21. stolje\u0107a \u010diji je kona\u010dni cilj globalno kori\u0161tenje obnovljivih izvora energije i uspostavu kru\u017enog gospodarstva.<\/p>\n<\/div>\n<\/div>\n","protected":false},"excerpt":{"rendered":"<p>Tvrtka Circular Energy Resources Ltd. osnovana je na premisi da se energija u potpunosti treba proizvoditi iz obnovljivih izvora. Specijalizirani smo za projektiranje, razvoj, proizvodnju i pu\u0161tanje u rad kotlova i kogeneracijskih postrojenja koja koriste biomasu i otpad kao izvore energije za daljinsko grijanje ili kao gorivo u industrijskim i proizvodnim procesima.&nbsp;U bliskoj suradnji s&hellip;<\/p>\n","protected":false},"author":1,"featured_media":0,"parent":0,"menu_order":0,"comment_status":"closed","ping_status":"closed","template":"","meta":{"footnotes":""},"acf":[],"yoast_head":"<!-- This site is optimized with the Yoast SEO plugin v21.7 - https:\/\/yoast.com\/wordpress\/plugins\/seo\/ -->\n<title>O nama - Circular Energy Resources Ltd.<\/title>\n<meta name=\"description\" content=\"Tvrtka Circular Energy Resources Ltd. osnovana je na premisi da se energija u potpunosti treba proizvoditi iz obnovljivih izvora. Specijalizirani smo za\" \/>\n<meta name=\"robots\" content=\"index, follow, max-snippet:-1, max-image-preview:large, max-video-preview:-1\" \/>\n<link rel=\"canonical\" href=\"https:\/\/energycer.com\/hr\/o-nama\/\" \/>\n<meta property=\"og:locale\" content=\"hr_HR\" \/>\n<meta property=\"og:type\" content=\"article\" \/>\n<meta property=\"og:title\" content=\"O nama - Circular Energy Resources Ltd.\" \/>\n<meta property=\"og:description\" content=\"Tvrtka Circular Energy Resources Ltd. osnovana je na premisi da se energija u potpunosti treba proizvoditi iz obnovljivih izvora. Specijalizirani smo za\" \/>\n<meta property=\"og:url\" content=\"https:\/\/energycer.com\/hr\/o-nama\/\" \/>\n<meta property=\"og:site_name\" content=\"Circular Energy Resources Ltd.\" \/>\n<meta property=\"article:modified_time\" content=\"2023-12-14T13:15:35+00:00\" \/>\n<meta property=\"og:image\" content=\"http:\/\/energycer.com\/cms\/wp-content\/uploads\/2023\/12\/sl1-1024x683.jpg\" \/>\n<meta name=\"twitter:card\" content=\"summary_large_image\" \/>\n<meta name=\"twitter:label1\" content=\"Procijenjeno vrijeme \u010ditanja\" \/>\n\t<meta name=\"twitter:data1\" content=\"2 minute\" \/>\n<script type=\"application\/ld+json\" class=\"yoast-schema-graph\">{\"@context\":\"https:\/\/schema.org\",\"@graph\":[{\"@type\":\"WebPage\",\"@id\":\"https:\/\/energycer.com\/hr\/o-nama\/\",\"url\":\"https:\/\/energycer.com\/hr\/o-nama\/\",\"name\":\"O nama - Circular Energy Resources Ltd.\",\"isPartOf\":{\"@id\":\"https:\/\/energycer.com\/#website\"},\"datePublished\":\"2018-03-20T09:02:17+00:00\",\"dateModified\":\"2023-12-14T13:15:35+00:00\",\"description\":\"Tvrtka Circular Energy Resources Ltd. osnovana je na premisi da se energija u potpunosti treba proizvoditi iz obnovljivih izvora. Specijalizirani smo za\",\"breadcrumb\":{\"@id\":\"https:\/\/energycer.com\/hr\/o-nama\/#breadcrumb\"},\"inLanguage\":\"hr\",\"potentialAction\":[{\"@type\":\"ReadAction\",\"target\":[\"https:\/\/energycer.com\/hr\/o-nama\/\"]}]},{\"@type\":\"BreadcrumbList\",\"@id\":\"https:\/\/energycer.com\/hr\/o-nama\/#breadcrumb\",\"itemListElement\":[{\"@type\":\"ListItem\",\"position\":1,\"name\":\"\",\"item\":\"https:\/\/energycer.com\/hr\/\"},{\"@type\":\"ListItem\",\"position\":2,\"name\":\"O nama\"}]},{\"@type\":\"WebSite\",\"@id\":\"https:\/\/energycer.com\/#website\",\"url\":\"https:\/\/energycer.com\/\",\"name\":\"Circular Energy Resources Ltd.\",\"description\":\"\",\"potentialAction\":[{\"@type\":\"SearchAction\",\"target\":{\"@type\":\"EntryPoint\",\"urlTemplate\":\"https:\/\/energycer.com\/?s={search_term_string}\"},\"query-input\":\"required name=search_term_string\"}],\"inLanguage\":\"hr\"}]}<\/script>\n<!-- \/ Yoast SEO plugin. -->","yoast_head_json":{"title":"O nama - Circular Energy Resources Ltd.","description":"Tvrtka Circular Energy Resources Ltd. osnovana je na premisi da se energija u potpunosti treba proizvoditi iz obnovljivih izvora. Specijalizirani smo za","robots":{"index":"index","follow":"follow","max-snippet":"max-snippet:-1","max-image-preview":"max-image-preview:large","max-video-preview":"max-video-preview:-1"},"canonical":"https:\/\/energycer.com\/hr\/o-nama\/","og_locale":"hr_HR","og_type":"article","og_title":"O nama - Circular Energy Resources Ltd.","og_description":"Tvrtka Circular Energy Resources Ltd. osnovana je na premisi da se energija u potpunosti treba proizvoditi iz obnovljivih izvora. Specijalizirani smo za","og_url":"https:\/\/energycer.com\/hr\/o-nama\/","og_site_name":"Circular Energy Resources Ltd.","article_modified_time":"2023-12-14T13:15:35+00:00","og_image":[{"url":"http:\/\/energycer.com\/cms\/wp-content\/uploads\/2023\/12\/sl1-1024x683.jpg"}],"twitter_card":"summary_large_image","twitter_misc":{"Procijenjeno vrijeme \u010ditanja":"2 minute"},"schema":{"@context":"https:\/\/schema.org","@graph":[{"@type":"WebPage","@id":"https:\/\/energycer.com\/hr\/o-nama\/","url":"https:\/\/energycer.com\/hr\/o-nama\/","name":"O nama - Circular Energy Resources Ltd.","isPartOf":{"@id":"https:\/\/energycer.com\/#website"},"datePublished":"2018-03-20T09:02:17+00:00","dateModified":"2023-12-14T13:15:35+00:00","description":"Tvrtka Circular Energy Resources Ltd. osnovana je na premisi da se energija u potpunosti treba proizvoditi iz obnovljivih izvora. Specijalizirani smo za","breadcrumb":{"@id":"https:\/\/energycer.com\/hr\/o-nama\/#breadcrumb"},"inLanguage":"hr","potentialAction":[{"@type":"ReadAction","target":["https:\/\/energycer.com\/hr\/o-nama\/"]}]},{"@type":"BreadcrumbList","@id":"https:\/\/energycer.com\/hr\/o-nama\/#breadcrumb","itemListElement":[{"@type":"ListItem","position":1,"name":"","item":"https:\/\/energycer.com\/hr\/"},{"@type":"ListItem","position":2,"name":"O nama"}]},{"@type":"WebSite","@id":"https:\/\/energycer.com\/#website","url":"https:\/\/energycer.com\/","name":"Circular Energy Resources Ltd.","description":"","potentialAction":[{"@type":"SearchAction","target":{"@type":"EntryPoint","urlTemplate":"https:\/\/energycer.com\/?s={search_term_string}"},"query-input":"required name=search_term_string"}],"inLanguage":"hr"}]}},"_links":{"self":[{"href":"https:\/\/energycer.com\/hr\/wp-json\/wp\/v2\/pages\/2713"}],"collection":[{"href":"https:\/\/energycer.com\/hr\/wp-json\/wp\/v2\/pages"}],"about":[{"href":"https:\/\/energycer.com\/hr\/wp-json\/wp\/v2\/types\/page"}],"author":[{"embeddable":true,"href":"https:\/\/energycer.com\/hr\/wp-json\/wp\/v2\/users\/1"}],"replies":[{"embeddable":true,"href":"https:\/\/energycer.com\/hr\/wp-json\/wp\/v2\/comments?post=2713"}],"version-history":[{"count":2,"href":"https:\/\/energycer.com\/hr\/wp-json\/wp\/v2\/pages\/2713\/revisions"}],"predecessor-version":[{"id":2853,"href":"https:\/\/energycer.com\/hr\/wp-json\/wp\/v2\/pages\/2713\/revisions\/2853"}],"wp:attachment":[{"href":"https:\/\/energycer.com\/hr\/wp-json\/wp\/v2\/media?parent=2713"}],"curies":[{"name":"wp","href":"https:\/\/api.w.org\/{rel}","templated":true}]}}